{"id":74569,"date":"2025-03-03T17:13:16","date_gmt":"2025-03-03T17:13:16","guid":{"rendered":"https:\/\/brandss.com.py\/index\/?post_type=product&#038;p=74569"},"modified":"2025-05-29T10:40:47","modified_gmt":"2025-05-29T10:40:47","slug":"calzado-casual-femenino-converse-all-star","status":"publish","type":"product","link":"https:\/\/brandss.com.py\/index\/producto\/calzado-casual-femenino-converse-all-star\/","title":{"rendered":"CALZADO CASUAL FEMENINO CONVERSE ALL STAR"},"content":{"rendered":"<p><img loading=\"lazy\" decoding=\"async\" class=\"\" src=\"https:\/\/upload.wikimedia.org\/wikipedia\/commons\/thumb\/3\/30\/Converse_logo.svg\/2560px-Converse_logo.svg.png\" alt=\"Archivo:Converse logo.svg - Wikipedia, la enciclopedia libre\" width=\"348\" height=\"234\" \/><\/p>\n<h1>A00876C<\/h1>\n<p data-start=\"0\" data-end=\"344\"><span>Las <\/span><strong data-start=\"4\" data-end=\"79\"><span>Zapatillas Converse Casual Chuck Taylor All Star Lugged 2.0 Desert Camo<\/span><\/strong><span> son la combinaci\u00f3n perfecta entre el cl\u00e1sico estilo de Converse y un dise\u00f1o robusto e innovador. Inspirados en la silueta atemporal de las Chuck Taylor, este modelo <\/span><strong data-start=\"245\" data-end=\"259\"><span>Lugged 2.0<\/span><\/strong><span> eleva el concepto de calzado urbano con una suela resistente y una est\u00e9tica audaz.<\/span><\/p>\n<h3 data-start=\"346\" data-end=\"375\"><strong data-start=\"350\" data-end=\"373\"><span>Dise\u00f1o y materiales<\/span><\/strong><\/h3>\n<p data-start=\"376\" data-end=\"679\"><span>Este modelo se caracteriza por su <\/span><strong data-start=\"410\" data-end=\"435\"><span>estampado Desert Camo<\/span><\/strong><span> , un dise\u00f1o de camuflaje inspirado en los tonos terrosos del desierto, ideal para quienes buscan un look atrevido y aut\u00e9ntico. La parte superior est\u00e1 confeccionada en <\/span><strong data-start=\"602\" data-end=\"621\"><span>lona resistente<\/span><\/strong><span> , asegurando durabilidad y comodidad para el uso diario.<\/span><\/p>\n<h3 data-start=\"681\" data-end=\"714\"><strong data-start=\"685\" data-end=\"712\"><span>Comodidad y rendimiento<\/span><\/strong><\/h3>\n<ul data-start=\"715\" data-end=\"1050\">\n<li data-start=\"715\" data-end=\"875\"><strong data-start=\"717\" data-end=\"751\"><span>Suela de plataforma Lugged 2.0<\/span><\/strong><span> : Suela gruesa de goma con un patr\u00f3n de tracci\u00f3n mejorado que brinda mayor agarre y estabilidad en diferentes superficies.<\/span><\/li>\n<li data-start=\"876\" data-end=\"954\"><strong data-start=\"878\" data-end=\"902\"><span>Entresuela acolchada<\/span><\/strong><span> : Dise\u00f1ada para proporcionar comodidad en cada paso.<\/span><\/li>\n<li data-start=\"955\" data-end=\"1050\"><strong data-start=\"957\" data-end=\"983\"><span>Ca\u00f1a alta con cordones<\/span><\/strong><span> : Brinda un ajuste seguro y un soporte adicional para el tobillo.<\/span><\/li>\n<\/ul>\n<h3 data-start=\"1052\" data-end=\"1082\"><strong data-start=\"1056\" data-end=\"1080\"><span>Detalles adicionales<\/span><\/strong><\/h3>\n<ul data-start=\"1083\" data-end=\"1277\">\n<li data-start=\"1083\" data-end=\"1140\"><span>Logotipo cl\u00e1sico <\/span><strong data-start=\"1098\" data-end=\"1123\"><span>Chuck Taylor All Star<\/span><\/strong><span> en el lateral.<\/span><\/li>\n<li data-start=\"1141\" data-end=\"1220\"><span>Ojales met\u00e1licos que refuerzan la estructura y aportan un toque distintivo.<\/span><\/li>\n<li data-start=\"1221\" data-end=\"1277\"><span>Puntera de goma para mayor protecci\u00f3n y durabilidad.<\/span><\/li>\n<\/ul>\n<p data-start=\"1279\" data-end=\"1523\" data-is-last-node=\"\" data-is-only-node=\"\"><span>Las <\/span><strong data-start=\"1283\" data-end=\"1331\"><span>Chuck Taylor All Star Lugged 2.0 Desert Camo<\/span><\/strong><span> son perfectas para quienes buscan una zapatilla vers\u00e1til, con una est\u00e9tica ruda y moderna, sin perder la esencia ic\u00f3nica de Converse. Un modelo dise\u00f1ado para destacar en la ciudad y m\u00e1s all\u00e1.<\/span><\/p>\n","protected":false},"excerpt":{"rendered":"<p>A00876C Las Zapatillas Converse Casual Chuck Taylor All Star Lugged 2.0 Desert Camo son la combinaci\u00f3n perfecta entre el cl\u00e1sico<\/p>\n","protected":false},"featured_media":74574,"comment_status":"open","ping_status":"closed","template":"","meta":{"nf_dc_page":""},"product_brand":[],"product_cat":[73],"product_tag":[],"class_list":{"0":"post-74569","1":"product","2":"type-product","3":"status-publish","4":"has-post-thumbnail","6":"product_cat-femenino","8":"first","9":"instock","10":"shipping-taxable","11":"purchasable","12":"product-type-simple"},"_links":{"self":[{"href":"https:\/\/brandss.com.py\/index\/wp-json\/wp\/v2\/product\/74569","targetHints":{"allow":["GET"]}}],"collection":[{"href":"https:\/\/brandss.com.py\/index\/wp-json\/wp\/v2\/product"}],"about":[{"href":"https:\/\/brandss.com.py\/index\/wp-json\/wp\/v2\/types\/product"}],"replies":[{"embeddable":true,"href":"https:\/\/brandss.com.py\/index\/wp-json\/wp\/v2\/comments?post=74569"}],"version-history":[{"count":1,"href":"https:\/\/brandss.com.py\/index\/wp-json\/wp\/v2\/product\/74569\/revisions"}],"predecessor-version":[{"id":74580,"href":"https:\/\/brandss.com.py\/index\/wp-json\/wp\/v2\/product\/74569\/revisions\/74580"}],"wp:featuredmedia":[{"embeddable":true,"href":"https:\/\/brandss.com.py\/index\/wp-json\/wp\/v2\/media\/74574"}],"wp:attachment":[{"href":"https:\/\/brandss.com.py\/index\/wp-json\/wp\/v2\/media?parent=74569"}],"wp:term":[{"taxonomy":"product_brand","embeddable":true,"href":"https:\/\/brandss.com.py\/index\/wp-json\/wp\/v2\/product_brand?post=74569"},{"taxonomy":"product_cat","embeddable":true,"href":"https:\/\/brandss.com.py\/index\/wp-json\/wp\/v2\/product_cat?post=74569"},{"taxonomy":"product_tag","embeddable":true,"href":"https:\/\/brandss.com.py\/index\/wp-json\/wp\/v2\/product_tag?post=74569"}],"curies":[{"name":"wp","href":"https:\/\/api.w.org\/{rel}","templated":true}]}}