{"id":74585,"date":"2025-03-03T17:35:11","date_gmt":"2025-03-03T17:35:11","guid":{"rendered":"https:\/\/brandss.com.py\/index\/?post_type=product&#038;p=74585"},"modified":"2025-03-03T17:36:03","modified_gmt":"2025-03-03T17:36:03","slug":"calcetin-deportivo-infantil-umbro-diamond","status":"publish","type":"product","link":"https:\/\/brandss.com.py\/index\/producto\/calcetin-deportivo-infantil-umbro-diamond\/","title":{"rendered":"CALCET\u00cdN DEPORTIVO INFANTIL UMBRO DIAMOND"},"content":{"rendered":"<p><img loading=\"lazy\" decoding=\"async\" class=\"\" src=\"https:\/\/upload.wikimedia.org\/wikipedia\/commons\/b\/b7\/Logo_Umbro.png\" alt=\"Archivo:Logo Umbro.png - Wikipedia, la enciclopedia libre\" width=\"124\" height=\"83\" \/><\/p>\n<h1>DIAMOND<\/h1>\n<div class=\"vtex-flex-layout-0-x-flexColChild vtex-flex-layout-0-x-flexColChild--details-product pb0\">\n<div class=\"vtex-store-components-3-x-productDescriptionContainer\">\n<div class=\"vtex-store-components-3-x-productDescriptionText c-muted-1\">\n<div class=\"vtex-store-components-3-x-container relative\">\n<div class=\"vtex-store-components-3-x-content h-auto\"><span>Ideales para actividades deportivas o uso diario, proporcionando la m\u00e1xima comodidad y estilo, los calcetines infantiles Umbro est\u00e1n fabricados en poliamida con elastano y el pie est\u00e1 fabricado en algod\u00f3n. Tiene el logo de Umbro en color contrastante en la parte delantera. Parte trasera de la pierna y empeine texturizados y transpirables. Pu\u00f1o acanalado. Tac\u00f3n verdadero y tensi\u00f3n en la suela y el tobillo.<\/span><\/div>\n<\/div>\n<\/div>\n<\/div>\n<\/div>\n<div class=\"vtex-flex-layout-0-x-flexColChild vtex-flex-layout-0-x-flexColChild--details-product pb0\"><\/div>\n<div>G\u00e9nero: Infantil.<br \/>\nColor: Negro.<br \/>\nComposici\u00f3n: 58% Poliamida, 41% Algod\u00f3n, 1% Elastano.<\/div>\n<div class=\"vtex-flex-layout-0-x-flexColChild vtex-flex-layout-0-x-flexColChild--details-product pb0\"><span class=\"vtex-product-identifier-0-x-product-identifier vtex-product-identifier-0-x-product-identifier--productReference c-muted-1\"><span class=\"vtex-product-identifier-0-x-product-identifier__label\"><span>Modelo<\/span><\/span><span class=\"vtex-product-identifier-0-x-product-identifier__separator\"><span>:\u00a0<\/span><\/span><span class=\"vtex-product-identifier-0-x-product-identifier__value\"><span>U24TW007-111.<\/span><\/span><\/span><\/div>\n","protected":false},"excerpt":{"rendered":"<p>DIAMOND Ideales para actividades deportivas o uso diario, proporcionando la m\u00e1xima comodidad y estilo, los calcetines infantiles Umbro est\u00e1n fabricados<\/p>\n","protected":false},"featured_media":74591,"comment_status":"open","ping_status":"closed","template":"","meta":{"nf_dc_page":""},"product_brand":[],"product_cat":[75],"product_tag":[],"class_list":{"0":"post-74585","1":"product","2":"type-product","3":"status-publish","4":"has-post-thumbnail","6":"product_cat-infantil","8":"first","9":"instock","10":"shipping-taxable","11":"purchasable","12":"product-type-simple"},"_links":{"self":[{"href":"https:\/\/brandss.com.py\/index\/wp-json\/wp\/v2\/product\/74585","targetHints":{"allow":["GET"]}}],"collection":[{"href":"https:\/\/brandss.com.py\/index\/wp-json\/wp\/v2\/product"}],"about":[{"href":"https:\/\/brandss.com.py\/index\/wp-json\/wp\/v2\/types\/product"}],"replies":[{"embeddable":true,"href":"https:\/\/brandss.com.py\/index\/wp-json\/wp\/v2\/comments?post=74585"}],"version-history":[{"count":1,"href":"https:\/\/brandss.com.py\/index\/wp-json\/wp\/v2\/product\/74585\/revisions"}],"predecessor-version":[{"id":74593,"href":"https:\/\/brandss.com.py\/index\/wp-json\/wp\/v2\/product\/74585\/revisions\/74593"}],"wp:featuredmedia":[{"embeddable":true,"href":"https:\/\/brandss.com.py\/index\/wp-json\/wp\/v2\/media\/74591"}],"wp:attachment":[{"href":"https:\/\/brandss.com.py\/index\/wp-json\/wp\/v2\/media?parent=74585"}],"wp:term":[{"taxonomy":"product_brand","embeddable":true,"href":"https:\/\/brandss.com.py\/index\/wp-json\/wp\/v2\/product_brand?post=74585"},{"taxonomy":"product_cat","embeddable":true,"href":"https:\/\/brandss.com.py\/index\/wp-json\/wp\/v2\/product_cat?post=74585"},{"taxonomy":"product_tag","embeddable":true,"href":"https:\/\/brandss.com.py\/index\/wp-json\/wp\/v2\/product_tag?post=74585"}],"curies":[{"name":"wp","href":"https:\/\/api.w.org\/{rel}","templated":true}]}}