{"id":74594,"date":"2025-03-03T17:39:32","date_gmt":"2025-03-03T17:39:32","guid":{"rendered":"https:\/\/brandss.com.py\/index\/?post_type=product&#038;p=74594"},"modified":"2026-04-11T13:24:28","modified_gmt":"2026-04-11T13:24:28","slug":"sujetador-deportivo-reebok-femenino-wor-camo-bra","status":"publish","type":"product","link":"https:\/\/brandss.com.py\/index\/producto\/sujetador-deportivo-reebok-femenino-wor-camo-bra\/","title":{"rendered":"SUJETADOR DEPORTIVO REEBOK FEMENINO WOR-CAMO-BRA"},"content":{"rendered":"<p><img loading=\"lazy\" decoding=\"async\" class=\"\" src=\"https:\/\/logodownload.org\/wp-content\/uploads\/2017\/06\/reebok-logo-5.png\" alt=\"Reebok Logo - PNG y Vector\" width=\"298\" height=\"150\" \/><\/p>\n<h1>HT4929<\/h1>\n<div class=\"flex max-w-full flex-col flex-grow\">\n<div class=\"min-h-8 text-message relative flex w-full flex-col items-end gap-2 whitespace-normal break-words text-start [.text-message+&amp;]:mt-5\" dir=\"auto\" data-message-author-role=\"assistant\" data-message-id=\"54e91d19-caf1-4a2d-af30-c1be6425ad9e\" data-message-model-slug=\"gpt-4o\">\n<div class=\"flex w-full flex-col gap-1 empty:hidden first:pt-[3px]\">\n<div class=\"markdown prose w-full break-words dark:prose-invert light\">\n<p data-start=\"0\" data-end=\"267\"><span>El <\/span><strong data-start=\"3\" data-end=\"26\"><span>Reebok WOR Camo Bra<\/span><\/strong><span> es un deportivo dise\u00f1ado para ofrecer <\/span><strong data-start=\"75\" data-end=\"106\"><span>soporte, comodidad sujetador y estilo<\/span><\/strong><span> durante tus entrenamientos. Con un estampado de camuflaje moderno y llamativo, este sujetador combina rendimiento y moda, permiti\u00e9ndote moverte con total confianza.<\/span><\/p>\n<h3 data-start=\"269\" data-end=\"307\"><strong data-start=\"273\" data-end=\"305\"><span>Caracter\u00edsticas principales:<\/span><\/strong><\/h3>\n<ul data-start=\"308\" data-end=\"904\">\n<li data-start=\"308\" data-end=\"439\"><strong data-start=\"310\" data-end=\"327\"><span>Soporte medio<\/span><\/strong><span> : Ideal para entrenamientos de intensidad moderada como <\/span><strong data-start=\"383\" data-end=\"436\"><span>yoga, pilates, ciclismo o entrenamiento funcional<\/span><\/strong><span> .<\/span><\/li>\n<li data-start=\"440\" data-end=\"583\"><strong data-start=\"442\" data-end=\"467\"><span>Material transpirable<\/span><\/strong><span> : Fabricado con tejidos de alto rendimiento que absorben la humedad y mantienen la piel seca durante el ejercicio.<\/span><\/li>\n<li data-start=\"584\" data-end=\"676\"><strong data-start=\"586\" data-end=\"617\"><span>Dise\u00f1o de espalda deportiva<\/span><\/strong><span> : Brinda mayor libertad de movimiento y un ajuste seguro.<\/span><\/li>\n<li data-start=\"677\" data-end=\"774\"><strong data-start=\"679\" data-end=\"706\"><span>Banda el\u00e1stica inferior<\/span><\/strong><span> : Asegura y comodidad en cada repetici\u00f3n o movimiento.<\/span><\/li>\n<li data-start=\"775\" data-end=\"904\"><strong data-start=\"777\" data-end=\"808\"><span>Estampado camuflaje moderno<\/span><\/strong><span> : Un dise\u00f1o audaz y vers\u00e1til que refleja tu energ\u00eda y estilo en el gimnasio o en el d\u00eda a d\u00eda.<\/span><\/li>\n<\/ul>\n<p data-start=\"906\" data-end=\"1122\" data-is-last-node=\"\" data-is-only-node=\"\"><span>El <\/span><strong data-start=\"909\" data-end=\"932\"><span>Reebok WOR Camo Bra<\/span><\/strong><span> es la elecci\u00f3n perfecta para mujeres activas que buscan <\/span><strong data-start=\"989\" data-end=\"1032\"><span>rendimiento y estilo en una sola prenda<\/span><\/strong><span> . Comb\u00ednalo con leggings o shorts deportivos para un look impecable en cada entrenamiento.<\/span><\/p>\n<\/div>\n<\/div>\n<\/div>\n<\/div>\n","protected":false},"excerpt":{"rendered":"<p>HT4929 El Reebok WOR Camo Bra es un deportivo dise\u00f1ado para ofrecer soporte, comodidad sujetador y estilo durante tus entrenamientos.<\/p>\n","protected":false},"featured_media":74595,"comment_status":"open","ping_status":"closed","template":"","meta":{"nf_dc_page":""},"product_brand":[],"product_cat":[73],"product_tag":[],"class_list":{"0":"post-74594","1":"product","2":"type-product","3":"status-publish","4":"has-post-thumbnail","6":"product_cat-femenino","8":"first","9":"outofstock","10":"shipping-taxable","11":"purchasable","12":"product-type-simple"},"_links":{"self":[{"href":"https:\/\/brandss.com.py\/index\/wp-json\/wp\/v2\/product\/74594","targetHints":{"allow":["GET"]}}],"collection":[{"href":"https:\/\/brandss.com.py\/index\/wp-json\/wp\/v2\/product"}],"about":[{"href":"https:\/\/brandss.com.py\/index\/wp-json\/wp\/v2\/types\/product"}],"replies":[{"embeddable":true,"href":"https:\/\/brandss.com.py\/index\/wp-json\/wp\/v2\/comments?post=74594"}],"version-history":[{"count":1,"href":"https:\/\/brandss.com.py\/index\/wp-json\/wp\/v2\/product\/74594\/revisions"}],"predecessor-version":[{"id":74601,"href":"https:\/\/brandss.com.py\/index\/wp-json\/wp\/v2\/product\/74594\/revisions\/74601"}],"wp:featuredmedia":[{"embeddable":true,"href":"https:\/\/brandss.com.py\/index\/wp-json\/wp\/v2\/media\/74595"}],"wp:attachment":[{"href":"https:\/\/brandss.com.py\/index\/wp-json\/wp\/v2\/media?parent=74594"}],"wp:term":[{"taxonomy":"product_brand","embeddable":true,"href":"https:\/\/brandss.com.py\/index\/wp-json\/wp\/v2\/product_brand?post=74594"},{"taxonomy":"product_cat","embeddable":true,"href":"https:\/\/brandss.com.py\/index\/wp-json\/wp\/v2\/product_cat?post=74594"},{"taxonomy":"product_tag","embeddable":true,"href":"https:\/\/brandss.com.py\/index\/wp-json\/wp\/v2\/product_tag?post=74594"}],"curies":[{"name":"wp","href":"https:\/\/api.w.org\/{rel}","templated":true}]}}