{"id":74606,"date":"2025-03-03T18:09:47","date_gmt":"2025-03-03T18:09:47","guid":{"rendered":"https:\/\/brandss.com.py\/index\/?post_type=product&#038;p=74606"},"modified":"2025-03-03T18:10:22","modified_gmt":"2025-03-03T18:10:22","slug":"calcetin-deportivo-infantil-umbro-diamond-3","status":"publish","type":"product","link":"https:\/\/brandss.com.py\/index\/producto\/calcetin-deportivo-infantil-umbro-diamond-3\/","title":{"rendered":"CALCET\u00cdN DEPORTIVO INFANTIL UMBRO DIAMOND"},"content":{"rendered":"<p><img loading=\"lazy\" decoding=\"async\" class=\"\" src=\"https:\/\/upload.wikimedia.org\/wikipedia\/commons\/b\/b7\/Logo_Umbro.png\" alt=\"Archivo:Logo Umbro.png - Wikipedia, la enciclopedia libre\" width=\"105\" height=\"70\" \/><\/p>\n<h1>DIAMOND<\/h1>\n<div class=\"vtex-flex-layout-0-x-flexColChild vtex-flex-layout-0-x-flexColChild--details-product pb0\">\n<div class=\"vtex-store-components-3-x-productDescriptionContainer\">\n<div class=\"vtex-store-components-3-x-productDescriptionText c-muted-1\">\n<div class=\"vtex-store-components-3-x-container relative\">\n<div class=\"vtex-store-components-3-x-content h-auto\"><span>Calcetines infantiles fabricados en poliamida con elastano con pie de algod\u00f3n. Tiene el logo de Umbro en color contrastante en la parte delantera. Parte trasera de la pierna y empeine texturizados con transpirabilidad. Pu\u00f1o acanalado. Tac\u00f3n verdadero y tensi\u00f3n en la suela y el tobillo.<\/span><\/div>\n<\/div>\n<\/div>\n<\/div>\n<\/div>\n<div class=\"vtex-flex-layout-0-x-flexColChild vtex-flex-layout-0-x-flexColChild--details-product pb0\"><\/div>\n<p>G\u00e9nero: Infantil.<\/p>\n<p>Color: Azul.<\/p>\n<p>Composici\u00f3n: 58% Poliamida, 41% Algod\u00f3n, 1% Elastano.<\/p>\n<p><span class=\"vtex-product-identifier-0-x-product-identifier vtex-product-identifier-0-x-product-identifier--productReference c-muted-1\"><span class=\"vtex-product-identifier-0-x-product-identifier__label\"><span>Modelo<\/span><\/span><span class=\"vtex-product-identifier-0-x-product-identifier__separator\"><span>:\u00a0<\/span><\/span><span class=\"vtex-product-identifier-0-x-product-identifier__value\"><span>U24TW007-333.<\/span><\/span><\/span><\/p>\n","protected":false},"excerpt":{"rendered":"<p>DIAMOND Calcetines infantiles fabricados en poliamida con elastano con pie de algod\u00f3n. Tiene el logo de Umbro en color contrastante<\/p>\n","protected":false},"featured_media":74607,"comment_status":"open","ping_status":"closed","template":"","meta":{"nf_dc_page":""},"product_brand":[],"product_cat":[75],"product_tag":[],"class_list":{"0":"post-74606","1":"product","2":"type-product","3":"status-publish","4":"has-post-thumbnail","6":"product_cat-infantil","8":"first","9":"instock","10":"shipping-taxable","11":"purchasable","12":"product-type-simple"},"_links":{"self":[{"href":"https:\/\/brandss.com.py\/index\/wp-json\/wp\/v2\/product\/74606","targetHints":{"allow":["GET"]}}],"collection":[{"href":"https:\/\/brandss.com.py\/index\/wp-json\/wp\/v2\/product"}],"about":[{"href":"https:\/\/brandss.com.py\/index\/wp-json\/wp\/v2\/types\/product"}],"replies":[{"embeddable":true,"href":"https:\/\/brandss.com.py\/index\/wp-json\/wp\/v2\/comments?post=74606"}],"version-history":[{"count":1,"href":"https:\/\/brandss.com.py\/index\/wp-json\/wp\/v2\/product\/74606\/revisions"}],"predecessor-version":[{"id":74610,"href":"https:\/\/brandss.com.py\/index\/wp-json\/wp\/v2\/product\/74606\/revisions\/74610"}],"wp:featuredmedia":[{"embeddable":true,"href":"https:\/\/brandss.com.py\/index\/wp-json\/wp\/v2\/media\/74607"}],"wp:attachment":[{"href":"https:\/\/brandss.com.py\/index\/wp-json\/wp\/v2\/media?parent=74606"}],"wp:term":[{"taxonomy":"product_brand","embeddable":true,"href":"https:\/\/brandss.com.py\/index\/wp-json\/wp\/v2\/product_brand?post=74606"},{"taxonomy":"product_cat","embeddable":true,"href":"https:\/\/brandss.com.py\/index\/wp-json\/wp\/v2\/product_cat?post=74606"},{"taxonomy":"product_tag","embeddable":true,"href":"https:\/\/brandss.com.py\/index\/wp-json\/wp\/v2\/product_tag?post=74606"}],"curies":[{"name":"wp","href":"https:\/\/api.w.org\/{rel}","templated":true}]}}