{"id":74633,"date":"2025-03-03T18:34:11","date_gmt":"2025-03-03T18:34:11","guid":{"rendered":"https:\/\/brandss.com.py\/index\/?post_type=product&#038;p=74633"},"modified":"2025-03-03T18:34:53","modified_gmt":"2025-03-03T18:34:53","slug":"calcetin-deportivo-infantil-umbro-classic-junior","status":"publish","type":"product","link":"https:\/\/brandss.com.py\/index\/producto\/calcetin-deportivo-infantil-umbro-classic-junior\/","title":{"rendered":"CALCET\u00cdN DEPORTIVO INFANTIL UMBRO CLASSIC JUNIOR"},"content":{"rendered":"<p><img loading=\"lazy\" decoding=\"async\" class=\"\" src=\"https:\/\/upload.wikimedia.org\/wikipedia\/commons\/b\/b7\/Logo_Umbro.png\" alt=\"Archivo:Logo Umbro.png - Wikipedia, la enciclopedia libre\" width=\"93\" height=\"62\" \/><\/p>\n<h1>CLASSIC JUNIOR<\/h1>\n<div class=\"vtex-flex-layout-0-x-flexColChild vtex-flex-layout-0-x-flexColChild--details-product pb0\">\n<div class=\"vtex-store-components-3-x-productDescriptionContainer\">\n<div class=\"vtex-store-components-3-x-productDescriptionText c-muted-1\">\n<div class=\"vtex-store-components-3-x-container relative\">\n<div class=\"vtex-store-components-3-x-content h-auto\"><span>Medias de f\u00fatbol para j\u00f3venes, acanaladas en la apertura y con marcas en el tal\u00f3n. Dispone de correa tensora en el tobillo, cuerpo de poli\u00e9ster y pie de algod\u00f3n. Logotipo de Umbro en color en contraste.<\/span><\/div>\n<\/div>\n<\/div>\n<\/div>\n<\/div>\n<div class=\"vtex-flex-layout-0-x-flexColChild vtex-flex-layout-0-x-flexColChild--details-product pb0\"><\/div>\n<p>G\u00e9nero: J\u00fanior.<\/p>\n<p>Color: Negro.<\/p>\n<p>Composici\u00f3n: 67% Poli\u00e9ster, 30% Algod\u00f3n, 3% Elastodieno<\/p>\n<div class=\"vtex-flex-layout-0-x-flexColChild vtex-flex-layout-0-x-flexColChild--details-product pb0\"><span class=\"vtex-product-identifier-0-x-product-identifier vtex-product-identifier-0-x-product-identifier--productReference c-muted-1\"><span class=\"vtex-product-identifier-0-x-product-identifier__label\"><span>Modelo<\/span><\/span><span class=\"vtex-product-identifier-0-x-product-identifier__separator\"><span>:\u00a0<\/span><\/span><span class=\"vtex-product-identifier-0-x-product-identifier__value\"><span>U27TW015-111.<\/span><\/span><\/span><\/div>\n","protected":false},"excerpt":{"rendered":"<p>CLASSIC JUNIOR Medias de f\u00fatbol para j\u00f3venes, acanaladas en la apertura y con marcas en el tal\u00f3n. Dispone de correa<\/p>\n","protected":false},"featured_media":74634,"comment_status":"open","ping_status":"closed","template":"","meta":{"nf_dc_page":""},"product_brand":[],"product_cat":[75],"product_tag":[],"class_list":{"0":"post-74633","1":"product","2":"type-product","3":"status-publish","4":"has-post-thumbnail","6":"product_cat-infantil","8":"first","9":"instock","10":"shipping-taxable","11":"purchasable","12":"product-type-simple"},"_links":{"self":[{"href":"https:\/\/brandss.com.py\/index\/wp-json\/wp\/v2\/product\/74633","targetHints":{"allow":["GET"]}}],"collection":[{"href":"https:\/\/brandss.com.py\/index\/wp-json\/wp\/v2\/product"}],"about":[{"href":"https:\/\/brandss.com.py\/index\/wp-json\/wp\/v2\/types\/product"}],"replies":[{"embeddable":true,"href":"https:\/\/brandss.com.py\/index\/wp-json\/wp\/v2\/comments?post=74633"}],"version-history":[{"count":1,"href":"https:\/\/brandss.com.py\/index\/wp-json\/wp\/v2\/product\/74633\/revisions"}],"predecessor-version":[{"id":74636,"href":"https:\/\/brandss.com.py\/index\/wp-json\/wp\/v2\/product\/74633\/revisions\/74636"}],"wp:featuredmedia":[{"embeddable":true,"href":"https:\/\/brandss.com.py\/index\/wp-json\/wp\/v2\/media\/74634"}],"wp:attachment":[{"href":"https:\/\/brandss.com.py\/index\/wp-json\/wp\/v2\/media?parent=74633"}],"wp:term":[{"taxonomy":"product_brand","embeddable":true,"href":"https:\/\/brandss.com.py\/index\/wp-json\/wp\/v2\/product_brand?post=74633"},{"taxonomy":"product_cat","embeddable":true,"href":"https:\/\/brandss.com.py\/index\/wp-json\/wp\/v2\/product_cat?post=74633"},{"taxonomy":"product_tag","embeddable":true,"href":"https:\/\/brandss.com.py\/index\/wp-json\/wp\/v2\/product_tag?post=74633"}],"curies":[{"name":"wp","href":"https:\/\/api.w.org\/{rel}","templated":true}]}}