{"id":74637,"date":"2025-03-03T18:40:30","date_gmt":"2025-03-03T18:40:30","guid":{"rendered":"https:\/\/brandss.com.py\/index\/?post_type=product&#038;p=74637"},"modified":"2026-04-11T13:24:28","modified_gmt":"2026-04-11T13:24:28","slug":"sujetador-deportivo-femenino-reebok-wor-train-aop-bra","status":"publish","type":"product","link":"https:\/\/brandss.com.py\/index\/producto\/sujetador-deportivo-femenino-reebok-wor-train-aop-bra\/","title":{"rendered":"SUJETADOR DEPORTIVO FEMENINO REEBOK WOR-TRAIN-AOP-BRA"},"content":{"rendered":"<p><img loading=\"lazy\" decoding=\"async\" class=\"\" src=\"https:\/\/logodownload.org\/wp-content\/uploads\/2017\/06\/reebok-logo-5.png\" alt=\"Reebok Logo - PNG y Vector\" width=\"401\" height=\"202\" \/><\/p>\n<h1>HT6054<\/h1>\n<div class=\"flex max-w-full flex-col flex-grow\">\n<div class=\"min-h-8 text-message relative flex w-full flex-col items-end gap-2 whitespace-normal break-words text-start [.text-message+&amp;]:mt-5\" dir=\"auto\" data-message-author-role=\"assistant\" data-message-id=\"2a38559a-e413-4c1a-94cb-43ea41f6c548\" data-message-model-slug=\"gpt-4o\">\n<div class=\"flex w-full flex-col gap-1 empty:hidden first:pt-[3px]\">\n<div class=\"markdown prose w-full break-words dark:prose-invert light\">\n<h3 data-start=\"0\" data-end=\"95\"><strong data-start=\"4\" data-end=\"93\"><span>Reebok Femenino WOR Train AOP Bra Glen Green \u2013 Soporte y Estilo para tu Entrenamiento<\/span><\/strong><\/h3>\n<p data-start=\"97\" data-end=\"393\"><span>El <\/span><strong data-start=\"100\" data-end=\"128\"><span>Reebok WOR Train AOP Bra<\/span><\/strong><span> en color <\/span><strong data-start=\"138\" data-end=\"152\"><span>Glen Green<\/span><\/strong><span> es la opci\u00f3n perfecta para mujeres que buscan <\/span><strong data-start=\"199\" data-end=\"230\"><span>comodidad, soporte y dise\u00f1o<\/span><\/strong><span> en sus entrenamientos. Dise\u00f1ado para ofrecer <\/span><strong data-start=\"276\" data-end=\"293\"><span>soporte medio<\/span><\/strong><span> , es ideal para actividades de impacto moderado como <\/span><strong data-start=\"346\" data-end=\"390\"><span>entrenamiento funcional, ciclismo o yoga<\/span><\/strong><span> .<\/span><\/p>\n<h3 data-start=\"395\" data-end=\"433\"><strong data-start=\"399\" data-end=\"431\"><span>Caracter\u00edsticas\u00a0<\/span><\/strong><\/h3>\n<p data-start=\"434\" data-end=\"1020\"><span>\u2714 <\/span><strong data-start=\"436\" data-end=\"454\"><span>Soporte medio:<\/span><\/strong><span> Brinda estabilidad y seguridad en cada movimiento, sin sacrificar comodidad. <\/span><br data-start=\"531\" data-end=\"534\" \/><span>\u2714 <\/span><strong data-start=\"536\" data-end=\"561\"><span>Tecnolog\u00eda Speedwick:<\/span><\/strong><span> Ayuda a absorber la humedad y mantener la piel seca y fresca durante el entrenamiento. <\/span><br data-start=\"648\" data-end=\"651\" data-is-only-node=\"\" \/><span>\u2714 <\/span><strong data-start=\"653\" data-end=\"685\"><span>Dise\u00f1o de espalda Racerback:<\/span><\/strong><span> Facilita la movilidad y proporciona un ajuste seguro. <\/span><br data-start=\"739\" data-end=\"742\" \/><span>\u2714 <\/span><strong data-start=\"744\" data-end=\"772\"><span>Banda el\u00e1stica inferior:<\/span><\/strong><span> Asegura firmeza y comodidad en cada repetici\u00f3n. <\/span><br data-start=\"820\" data-end=\"823\" \/><span>\u2714 <\/span><strong data-start=\"825\" data-end=\"860\"><span>Estampado AOP (All Over Print):<\/span><\/strong><span> Un dise\u00f1o moderno y din\u00e1mico que refleja energ\u00eda y estilo. <\/span><br data-start=\"919\" data-end=\"922\" \/><span>\u2714 <\/span><strong data-start=\"924\" data-end=\"945\"><span>Color Glen Green:<\/span><\/strong><span> Un tono vers\u00e1til y atractivo que complementa cualquier outfit deportivo.<\/span><\/p>\n<p data-start=\"1022\" data-end=\"1216\" data-is-last-node=\"\" data-is-only-node=\"\"><span>El <\/span><strong data-start=\"1025\" data-end=\"1064\"><span>Reebok WOR Train AOP Bra Glen Green<\/span><\/strong><span> es una prenda esencial para mujeres activas que buscan un <\/span><strong data-start=\"1123\" data-end=\"1153\"><span>sujetador funcional y con estilo<\/span><\/strong><span> . \u00a1Entrena con confianza y marca la diferencia con Reebok! \ud83d\udc9a\ud83d\udd25<\/span><\/p>\n<\/div>\n<\/div>\n<\/div>\n<\/div>\n","protected":false},"excerpt":{"rendered":"<p>HT6054 Reebok Femenino WOR Train AOP Bra Glen Green \u2013 Soporte y Estilo para tu Entrenamiento El Reebok WOR Train<\/p>\n","protected":false},"featured_media":74639,"comment_status":"open","ping_status":"closed","template":"","meta":{"nf_dc_page":""},"product_brand":[],"product_cat":[73],"product_tag":[],"class_list":{"0":"post-74637","1":"product","2":"type-product","3":"status-publish","4":"has-post-thumbnail","6":"product_cat-femenino","8":"first","9":"outofstock","10":"shipping-taxable","11":"purchasable","12":"product-type-simple"},"_links":{"self":[{"href":"https:\/\/brandss.com.py\/index\/wp-json\/wp\/v2\/product\/74637","targetHints":{"allow":["GET"]}}],"collection":[{"href":"https:\/\/brandss.com.py\/index\/wp-json\/wp\/v2\/product"}],"about":[{"href":"https:\/\/brandss.com.py\/index\/wp-json\/wp\/v2\/types\/product"}],"replies":[{"embeddable":true,"href":"https:\/\/brandss.com.py\/index\/wp-json\/wp\/v2\/comments?post=74637"}],"version-history":[{"count":1,"href":"https:\/\/brandss.com.py\/index\/wp-json\/wp\/v2\/product\/74637\/revisions"}],"predecessor-version":[{"id":74644,"href":"https:\/\/brandss.com.py\/index\/wp-json\/wp\/v2\/product\/74637\/revisions\/74644"}],"wp:featuredmedia":[{"embeddable":true,"href":"https:\/\/brandss.com.py\/index\/wp-json\/wp\/v2\/media\/74639"}],"wp:attachment":[{"href":"https:\/\/brandss.com.py\/index\/wp-json\/wp\/v2\/media?parent=74637"}],"wp:term":[{"taxonomy":"product_brand","embeddable":true,"href":"https:\/\/brandss.com.py\/index\/wp-json\/wp\/v2\/product_brand?post=74637"},{"taxonomy":"product_cat","embeddable":true,"href":"https:\/\/brandss.com.py\/index\/wp-json\/wp\/v2\/product_cat?post=74637"},{"taxonomy":"product_tag","embeddable":true,"href":"https:\/\/brandss.com.py\/index\/wp-json\/wp\/v2\/product_tag?post=74637"}],"curies":[{"name":"wp","href":"https:\/\/api.w.org\/{rel}","templated":true}]}}