{"id":74673,"date":"2025-03-04T12:31:02","date_gmt":"2025-03-04T12:31:02","guid":{"rendered":"https:\/\/brandss.com.py\/index\/?post_type=product&#038;p=74673"},"modified":"2025-03-04T12:33:31","modified_gmt":"2025-03-04T12:33:31","slug":"camiseta-deportivo-femenino-asics-core-running-mangas-cortas","status":"publish","type":"product","link":"https:\/\/brandss.com.py\/index\/producto\/camiseta-deportivo-femenino-asics-core-running-mangas-cortas\/","title":{"rendered":"CAMISETA DEPORTIVO FEMENINO ASICS CORE RUNNING MANGAS CORTAS"},"content":{"rendered":"<p><img loading=\"lazy\" decoding=\"async\" class=\"\" src=\"https:\/\/cdn.freebiesupply.com\/logos\/large\/2x\/asics-6-logo-black-and-white.png\" alt=\"Asics Logo PNG Transparent &amp; SVG Vector - Freebie Supply\" width=\"132\" height=\"43\" \/><\/p>\n<h1>CORE RUNNING<\/h1>\n<p>Mantente fresco y c\u00f3modo cuando las temperaturas suban con la camiseta de manga corta ASICS Core. Confeccionada con un c\u00f3modo tejido de punto, esta camiseta de manga corta es funcional para diversos reg\u00edmenes de entrenamiento de carrera. No solo se ajusta c\u00f3modamente al cuerpo, sino que tambi\u00e9n funciona como un excelente administrador de la humedad, eliminando el sudor del cuerpo hacia el exterior de la prenda, donde luego puede secarse de manera efectiva y eficiente, ayud\u00e1ndote a mantenerte seco durante tu entrenamiento. Esta camiseta tambi\u00e9n es una opci\u00f3n m\u00e1s ecol\u00f3gica, ya que al menos el 50 % del material principal de esta prenda est\u00e1 hecho con materiales reciclados, lo que significa que mientras te ves y te sientes bien usando la camiseta, tambi\u00e9n est\u00e1s haciendo algo bueno por el planeta. Un logotipo reflectante de ASICS en el pecho proporciona un estilo reconocible al instante y al mismo tiempo garantiza visibilidad en condiciones de poca luz, perfecto para las sesiones de entrenamiento nocturnas y matutinas.<\/p>\n<div class=\"QsQR-j NN8L-8 JT3_zV _8sTSoF MxUWj-\" data-testid=\"pdp-accordion-material_care\">\n<h2 class=\"heWLCX\"><span class=\"JCuRr_\"><span class=\"_0xLoFW _78xIQ- P3OKTW\"><span class=\"voFjEy _2kjxJ6 Sb5G3D\"><span class=\"voFjEy YZziZ- m3OCL3 HlZ_Tf\">Caracter\u00edsticas<\/span><\/span><\/span><\/span><\/h2>\n<div class=\"JAkf7W ZkIJC- i8_8W0\">\n<div class=\"Z1Xqqm sb1S7G sKmkSN pMa0tB\">\n<div class=\"\">\n<div class=\"\"><\/div>\n<\/div>\n<\/div>\n<\/div>\n<\/div>\n<div class=\"QsQR-j NN8L-8 JT3_zV _8sTSoF MxUWj-\" data-testid=\"pdp-accordion-details\">\n<div class=\"JAkf7W ZkIJC- i8_8W0\">\n<div class=\"Z1Xqqm sb1S7G sKmkSN pMa0tB\">\n<div class=\"\">\n<div class=\"qMOFyE\">Deporte:\u00a0Running<\/div>\n<div class=\"qMOFyE\">Escote: Cuello redondo<\/div>\n<div>\n<div class=\"qMOFyE\">Composici\u00f3n: 100% poli\u00e9ster<\/div>\n<\/div>\n<div class=\"qMOFyE\">Extras:\u00a0Detalles reflectantes, de secado r\u00e1pido<\/div>\n<div class=\"qMOFyE\">Transparencia:\u00a0Poco transparente<\/div>\n<div class=\"qMOFyE\">Funci\u00f3n:\u00a0Transpirable, de secado r\u00e1pido<\/div>\n<div>Color: Verde<\/div>\n<div>Modelo: WRB4331.01<\/div>\n<\/div>\n<\/div>\n<\/div>\n<\/div>\n","protected":false},"excerpt":{"rendered":"<p>CORE RUNNING Mantente fresco y c\u00f3modo cuando las temperaturas suban con la camiseta de manga corta ASICS Core. Confeccionada con<\/p>\n","protected":false},"featured_media":74685,"comment_status":"open","ping_status":"closed","template":"","meta":{"nf_dc_page":""},"product_brand":[],"product_cat":[73],"product_tag":[],"class_list":{"0":"post-74673","1":"product","2":"type-product","3":"status-publish","4":"has-post-thumbnail","6":"product_cat-femenino","8":"first","9":"instock","10":"shipping-taxable","11":"purchasable","12":"product-type-simple"},"_links":{"self":[{"href":"https:\/\/brandss.com.py\/index\/wp-json\/wp\/v2\/product\/74673","targetHints":{"allow":["GET"]}}],"collection":[{"href":"https:\/\/brandss.com.py\/index\/wp-json\/wp\/v2\/product"}],"about":[{"href":"https:\/\/brandss.com.py\/index\/wp-json\/wp\/v2\/types\/product"}],"replies":[{"embeddable":true,"href":"https:\/\/brandss.com.py\/index\/wp-json\/wp\/v2\/comments?post=74673"}],"version-history":[{"count":1,"href":"https:\/\/brandss.com.py\/index\/wp-json\/wp\/v2\/product\/74673\/revisions"}],"predecessor-version":[{"id":74690,"href":"https:\/\/brandss.com.py\/index\/wp-json\/wp\/v2\/product\/74673\/revisions\/74690"}],"wp:featuredmedia":[{"embeddable":true,"href":"https:\/\/brandss.com.py\/index\/wp-json\/wp\/v2\/media\/74685"}],"wp:attachment":[{"href":"https:\/\/brandss.com.py\/index\/wp-json\/wp\/v2\/media?parent=74673"}],"wp:term":[{"taxonomy":"product_brand","embeddable":true,"href":"https:\/\/brandss.com.py\/index\/wp-json\/wp\/v2\/product_brand?post=74673"},{"taxonomy":"product_cat","embeddable":true,"href":"https:\/\/brandss.com.py\/index\/wp-json\/wp\/v2\/product_cat?post=74673"},{"taxonomy":"product_tag","embeddable":true,"href":"https:\/\/brandss.com.py\/index\/wp-json\/wp\/v2\/product_tag?post=74673"}],"curies":[{"name":"wp","href":"https:\/\/api.w.org\/{rel}","templated":true}]}}