{"id":74708,"date":"2025-03-04T13:13:11","date_gmt":"2025-03-04T13:13:11","guid":{"rendered":"https:\/\/brandss.com.py\/index\/?post_type=product&#038;p=74708"},"modified":"2025-03-04T13:13:39","modified_gmt":"2025-03-04T13:13:39","slug":"camiseta-deportivo-masculino-asics-core-running-sin-mangas","status":"publish","type":"product","link":"https:\/\/brandss.com.py\/index\/producto\/camiseta-deportivo-masculino-asics-core-running-sin-mangas\/","title":{"rendered":"CAMISETA DEPORTIVO MASCULINO ASICS CORE-RUNNING SIN MANGAS"},"content":{"rendered":"<p><img loading=\"lazy\" decoding=\"async\" class=\"\" src=\"https:\/\/logowik.com\/content\/uploads\/images\/asics2623.jpg\" alt=\"Asics Logo PNG vector in SVG, PDF, AI, CDR format\" width=\"297\" height=\"223\" \/><\/p>\n<h1>MRB4323.90<\/h1>\n<h3 data-start=\"0\" data-end=\"55\"><strong data-start=\"4\" data-end=\"53\"><span>Musculosa Asics Core Running PES Tank \u2013 Negra<\/span><\/strong><\/h3>\n<p data-start=\"57\" data-end=\"413\"><span>La <\/span><strong data-start=\"60\" data-end=\"91\"><span>Asics Core Running PES Tank<\/span><\/strong><span> es una musculosa dise\u00f1ada para corredores que buscan una prenda <\/span><strong data-start=\"156\" data-end=\"189\"><span>ligera, transpirable y c\u00f3moda<\/span><\/strong><span> para sus entrenamientos y competencias. Gracias a su tejido de secado r\u00e1pido proporciona y su dise\u00f1o sin mangas, una excelente ventilaci\u00f3n y libertad de movimiento, ideal para climas c\u00e1lidos o sesiones de alta intensidad.<\/span><\/p>\n<h4 data-start=\"415\" data-end=\"442\"><strong data-start=\"420\" data-end=\"440\"><span>Caracter\u00edsticas:<\/span><\/strong><\/h4>\n<p data-start=\"443\" data-end=\"1075\"><span>\u2705 <\/span><strong data-start=\"445\" data-end=\"470\"><span>Dise\u00f1ada para correr:<\/span><\/strong><span> Corte ergon\u00f3mico que permite una total libertad de movimiento. <\/span><br data-start=\"533\" data-end=\"536\" \/><span>\u2705 <\/span><strong data-start=\"538\" data-end=\"571\"><span>Tejido transpirable y ligero:<\/span><\/strong><span> Favorece la circulaci\u00f3n del aire para mantener la piel fresca y seca. <\/span><br data-start=\"641\" data-end=\"644\" data-is-only-node=\"\" \/><span>\u2705 <\/span><strong data-start=\"646\" data-end=\"685\"><span>Tecnolog\u00eda de absorci\u00f3n de humedad:<\/span><\/strong><span> Aleja el sudor de la piel, asegurando mayor comodidad durante el ejercicio. <\/span><br data-start=\"761\" data-end=\"764\" \/><span>\u2705 <\/span><strong data-start=\"766\" data-end=\"809\"><span>Material resistente y de secado r\u00e1pido:<\/span><\/strong><span> Ideal para entrenamientos intensos y de larga duraci\u00f3n. <\/span><br data-start=\"865\" data-end=\"868\" \/><span>\u2705 <\/span><strong data-start=\"870\" data-end=\"892\"><span>Dise\u00f1o sin mangas:<\/span><\/strong><span> Brinda una mayor sensaci\u00f3n de frescura y ventilaci\u00f3n. <\/span><br data-start=\"946\" data-end=\"949\" \/><span>\u2705 <\/span><strong data-start=\"951\" data-end=\"985\"><span>Estilo minimalista y vers\u00e1til:<\/span><\/strong><span> Color negro con el logo Asics en el pecho, combinando funcionalidad y dise\u00f1o deportivo.<\/span><\/p>\n<p data-start=\"1077\" data-end=\"1207\" data-is-last-node=\"\" data-is-only-node=\"\"><span>Perfecta para corredores y atletas que buscan <\/span><strong data-start=\"1123\" data-end=\"1168\"><span>comodidad, rendimiento y transpirabilidad<\/span><\/strong><span> en sus entrenamientos diarios. \ud83c\udfc3\u200d\u2642\ufe0f\ud83d\udd25<\/span><\/p>\n","protected":false},"excerpt":{"rendered":"<p>MRB4323.90 Musculosa Asics Core Running PES Tank \u2013 Negra La Asics Core Running PES Tank es una musculosa dise\u00f1ada para<\/p>\n","protected":false},"featured_media":74709,"comment_status":"open","ping_status":"closed","template":"","meta":{"nf_dc_page":""},"product_brand":[],"product_cat":[76],"product_tag":[],"class_list":{"0":"post-74708","1":"product","2":"type-product","3":"status-publish","4":"has-post-thumbnail","6":"product_cat-masculino","8":"first","9":"instock","10":"shipping-taxable","11":"purchasable","12":"product-type-simple"},"_links":{"self":[{"href":"https:\/\/brandss.com.py\/index\/wp-json\/wp\/v2\/product\/74708","targetHints":{"allow":["GET"]}}],"collection":[{"href":"https:\/\/brandss.com.py\/index\/wp-json\/wp\/v2\/product"}],"about":[{"href":"https:\/\/brandss.com.py\/index\/wp-json\/wp\/v2\/types\/product"}],"replies":[{"embeddable":true,"href":"https:\/\/brandss.com.py\/index\/wp-json\/wp\/v2\/comments?post=74708"}],"version-history":[{"count":1,"href":"https:\/\/brandss.com.py\/index\/wp-json\/wp\/v2\/product\/74708\/revisions"}],"predecessor-version":[{"id":74710,"href":"https:\/\/brandss.com.py\/index\/wp-json\/wp\/v2\/product\/74708\/revisions\/74710"}],"wp:featuredmedia":[{"embeddable":true,"href":"https:\/\/brandss.com.py\/index\/wp-json\/wp\/v2\/media\/74709"}],"wp:attachment":[{"href":"https:\/\/brandss.com.py\/index\/wp-json\/wp\/v2\/media?parent=74708"}],"wp:term":[{"taxonomy":"product_brand","embeddable":true,"href":"https:\/\/brandss.com.py\/index\/wp-json\/wp\/v2\/product_brand?post=74708"},{"taxonomy":"product_cat","embeddable":true,"href":"https:\/\/brandss.com.py\/index\/wp-json\/wp\/v2\/product_cat?post=74708"},{"taxonomy":"product_tag","embeddable":true,"href":"https:\/\/brandss.com.py\/index\/wp-json\/wp\/v2\/product_tag?post=74708"}],"curies":[{"name":"wp","href":"https:\/\/api.w.org\/{rel}","templated":true}]}}