{"id":74722,"date":"2025-03-04T13:39:13","date_gmt":"2025-03-04T13:39:13","guid":{"rendered":"https:\/\/brandss.com.py\/index\/?post_type=product&#038;p=74722"},"modified":"2025-03-04T13:39:38","modified_gmt":"2025-03-04T13:39:38","slug":"camiseta-deportivo-masculino-asics-core-running-sin-mangas-3","status":"publish","type":"product","link":"https:\/\/brandss.com.py\/index\/producto\/camiseta-deportivo-masculino-asics-core-running-sin-mangas-3\/","title":{"rendered":"CAMISETA DEPORTIVO MASCULINO ASICS CORE-RUNNING SIN MANGAS"},"content":{"rendered":"<p><img loading=\"lazy\" decoding=\"async\" class=\"\" src=\"https:\/\/logowik.com\/content\/uploads\/images\/asics2623.jpg\" alt=\"Asics Logo PNG vector in SVG, PDF, AI, CDR format\" width=\"374\" height=\"281\" \/><\/p>\n<h1>MRB4325.142<\/h1>\n<div class=\"flex max-w-full flex-col flex-grow\">\n<div class=\"min-h-8 text-message relative flex w-full flex-col items-end gap-2 whitespace-normal break-words text-start [.text-message+&amp;]:mt-5\" dir=\"auto\" data-message-author-role=\"assistant\" data-message-id=\"160e41e6-9b31-4e0c-91e3-89f74afc78eb\" data-message-model-slug=\"gpt-4o-mini\">\n<div class=\"flex w-full flex-col gap-1 empty:hidden first:pt-[3px]\">\n<div class=\"markdown prose w-full break-words dark:prose-invert light\">\n<p data-start=\"0\" data-end=\"537\"><span>El <\/span><strong data-start=\"3\" data-end=\"51\"><span>Asics Running Masculino Core Running Pa Tank<\/span><\/strong><span> en color <\/span><strong data-start=\"61\" data-end=\"78\"><span>Magnetic Blue<\/span><\/strong><span> es una camiseta sin mangas dise\u00f1ada espec\u00edficamente para ofrecer el m\u00e1ximo confort y rendimiento a los corredores y atletas masculinos. Confeccionada en un material ligero y transpirable, esta prenda permite una excelente circulaci\u00f3n de aire, ayudando a mantener la piel fresca y seca incluso durante entrenamientos intensos. Su tecnolog\u00eda de secado r\u00e1pido absorbe el sudor de manera eficiente, evitando la sensaci\u00f3n de humedad y proporcionando mayor comodidad.<\/span><\/p>\n<p data-start=\"539\" data-end=\"882\"><span>El ajuste ergon\u00f3mico de la camiseta est\u00e1 pensado para ofrecer una mayor libertad de movimiento, lo que es ideal para actividades deportivas que requieran amplitud de movimiento, como correr o hacer ejercicios de alta intensidad. El dise\u00f1o sin mangas favorece la movilidad de los brazos, permitiendo que se muevan libremente sin restricciones.<\/span><\/p>\n<p data-start=\"884\" data-end=\"1265\"><span>El color <\/span><strong data-start=\"893\" data-end=\"910\"><span>Magnetic Blue<\/span><\/strong><span> le da un toque moderno y vibrante, destacando en cualquier entorno deportivo. Adem\u00e1s, cuenta con el logotipo de Asics en la parte frontal, lo que le a\u00f1ade un estilo distintivo y deportivo. Esta camiseta es ideal para corredores que buscan una prenda funcional, ligera y con un dise\u00f1o atractivo, perfecta tanto para entrenamientos como para competiciones.<\/span><\/p>\n<p data-start=\"1267\" data-end=\"1767\" data-is-last-node=\"\" data-is-only-node=\"\"><span>La durabilidad de la camiseta es otra de sus grandes ventajas. Su material resistente mantiene la prenda en excelente estado incluso despu\u00e9s de m\u00faltiples lavados, asegurando que pueda soportar el desgaste de entrenamientos diarios. Su dise\u00f1o f\u00e1cil de mantener tambi\u00e9n hace que sea una opci\u00f3n conveniente para cualquier rutina de entrenamiento. En resumen, el <\/span><strong data-start=\"1626\" data-end=\"1674\"><span>Asics Running Masculino Core Running Pa Tank<\/span><\/strong><span> es una prenda ideal para quienes buscan un equilibrio entre funcionalidad, comodidad y estilo.<\/span><\/p>\n<\/div>\n<\/div>\n<\/div>\n<\/div>\n","protected":false},"excerpt":{"rendered":"<p>MRB4325.142 El Asics Running Masculino Core Running Pa Tank en color Magnetic Blue es una camiseta sin mangas dise\u00f1ada espec\u00edficamente<\/p>\n","protected":false},"featured_media":74723,"comment_status":"open","ping_status":"closed","template":"","meta":{"nf_dc_page":""},"product_brand":[],"product_cat":[76],"product_tag":[],"class_list":{"0":"post-74722","1":"product","2":"type-product","3":"status-publish","4":"has-post-thumbnail","6":"product_cat-masculino","8":"first","9":"instock","10":"shipping-taxable","11":"purchasable","12":"product-type-simple"},"_links":{"self":[{"href":"https:\/\/brandss.com.py\/index\/wp-json\/wp\/v2\/product\/74722","targetHints":{"allow":["GET"]}}],"collection":[{"href":"https:\/\/brandss.com.py\/index\/wp-json\/wp\/v2\/product"}],"about":[{"href":"https:\/\/brandss.com.py\/index\/wp-json\/wp\/v2\/types\/product"}],"replies":[{"embeddable":true,"href":"https:\/\/brandss.com.py\/index\/wp-json\/wp\/v2\/comments?post=74722"}],"version-history":[{"count":1,"href":"https:\/\/brandss.com.py\/index\/wp-json\/wp\/v2\/product\/74722\/revisions"}],"predecessor-version":[{"id":74724,"href":"https:\/\/brandss.com.py\/index\/wp-json\/wp\/v2\/product\/74722\/revisions\/74724"}],"wp:featuredmedia":[{"embeddable":true,"href":"https:\/\/brandss.com.py\/index\/wp-json\/wp\/v2\/media\/74723"}],"wp:attachment":[{"href":"https:\/\/brandss.com.py\/index\/wp-json\/wp\/v2\/media?parent=74722"}],"wp:term":[{"taxonomy":"product_brand","embeddable":true,"href":"https:\/\/brandss.com.py\/index\/wp-json\/wp\/v2\/product_brand?post=74722"},{"taxonomy":"product_cat","embeddable":true,"href":"https:\/\/brandss.com.py\/index\/wp-json\/wp\/v2\/product_cat?post=74722"},{"taxonomy":"product_tag","embeddable":true,"href":"https:\/\/brandss.com.py\/index\/wp-json\/wp\/v2\/product_tag?post=74722"}],"curies":[{"name":"wp","href":"https:\/\/api.w.org\/{rel}","templated":true}]}}