{"id":74725,"date":"2025-03-04T13:56:32","date_gmt":"2025-03-04T13:56:32","guid":{"rendered":"https:\/\/brandss.com.py\/index\/?post_type=product&#038;p=74725"},"modified":"2025-08-16T19:19:11","modified_gmt":"2025-08-16T19:19:11","slug":"calzado-deportivo-masculino-asics-runnings-base","status":"publish","type":"product","link":"https:\/\/brandss.com.py\/index\/producto\/calzado-deportivo-masculino-asics-runnings-base\/","title":{"rendered":"CAMISETA DEPORTIVO MASCULINO ASICS RUNNINGS-BASE"},"content":{"rendered":"<p><img loading=\"lazy\" decoding=\"async\" class=\"\" src=\"https:\/\/logowik.com\/content\/uploads\/images\/asics2623.jpg\" alt=\"Asics Logo PNG vector in SVG, PDF, AI, CDR format\" width=\"340\" height=\"255\" \/><\/p>\n<h1>MRB4382.0810<\/h1>\n<p data-start=\"0\" data-end=\"380\"><span>La <\/span><strong data-start=\"3\" data-end=\"88\"><span>Camiseta Deportiva Masculina Asics Running-Base &#8220;Running_Base_Esh_Ss_Tee Peacoat&#8221;<\/span><\/strong><span> es una prenda deportiva dise\u00f1ada especialmente para hombres que buscan una camiseta funcional, c\u00f3moda y con un estilo moderno para sus entrenamientos y actividades deportivas. Este modelo, en el elegante color <\/span><strong data-start=\"299\" data-end=\"310\"><span>Peacoat<\/span><\/strong><span> , combina tecnolog\u00eda y dise\u00f1o para ofrecer un rendimiento excepcional.<\/span><\/p>\n<p data-start=\"382\" data-end=\"797\"><span>Fabricada con materiales de alta calidad, la camiseta es ligera y transpirable, permitiendo una ventilaci\u00f3n \u00f3ptima durante el ejercicio. Esto es crucial para mantener el cuerpo fresco y c\u00f3modo durante las carreras o entrenamientos intensos. Su <\/span><strong data-start=\"626\" data-end=\"657\"><span>tecnolog\u00eda de secado r\u00e1pido<\/span><\/strong><span> asegura que el sudor se evapore r\u00e1pidamente, manteniendo la piel seca y proporcionando una sensaci\u00f3n de frescura durante toda la actividad.<\/span><\/p>\n<p data-start=\"799\" data-end=\"1195\"><span>El <\/span><strong data-start=\"802\" data-end=\"820\"><span>ajuste regular<\/span><\/strong><span> de la camiseta permite una gran libertad de movimiento, ideal para actividades deportivas que requieren flexibilidad, como correr, hacer ejercicios en el gimnasio o realizar entrenamientos funcionales. El dise\u00f1o sin mangas garantiza una mayor amplitud en los movimientos de los brazos y los hombros, lo que es perfecto para quienes practican deportes que requieren agilidad.<\/span><\/p>\n<p data-start=\"1197\" data-end=\"1519\"><span>El color <\/span><strong data-start=\"1206\" data-end=\"1217\"><span>Peacoat<\/span><\/strong><span> le da a la camiseta un toque de elegancia y versatilidad, siendo f\u00e1cil de combinar con otras prendas deportivas. Adem\u00e1s, el logotipo de <\/span><strong data-start=\"1354\" data-end=\"1363\"><span>Asics<\/span><\/strong><span> se encuentra discretamente en la parte frontal, brindando un estilo deportivo y moderno, sin perder la esencia de funcionalidad que caracteriza a la marca.<\/span><\/p>\n<p data-start=\"1521\" data-end=\"1904\" data-is-last-node=\"\" data-is-only-node=\"\"><span>Gracias a su <\/span><strong data-start=\"1534\" data-end=\"1558\"><span>construcci\u00f3n duradera<\/span><\/strong><span> , la camiseta est\u00e1 dise\u00f1ada para resistir el uso constante, manteniendo su forma y funcionalidad incluso despu\u00e9s de m\u00faltiples lavados. Ya sea para entrenamientos diarios o para competiciones, la <\/span><strong data-start=\"1753\" data-end=\"1804\"><span>Camiseta Deportiva Masculina Asics Running-Base<\/span><\/strong><span> es una excelente opci\u00f3n para aquellos que buscan un equilibrio entre comodidad, rendimiento y estilo.<\/span><\/p>\n","protected":false},"excerpt":{"rendered":"<p>MRB4382.0810 La Camiseta Deportiva Masculina Asics Running-Base &#8220;Running_Base_Esh_Ss_Tee Peacoat&#8221; es una prenda deportiva dise\u00f1ada especialmente para hombres que buscan una<\/p>\n","protected":false},"featured_media":74729,"comment_status":"open","ping_status":"closed","template":"","meta":{"nf_dc_page":""},"product_brand":[],"product_cat":[76],"product_tag":[],"class_list":{"0":"post-74725","1":"product","2":"type-product","3":"status-publish","4":"has-post-thumbnail","6":"product_cat-masculino","8":"first","9":"instock","10":"shipping-taxable","11":"purchasable","12":"product-type-simple"},"_links":{"self":[{"href":"https:\/\/brandss.com.py\/index\/wp-json\/wp\/v2\/product\/74725","targetHints":{"allow":["GET"]}}],"collection":[{"href":"https:\/\/brandss.com.py\/index\/wp-json\/wp\/v2\/product"}],"about":[{"href":"https:\/\/brandss.com.py\/index\/wp-json\/wp\/v2\/types\/product"}],"replies":[{"embeddable":true,"href":"https:\/\/brandss.com.py\/index\/wp-json\/wp\/v2\/comments?post=74725"}],"version-history":[{"count":3,"href":"https:\/\/brandss.com.py\/index\/wp-json\/wp\/v2\/product\/74725\/revisions"}],"predecessor-version":[{"id":74730,"href":"https:\/\/brandss.com.py\/index\/wp-json\/wp\/v2\/product\/74725\/revisions\/74730"}],"wp:featuredmedia":[{"embeddable":true,"href":"https:\/\/brandss.com.py\/index\/wp-json\/wp\/v2\/media\/74729"}],"wp:attachment":[{"href":"https:\/\/brandss.com.py\/index\/wp-json\/wp\/v2\/media?parent=74725"}],"wp:term":[{"taxonomy":"product_brand","embeddable":true,"href":"https:\/\/brandss.com.py\/index\/wp-json\/wp\/v2\/product_brand?post=74725"},{"taxonomy":"product_cat","embeddable":true,"href":"https:\/\/brandss.com.py\/index\/wp-json\/wp\/v2\/product_cat?post=74725"},{"taxonomy":"product_tag","embeddable":true,"href":"https:\/\/brandss.com.py\/index\/wp-json\/wp\/v2\/product_tag?post=74725"}],"curies":[{"name":"wp","href":"https:\/\/api.w.org\/{rel}","templated":true}]}}