{"id":74758,"date":"2025-03-04T15:58:35","date_gmt":"2025-03-04T15:58:35","guid":{"rendered":"https:\/\/brandss.com.py\/index\/?post_type=product&#038;p=74758"},"modified":"2025-03-04T15:58:36","modified_gmt":"2025-03-04T15:58:36","slug":"bermuda-deportivo-femenino-fila-running-racer-run","status":"publish","type":"product","link":"https:\/\/brandss.com.py\/index\/producto\/bermuda-deportivo-femenino-fila-running-racer-run\/","title":{"rendered":"BERMUDA DEPORTIVO FEMENINO FILA RUNNING RACER RUN"},"content":{"rendered":"<h1 data-start=\"0\" data-end=\"89\"><img decoding=\"async\" src=\"https:\/\/i0.wp.com\/1000marcas.net\/wp-content\/uploads\/2019\/12\/logo-Fila.png?resize=140%2C79&amp;ssl=1\" \/><\/h1>\n<h1 data-start=\"0\" data-end=\"89\">FILA Bermudas Femeninas Running Racer Run<\/h1>\n<p data-start=\"91\" data-end=\"393\">Las FILA Bermudas Femeninas Running Racer Run (F12R00156 3539) est\u00e1n dise\u00f1adas para brindar un ajuste c\u00f3modo y seguro durante el entrenamiento. Su tejido transpirable y de secado r\u00e1pido permite una \u00f3ptima libertad de movimiento, haci\u00e9ndolas ideales para running y actividades deportivas intensas.<\/p>\n<h3 data-start=\"395\" data-end=\"421\"><strong data-start=\"399\" data-end=\"419\">Caracter\u00edsticas:<\/strong><\/h3>\n<ul data-start=\"422\" data-end=\"1030\">\n<li data-start=\"422\" data-end=\"441\"><strong data-start=\"424\" data-end=\"434\">Marca:<\/strong> FILA<\/li>\n<li data-start=\"442\" data-end=\"492\"><strong data-start=\"444\" data-end=\"455\">Modelo:<\/strong> Running Racer Run (F12R00156 3539)<\/li>\n<li data-start=\"493\" data-end=\"536\"><strong data-start=\"495\" data-end=\"504\">Tipo:<\/strong> Bermudas deportivas femeninas<\/li>\n<li data-start=\"537\" data-end=\"600\"><strong data-start=\"539\" data-end=\"552\">Material:<\/strong> Poli\u00e9ster y elastano, ligeros y transpirables<\/li>\n<li data-start=\"601\" data-end=\"676\"><strong data-start=\"603\" data-end=\"614\">Dise\u00f1o:<\/strong> Cintura el\u00e1stica con ajuste ergon\u00f3mico para mayor comodidad<\/li>\n<li data-start=\"677\" data-end=\"759\"><strong data-start=\"679\" data-end=\"694\">Tecnolog\u00eda:<\/strong> Secado r\u00e1pido y absorci\u00f3n de humedad para mantener la frescura<\/li>\n<li data-start=\"760\" data-end=\"834\"><strong data-start=\"762\" data-end=\"772\">Corte:<\/strong> Ajustado y flexible, favorece el rendimiento y la movilidad<\/li>\n<li data-start=\"835\" data-end=\"877\"><strong data-start=\"837\" data-end=\"847\">Color: <\/strong>Violeta<\/li>\n<li data-start=\"878\" data-end=\"963\"><strong data-start=\"880\" data-end=\"900\">Uso recomendado:<\/strong> Running, gimnasio, entrenamiento y actividades al aire libre<\/li>\n<li data-start=\"964\" data-end=\"999\"><strong data-start=\"966\" data-end=\"977\">Estilo:<\/strong> Deportivo y moderno<\/li>\n<li data-start=\"1000\" data-end=\"1030\"><strong data-start=\"1002\" data-end=\"1016\">Temporada:<\/strong> Todo el a\u00f1o<\/li>\n<\/ul>\n<h3 data-start=\"1032\" data-end=\"1061\"><strong data-start=\"1036\" data-end=\"1059\">El paquete incluye:<\/strong><\/h3>\n<ul>\n<li data-start=\"1062\" data-end=\"1139\">1 x Bermudas FILA Running Racer Run<\/li>\n<li data-start=\"1062\" data-end=\"1139\">1 x Etiqueta original de la marca<\/li>\n<\/ul>\n<p data-start=\"1141\" data-end=\"1277\" data-is-last-node=\"\" data-is-only-node=\"\"><strong data-start=\"1141\" data-end=\"1162\">Tipo de producto:<\/strong> Bermudas deportivas femeninas de alto rendimiento, dise\u00f1adas para brindar soporte y confort en cada entrenamiento.<\/p>\n","protected":false},"excerpt":{"rendered":"<p>FILA Bermudas Femeninas Running Racer Run Las FILA Bermudas Femeninas Running Racer Run (F12R00156 3539) est\u00e1n dise\u00f1adas para brindar un<\/p>\n","protected":false},"featured_media":74759,"comment_status":"open","ping_status":"closed","template":"","meta":{"nf_dc_page":""},"product_brand":[],"product_cat":[73],"product_tag":[],"class_list":{"0":"post-74758","1":"product","2":"type-product","3":"status-publish","4":"has-post-thumbnail","6":"product_cat-femenino","8":"first","9":"instock","10":"shipping-taxable","11":"purchasable","12":"product-type-simple"},"_links":{"self":[{"href":"https:\/\/brandss.com.py\/index\/wp-json\/wp\/v2\/product\/74758","targetHints":{"allow":["GET"]}}],"collection":[{"href":"https:\/\/brandss.com.py\/index\/wp-json\/wp\/v2\/product"}],"about":[{"href":"https:\/\/brandss.com.py\/index\/wp-json\/wp\/v2\/types\/product"}],"replies":[{"embeddable":true,"href":"https:\/\/brandss.com.py\/index\/wp-json\/wp\/v2\/comments?post=74758"}],"version-history":[{"count":1,"href":"https:\/\/brandss.com.py\/index\/wp-json\/wp\/v2\/product\/74758\/revisions"}],"predecessor-version":[{"id":74763,"href":"https:\/\/brandss.com.py\/index\/wp-json\/wp\/v2\/product\/74758\/revisions\/74763"}],"wp:featuredmedia":[{"embeddable":true,"href":"https:\/\/brandss.com.py\/index\/wp-json\/wp\/v2\/media\/74759"}],"wp:attachment":[{"href":"https:\/\/brandss.com.py\/index\/wp-json\/wp\/v2\/media?parent=74758"}],"wp:term":[{"taxonomy":"product_brand","embeddable":true,"href":"https:\/\/brandss.com.py\/index\/wp-json\/wp\/v2\/product_brand?post=74758"},{"taxonomy":"product_cat","embeddable":true,"href":"https:\/\/brandss.com.py\/index\/wp-json\/wp\/v2\/product_cat?post=74758"},{"taxonomy":"product_tag","embeddable":true,"href":"https:\/\/brandss.com.py\/index\/wp-json\/wp\/v2\/product_tag?post=74758"}],"curies":[{"name":"wp","href":"https:\/\/api.w.org\/{rel}","templated":true}]}}