{"id":74769,"date":"2025-03-04T16:27:28","date_gmt":"2025-03-04T16:27:28","guid":{"rendered":"https:\/\/brandss.com.py\/index\/?post_type=product&#038;p=74769"},"modified":"2025-03-04T16:27:28","modified_gmt":"2025-03-04T16:27:28","slug":"traje-de-bano-femenino-fila-natacion-clas","status":"publish","type":"product","link":"https:\/\/brandss.com.py\/index\/producto\/traje-de-bano-femenino-fila-natacion-clas\/","title":{"rendered":"TRAJE DE BA\u00d1O FEMENINO FILA NATACI\u00d3N CLAS"},"content":{"rendered":"<h1 data-start=\"0\" data-end=\"84\"><img decoding=\"async\" src=\"https:\/\/i0.wp.com\/1000marcas.net\/wp-content\/uploads\/2019\/12\/logo-Fila.png?resize=140%2C79&amp;ssl=1\" \/><\/h1>\n<h1 data-start=\"0\" data-end=\"84\">FILA Traje de Ba\u00f1o Femenino Nataci\u00f3n Clas<\/h1>\n<p data-start=\"86\" data-end=\"399\">El FILA Traje de Ba\u00f1o Femenino Nataci\u00f3n Clas (F12SM00057 3354) es la elecci\u00f3n perfecta para nadadoras que buscan un dise\u00f1o cl\u00e1sico, c\u00f3modo y funcional. Confeccionado con materiales resistentes al cloro y de secado r\u00e1pido, garantiza durabilidad y un ajuste seguro para mejorar el rendimiento en cada brazada.<\/p>\n<h3 data-start=\"401\" data-end=\"427\"><strong data-start=\"405\" data-end=\"425\">Caracter\u00edsticas:<\/strong><\/h3>\n<ul data-start=\"428\" data-end=\"958\">\n<li data-start=\"428\" data-end=\"447\"><strong data-start=\"430\" data-end=\"440\">Marca:<\/strong> FILA<\/li>\n<li data-start=\"448\" data-end=\"495\"><strong data-start=\"450\" data-end=\"461\">Modelo:<\/strong> Nataci\u00f3n Clas (F12SM00057 3354)<\/li>\n<li data-start=\"496\" data-end=\"542\"><strong data-start=\"498\" data-end=\"507\">Tipo:<\/strong> Traje de ba\u00f1o deportivo femenino<\/li>\n<li data-start=\"543\" data-end=\"621\"><strong data-start=\"545\" data-end=\"558\">Material:<\/strong> Poli\u00e9ster y elastano, resistente al cloro y de secado r\u00e1pido<\/li>\n<li data-start=\"622\" data-end=\"697\"><strong data-start=\"624\" data-end=\"635\">Dise\u00f1o:<\/strong> Espalda cruzada para mayor soporte y libertad de movimiento<\/li>\n<li data-start=\"698\" data-end=\"764\"><strong data-start=\"700\" data-end=\"710\">Corte:<\/strong> Ajuste ce\u00f1ido y ergon\u00f3mico para mejor hidrodin\u00e1mica<\/li>\n<li data-start=\"765\" data-end=\"815\"><strong data-start=\"767\" data-end=\"777\">Color:<\/strong> Azul con detalles en blanco y negro<\/li>\n<li data-start=\"816\" data-end=\"891\"><strong data-start=\"818\" data-end=\"838\">Uso recomendado:<\/strong> Nataci\u00f3n, entrenamientos en piscina y competencias<\/li>\n<li data-start=\"892\" data-end=\"927\"><strong data-start=\"894\" data-end=\"905\">Estilo:<\/strong> Deportivo y cl\u00e1sico<\/li>\n<li data-start=\"928\" data-end=\"958\"><strong data-start=\"930\" data-end=\"944\">Temporada:<\/strong> Todo el a\u00f1o<\/li>\n<\/ul>\n<h3 data-start=\"960\" data-end=\"989\"><strong data-start=\"964\" data-end=\"987\">El paquete incluye:<\/strong><\/h3>\n<ul>\n<li data-start=\"990\" data-end=\"1068\">1 x Traje de ba\u00f1o FILA Nataci\u00f3n Clas<\/li>\n<li data-start=\"990\" data-end=\"1068\">1 x Etiqueta original de la marca<\/li>\n<\/ul>\n<p data-start=\"1070\" data-end=\"1212\" data-is-last-node=\"\" data-is-only-node=\"\"><strong data-start=\"1070\" data-end=\"1091\">Tipo de producto:<\/strong> Traje de ba\u00f1o femenino de alto rendimiento, ideal para entrenamientos y competiciones con el mejor ajuste y resistencia.<\/p>\n","protected":false},"excerpt":{"rendered":"<p>FILA Traje de Ba\u00f1o Femenino Nataci\u00f3n Clas El FILA Traje de Ba\u00f1o Femenino Nataci\u00f3n Clas (F12SM00057 3354) es la elecci\u00f3n<\/p>\n","protected":false},"featured_media":74770,"comment_status":"open","ping_status":"closed","template":"","meta":{"nf_dc_page":""},"product_brand":[],"product_cat":[73],"product_tag":[],"class_list":{"0":"post-74769","1":"product","2":"type-product","3":"status-publish","4":"has-post-thumbnail","6":"product_cat-femenino","8":"first","9":"instock","10":"shipping-taxable","11":"purchasable","12":"product-type-simple"},"_links":{"self":[{"href":"https:\/\/brandss.com.py\/index\/wp-json\/wp\/v2\/product\/74769","targetHints":{"allow":["GET"]}}],"collection":[{"href":"https:\/\/brandss.com.py\/index\/wp-json\/wp\/v2\/product"}],"about":[{"href":"https:\/\/brandss.com.py\/index\/wp-json\/wp\/v2\/types\/product"}],"replies":[{"embeddable":true,"href":"https:\/\/brandss.com.py\/index\/wp-json\/wp\/v2\/comments?post=74769"}],"version-history":[{"count":1,"href":"https:\/\/brandss.com.py\/index\/wp-json\/wp\/v2\/product\/74769\/revisions"}],"predecessor-version":[{"id":74774,"href":"https:\/\/brandss.com.py\/index\/wp-json\/wp\/v2\/product\/74769\/revisions\/74774"}],"wp:featuredmedia":[{"embeddable":true,"href":"https:\/\/brandss.com.py\/index\/wp-json\/wp\/v2\/media\/74770"}],"wp:attachment":[{"href":"https:\/\/brandss.com.py\/index\/wp-json\/wp\/v2\/media?parent=74769"}],"wp:term":[{"taxonomy":"product_brand","embeddable":true,"href":"https:\/\/brandss.com.py\/index\/wp-json\/wp\/v2\/product_brand?post=74769"},{"taxonomy":"product_cat","embeddable":true,"href":"https:\/\/brandss.com.py\/index\/wp-json\/wp\/v2\/product_cat?post=74769"},{"taxonomy":"product_tag","embeddable":true,"href":"https:\/\/brandss.com.py\/index\/wp-json\/wp\/v2\/product_tag?post=74769"}],"curies":[{"name":"wp","href":"https:\/\/api.w.org\/{rel}","templated":true}]}}