{"id":74785,"date":"2025-03-04T16:56:55","date_gmt":"2025-03-04T16:56:55","guid":{"rendered":"https:\/\/brandss.com.py\/index\/?post_type=product&#038;p=74785"},"modified":"2025-03-04T16:57:35","modified_gmt":"2025-03-04T16:57:35","slug":"short-deportivo-femenino-asics-core-running-2n1","status":"publish","type":"product","link":"https:\/\/brandss.com.py\/index\/producto\/short-deportivo-femenino-asics-core-running-2n1\/","title":{"rendered":"SHORT DEPORTIVO FEMENINO ASICS CORE RUNNING 2N1"},"content":{"rendered":"<p><img loading=\"lazy\" decoding=\"async\" class=\"\" src=\"https:\/\/cdn.freebiesupply.com\/logos\/large\/2x\/asics-6-logo-black-and-white.png\" alt=\"Asics Logo PNG Transparent &amp; SVG Vector - Freebie Supply\" width=\"166\" height=\"54\" \/><\/p>\n<h1>CORE RUNNING 2N1<\/h1>\n<div id=\"shopify-section-template--21720099356993__main\" class=\"shopify-section product--section section--canonical\">\n<section class=\"\n    product__container\n    product__container--two-columns\n  \" data-product-wrapper=\"\"><\/p>\n<article class=\"product--outer\">\n<div class=\"product-main ws-pd-done\">\n<div class=\"product-details\" data-product-details=\"\">\n<div class=\"\n            product-block\n            product-block--description\n\n          \"><\/p>\n<div class=\"product-description rte\" data-product-description=\"\">Los pantalones cortos Asics Core 2in1 para mujer aportan versatilidad y m\u00e1s comodidad para que las deportistas entrenen con todo el apoyo que necesitan.<br \/>\nConfeccionados con poli\u00e9ster y elastano, los pantalones cortos Asics son ligeros y maleables, un tejido que ayuda a secar el sudor r\u00e1pidamente.<br \/>\nAdem\u00e1s, el pantal\u00f3n corto Asics Core 2in1 para mujer cuenta con un bolsillo interno y cintura el\u00e1stica con cord\u00f3n para un ajuste personalizado al cuerpo.<\/div>\n<\/div>\n<div data-product-description=\"\"><\/div>\n<h3>Caracter\u00edsticas<\/h3>\n<div class=\"\n            product-block\n            product-block--description\n\n          \"><\/p>\n<div data-product-description=\"\">\n<p><strong>Marca<\/strong>: Asics.<\/p>\n<p><strong>G\u00e9nero<\/strong>: femenino.<\/p>\n<p><strong>Disciplina<\/strong>: running.<\/p>\n<p><strong>Color:<\/strong> Negro.<\/p>\n<p><strong>Modelo:<\/strong> WSB3482.90.<\/p>\n<\/div>\n<\/div>\n<\/div>\n<\/div>\n<\/article>\n<\/section>\n<\/div>\n","protected":false},"excerpt":{"rendered":"<p>CORE RUNNING 2N1 Los pantalones cortos Asics Core 2in1 para mujer aportan versatilidad y m\u00e1s comodidad para que las deportistas<\/p>\n","protected":false},"featured_media":74796,"comment_status":"open","ping_status":"closed","template":"","meta":{"nf_dc_page":""},"product_brand":[],"product_cat":[73],"product_tag":[],"class_list":{"0":"post-74785","1":"product","2":"type-product","3":"status-publish","4":"has-post-thumbnail","6":"product_cat-femenino","8":"first","9":"instock","10":"shipping-taxable","11":"purchasable","12":"product-type-simple"},"_links":{"self":[{"href":"https:\/\/brandss.com.py\/index\/wp-json\/wp\/v2\/product\/74785","targetHints":{"allow":["GET"]}}],"collection":[{"href":"https:\/\/brandss.com.py\/index\/wp-json\/wp\/v2\/product"}],"about":[{"href":"https:\/\/brandss.com.py\/index\/wp-json\/wp\/v2\/types\/product"}],"replies":[{"embeddable":true,"href":"https:\/\/brandss.com.py\/index\/wp-json\/wp\/v2\/comments?post=74785"}],"version-history":[{"count":1,"href":"https:\/\/brandss.com.py\/index\/wp-json\/wp\/v2\/product\/74785\/revisions"}],"predecessor-version":[{"id":74800,"href":"https:\/\/brandss.com.py\/index\/wp-json\/wp\/v2\/product\/74785\/revisions\/74800"}],"wp:featuredmedia":[{"embeddable":true,"href":"https:\/\/brandss.com.py\/index\/wp-json\/wp\/v2\/media\/74796"}],"wp:attachment":[{"href":"https:\/\/brandss.com.py\/index\/wp-json\/wp\/v2\/media?parent=74785"}],"wp:term":[{"taxonomy":"product_brand","embeddable":true,"href":"https:\/\/brandss.com.py\/index\/wp-json\/wp\/v2\/product_brand?post=74785"},{"taxonomy":"product_cat","embeddable":true,"href":"https:\/\/brandss.com.py\/index\/wp-json\/wp\/v2\/product_cat?post=74785"},{"taxonomy":"product_tag","embeddable":true,"href":"https:\/\/brandss.com.py\/index\/wp-json\/wp\/v2\/product_tag?post=74785"}],"curies":[{"name":"wp","href":"https:\/\/api.w.org\/{rel}","templated":true}]}}