{"id":74801,"date":"2025-03-04T17:41:40","date_gmt":"2025-03-04T17:41:40","guid":{"rendered":"https:\/\/brandss.com.py\/index\/?post_type=product&#038;p=74801"},"modified":"2025-03-04T17:43:34","modified_gmt":"2025-03-04T17:43:34","slug":"short-deportivo-femenino-asics-core-running-3in","status":"publish","type":"product","link":"https:\/\/brandss.com.py\/index\/producto\/short-deportivo-femenino-asics-core-running-3in\/","title":{"rendered":"SHORT DEPORTIVO FEMENINO ASICS CORE RUNNING 3IN"},"content":{"rendered":"<p><img loading=\"lazy\" decoding=\"async\" class=\"\" src=\"https:\/\/cdn.freebiesupply.com\/logos\/large\/2x\/asics-6-logo-black-and-white.png\" alt=\"Asics Logo PNG Transparent &amp; SVG Vector - Freebie Supply\" width=\"185\" height=\"60\" \/><\/p>\n<h1>CORE RUNNING 3IN<\/h1>\n<p>&nbsp;<\/p>\n<p>El\u00a0pantal\u00f3n corto Asics 3.5 Inch\u00a0negro\u00a0de\u00a0mujer\u00a0(Colecci\u00f3n Oto\u00f1o\/Invierno) es ideal para tus\u00a0entrenamientos\u00a0de\u00a0carrera.\u00a0 El\u00a0pantal\u00f3n corto Asics 3.5 inch\u00a0de\u00a0mujer\u00a0posee un\u00a0culote integrado ultrasuave\u00a0que har\u00e1 tu\u00a0recorrido de running\u00a0m\u00e1s\u00a0agradable.<\/p>\n<p><strong>Ventajas<\/strong><\/p>\n<ul>\n<li>Culote integrado sin costuras: suavidad, confort y comodidad<\/li>\n<li>1 bolsillo con cremallera: almacenamiento<\/li>\n<li>Cintura el\u00e1stica con cord\u00f3n regulable: sujeci\u00f3n y ajuste<\/li>\n<li>Color: Negro.<\/li>\n<li>Modelo: WSB3630.90<\/li>\n<\/ul>\n","protected":false},"excerpt":{"rendered":"<p>CORE RUNNING 3IN &nbsp; El\u00a0pantal\u00f3n corto Asics 3.5 Inch\u00a0negro\u00a0de\u00a0mujer\u00a0(Colecci\u00f3n Oto\u00f1o\/Invierno) es ideal para tus\u00a0entrenamientos\u00a0de\u00a0carrera.\u00a0 El\u00a0pantal\u00f3n corto Asics 3.5 inch\u00a0de\u00a0mujer\u00a0posee un\u00a0culote<\/p>\n","protected":false},"featured_media":74808,"comment_status":"open","ping_status":"closed","template":"","meta":{"nf_dc_page":""},"product_brand":[],"product_cat":[73],"product_tag":[],"class_list":{"0":"post-74801","1":"product","2":"type-product","3":"status-publish","4":"has-post-thumbnail","6":"product_cat-femenino","8":"first","9":"instock","10":"shipping-taxable","11":"purchasable","12":"product-type-simple"},"_links":{"self":[{"href":"https:\/\/brandss.com.py\/index\/wp-json\/wp\/v2\/product\/74801","targetHints":{"allow":["GET"]}}],"collection":[{"href":"https:\/\/brandss.com.py\/index\/wp-json\/wp\/v2\/product"}],"about":[{"href":"https:\/\/brandss.com.py\/index\/wp-json\/wp\/v2\/types\/product"}],"replies":[{"embeddable":true,"href":"https:\/\/brandss.com.py\/index\/wp-json\/wp\/v2\/comments?post=74801"}],"version-history":[{"count":1,"href":"https:\/\/brandss.com.py\/index\/wp-json\/wp\/v2\/product\/74801\/revisions"}],"predecessor-version":[{"id":74812,"href":"https:\/\/brandss.com.py\/index\/wp-json\/wp\/v2\/product\/74801\/revisions\/74812"}],"wp:featuredmedia":[{"embeddable":true,"href":"https:\/\/brandss.com.py\/index\/wp-json\/wp\/v2\/media\/74808"}],"wp:attachment":[{"href":"https:\/\/brandss.com.py\/index\/wp-json\/wp\/v2\/media?parent=74801"}],"wp:term":[{"taxonomy":"product_brand","embeddable":true,"href":"https:\/\/brandss.com.py\/index\/wp-json\/wp\/v2\/product_brand?post=74801"},{"taxonomy":"product_cat","embeddable":true,"href":"https:\/\/brandss.com.py\/index\/wp-json\/wp\/v2\/product_cat?post=74801"},{"taxonomy":"product_tag","embeddable":true,"href":"https:\/\/brandss.com.py\/index\/wp-json\/wp\/v2\/product_tag?post=74801"}],"curies":[{"name":"wp","href":"https:\/\/api.w.org\/{rel}","templated":true}]}}