{"id":74825,"date":"2025-03-05T11:16:09","date_gmt":"2025-03-05T11:16:09","guid":{"rendered":"https:\/\/brandss.com.py\/index\/?post_type=product&#038;p=74825"},"modified":"2025-09-25T11:55:12","modified_gmt":"2025-09-25T11:55:12","slug":"shampoo-capilar-kumano-yushi-horse-oil-non-silicon-600ml","status":"publish","type":"product","link":"https:\/\/brandss.com.py\/index\/producto\/shampoo-capilar-kumano-yushi-horse-oil-non-silicon-600ml\/","title":{"rendered":"SHAMPOO CAPILAR KUMANO YUSHI HORSE OIL NON SILICON 600ML"},"content":{"rendered":"<p><img loading=\"lazy\" decoding=\"async\" class=\"\" src=\"https:\/\/www.static-src.com\/wcsstore\/Indraprastha\/images\/brandlogo\/\/BRD-22000\/kumano-yushi-logo.png\" alt=\"Jual Kumano Yushi \u2713 Februari 2025 100% Original \u2013 Official Store Indonesia\" width=\"125\" height=\"83\" \/><\/p>\n<h1>HORSE OIL NON SILICON<\/h1>\n<p><span>Champ\u00fa sin silicona con aceite de caballo Kumano Yushi, champ\u00fa con aceite de caballo, cuidado del cabello japon\u00e9s, champ\u00fa sin silicona, champ\u00fa para la salud del cuero cabelludo, reparaci\u00f3n del cabello da\u00f1ado, champ\u00fa con pH equilibrado, aceite de caballo natural. <\/span><span>Mejore la salud y el brillo de su cabello con el champ\u00fa SIN SILICIO con aceite de caballo Kumano Yushi y disfrute de una limpieza suave y nutritiva con cada lavado.<\/span><\/p>\n<div>Mejora tu rutina de cuidado capilar con\u00a0<strong>el champ\u00fa sin siliconas Horse Oil de Kumano Yushi<\/strong>\u00a0, una f\u00f3rmula japonesa de primera calidad enriquecida con aceite de caballo natural. Conocido por su composici\u00f3n similar al sebo humano, el aceite de caballo nutre y repara profundamente el cabello y el cuero cabelludo. Ideal para quienes buscan mejorar la calidad del cabello, controlar la picaz\u00f3n del cuero cabelludo o domar el cabello rebelde, este champ\u00fa sin siliconas ofrece una limpieza suave y eficaz. Mantiene el equilibrio natural del pH de tu piel, asegurando un acabado suave y brillante sin siliconas. Experimenta los beneficios revitalizantes del aceite de caballo mientras penetra profundamente en tu cabello, reparando el da\u00f1o y promoviendo el brillo.<\/div>\n<p>&nbsp;<\/p>\n<div><strong><span>Caracter\u00edsticas principales:<\/span><\/strong><\/div>\n<p>&nbsp;<\/p>\n<div><span>Enriquecido con aceite de caballo natural, muy parecido al sebo humano.<\/span><\/div>\n<div><span>Ideal para mejorar la calidad del cabello y la salud del cuero cabelludo.<\/span><\/div>\n<div><span>Ayuda con la picaz\u00f3n del cuero cabelludo y el cabello rebelde.<\/span><\/div>\n<div><span>F\u00f3rmula sin silicona con un pH equilibrado para adaptarse a la piel.<\/span><\/div>\n<div><span>Proporciona un acabado suave y brillante.<\/span><\/div>\n<div><span>Penetra profundamente para reparar el cabello da\u00f1ado.<\/span><\/div>\n<div>\n<h4><span>C\u00d3MO USARLO<\/span><\/h4>\n<div><span>1. Humedezca bien el cuero cabelludo y el cabello con agua tibia o tibia.<\/span><\/div>\n<div><span>2. Aplique 1 o 2 veces el champ\u00fa sin silicona Kumanoyushi Horse Oil en las palmas de las manos.<\/span><\/div>\n<div><span>3.Aplica el champ\u00fa uniformemente en tu cabello.<\/span><\/div>\n<div><span>4. Masajee hasta formar abundante espuma y luego enjuague bien.<\/span><\/div>\n<div><span>5. Para obtener resultados \u00f3ptimos, utilice a continuaci\u00f3n el acondicionador de aceite de caballo Kumano Yushi.<\/span><\/div>\n<\/div>\n","protected":false},"excerpt":{"rendered":"<p>HORSE OIL NON SILICON Champ\u00fa sin silicona con aceite de caballo Kumano Yushi, champ\u00fa con aceite de caballo, cuidado del<\/p>\n","protected":false},"featured_media":74826,"comment_status":"open","ping_status":"closed","template":"","meta":{"nf_dc_page":""},"product_brand":[],"product_cat":[85],"product_tag":[398],"class_list":{"0":"post-74825","1":"product","2":"type-product","3":"status-publish","4":"has-post-thumbnail","6":"product_cat-cosmeticos","7":"product_tag-398","9":"first","10":"instock","11":"shipping-taxable","12":"purchasable","13":"product-type-simple"},"_links":{"self":[{"href":"https:\/\/brandss.com.py\/index\/wp-json\/wp\/v2\/product\/74825","targetHints":{"allow":["GET"]}}],"collection":[{"href":"https:\/\/brandss.com.py\/index\/wp-json\/wp\/v2\/product"}],"about":[{"href":"https:\/\/brandss.com.py\/index\/wp-json\/wp\/v2\/types\/product"}],"replies":[{"embeddable":true,"href":"https:\/\/brandss.com.py\/index\/wp-json\/wp\/v2\/comments?post=74825"}],"version-history":[{"count":1,"href":"https:\/\/brandss.com.py\/index\/wp-json\/wp\/v2\/product\/74825\/revisions"}],"predecessor-version":[{"id":74831,"href":"https:\/\/brandss.com.py\/index\/wp-json\/wp\/v2\/product\/74825\/revisions\/74831"}],"wp:featuredmedia":[{"embeddable":true,"href":"https:\/\/brandss.com.py\/index\/wp-json\/wp\/v2\/media\/74826"}],"wp:attachment":[{"href":"https:\/\/brandss.com.py\/index\/wp-json\/wp\/v2\/media?parent=74825"}],"wp:term":[{"taxonomy":"product_brand","embeddable":true,"href":"https:\/\/brandss.com.py\/index\/wp-json\/wp\/v2\/product_brand?post=74825"},{"taxonomy":"product_cat","embeddable":true,"href":"https:\/\/brandss.com.py\/index\/wp-json\/wp\/v2\/product_cat?post=74825"},{"taxonomy":"product_tag","embeddable":true,"href":"https:\/\/brandss.com.py\/index\/wp-json\/wp\/v2\/product_tag?post=74825"}],"curies":[{"name":"wp","href":"https:\/\/api.w.org\/{rel}","templated":true}]}}