{"id":74832,"date":"2025-03-05T12:27:33","date_gmt":"2025-03-05T12:27:33","guid":{"rendered":"https:\/\/brandss.com.py\/index\/?post_type=product&#038;p=74832"},"modified":"2025-09-25T11:55:46","modified_gmt":"2025-09-25T11:55:46","slug":"acondicionador-capilar-kumano-yushi-horse-oil-with-tsubaki-oil-600ml","status":"publish","type":"product","link":"https:\/\/brandss.com.py\/index\/producto\/acondicionador-capilar-kumano-yushi-horse-oil-with-tsubaki-oil-600ml\/","title":{"rendered":"ACONDICIONADOR CAPILAR KUMANO YUSHI HORSE OIL WITH TSUBAKI OIL 600ML"},"content":{"rendered":"<p><img loading=\"lazy\" decoding=\"async\" class=\"\" src=\"https:\/\/www.static-src.com\/wcsstore\/Indraprastha\/images\/brandlogo\/\/BRD-22000\/kumano-yushi-logo.png\" alt=\"Jual Kumano Yushi \u2713 Februari 2025 100% Original \u2013 Official Store Indonesia\" width=\"152\" height=\"101\" \/><\/p>\n<h1>HORSE OIL WITH TSUBAKI OIL<\/h1>\n<p><span>El acondicionador de aceite de caballo Kumano Yushi contiene aceite natural de caballo que tiene la composici\u00f3n m\u00e1s cercana al sebo humano. <\/span><span>Este acondicionador japon\u00e9s est\u00e1 recomendado para personas que quieran mejorar el estado de su cabello. Los componentes del aceite de caballo penetran profundamente en el cabello, repar\u00e1ndolo y suaviz\u00e1ndolo.<\/span><\/p>\n<p><span>Debido a que es un acondicionador sin silicona y con el mismo pH que la piel, es suave para el cabello y el cuero cabelludo, lo que le da brillo al cabello.<\/span><\/p>\n<h3>Beneficios<\/h3>\n<p>Este acondicionador ayuda a hidratar y reparar el cabello da\u00f1ado, dej\u00e1ndolo suave, terso y brillante. Tambi\u00e9n ayuda a desenredar el cabello y reducir el encrespamiento, facilitando su manejo y peinado.<\/p>\n<h3>Modo de uso<\/h3>\n<p>Despu\u00e9s del champ\u00fa, aplica una cantidad generosa de acondicionador en tu cabello, centr\u00e1ndote en la mitad del largo y las puntas. d\u00e9jalo actuar unos minutos para permitir que el producto penetre en el tallo del cabello y luego enjuaga abundantemente con agua. para obtener mejores resultados, utilice este acondicionador con regularidad como parte de su rutina de cuidado del cabello.<\/p>\n","protected":false},"excerpt":{"rendered":"<p>HORSE OIL WITH TSUBAKI OIL El acondicionador de aceite de caballo Kumano Yushi contiene aceite natural de caballo que tiene<\/p>\n","protected":false},"featured_media":74833,"comment_status":"open","ping_status":"closed","template":"","meta":{"nf_dc_page":""},"product_brand":[],"product_cat":[85],"product_tag":[399],"class_list":{"0":"post-74832","1":"product","2":"type-product","3":"status-publish","4":"has-post-thumbnail","6":"product_cat-cosmeticos","7":"product_tag-399","9":"first","10":"instock","11":"shipping-taxable","12":"purchasable","13":"product-type-simple"},"_links":{"self":[{"href":"https:\/\/brandss.com.py\/index\/wp-json\/wp\/v2\/product\/74832","targetHints":{"allow":["GET"]}}],"collection":[{"href":"https:\/\/brandss.com.py\/index\/wp-json\/wp\/v2\/product"}],"about":[{"href":"https:\/\/brandss.com.py\/index\/wp-json\/wp\/v2\/types\/product"}],"replies":[{"embeddable":true,"href":"https:\/\/brandss.com.py\/index\/wp-json\/wp\/v2\/comments?post=74832"}],"version-history":[{"count":1,"href":"https:\/\/brandss.com.py\/index\/wp-json\/wp\/v2\/product\/74832\/revisions"}],"predecessor-version":[{"id":74843,"href":"https:\/\/brandss.com.py\/index\/wp-json\/wp\/v2\/product\/74832\/revisions\/74843"}],"wp:featuredmedia":[{"embeddable":true,"href":"https:\/\/brandss.com.py\/index\/wp-json\/wp\/v2\/media\/74833"}],"wp:attachment":[{"href":"https:\/\/brandss.com.py\/index\/wp-json\/wp\/v2\/media?parent=74832"}],"wp:term":[{"taxonomy":"product_brand","embeddable":true,"href":"https:\/\/brandss.com.py\/index\/wp-json\/wp\/v2\/product_brand?post=74832"},{"taxonomy":"product_cat","embeddable":true,"href":"https:\/\/brandss.com.py\/index\/wp-json\/wp\/v2\/product_cat?post=74832"},{"taxonomy":"product_tag","embeddable":true,"href":"https:\/\/brandss.com.py\/index\/wp-json\/wp\/v2\/product_tag?post=74832"}],"curies":[{"name":"wp","href":"https:\/\/api.w.org\/{rel}","templated":true}]}}