{"id":74844,"date":"2025-03-05T13:54:32","date_gmt":"2025-03-05T13:54:32","guid":{"rendered":"https:\/\/brandss.com.py\/index\/?post_type=product&#038;p=74844"},"modified":"2025-09-24T18:58:55","modified_gmt":"2025-09-24T18:58:55","slug":"gel-de-ducha-corporal-kumano-yushi-horse-oil-moisture-600ml","status":"publish","type":"product","link":"https:\/\/brandss.com.py\/index\/producto\/gel-de-ducha-corporal-kumano-yushi-horse-oil-moisture-600ml\/","title":{"rendered":"GEL DE DUCHA CORPORAL KUMANO YUSHI HORSE OIL MOISTURE 600ML"},"content":{"rendered":"<p><img loading=\"lazy\" decoding=\"async\" class=\"\" src=\"https:\/\/www.static-src.com\/wcsstore\/Indraprastha\/images\/brandlogo\/\/BRD-22000\/kumano-yushi-logo.png\" alt=\"Jual Kumano Yushi \u2713 Februari 2025 100% Original \u2013 Official Store Indonesia\" width=\"126\" height=\"84\" \/><\/p>\n<h1>HORSE OIL MOISTURE<\/h1>\n<div class=\"product-short-description\">\n<p>El jab\u00f3n corporal humectante Kumano Jap\u00f3n 600 ml es un producto extra\u00eddo del aceite de grasa de caballo. El aceite de caballo es conocido como una grasa natural que es eficaz para hidratar y mantener la piel h\u00fameda durante mucho tiempo. El jab\u00f3n corporal humectante Kumano contiene extracto de jugo de caqui natural y tambi\u00e9n el desinfectante isopropilmetilfenol. Los beneficios de ba\u00f1arse con este jab\u00f3n son la esterilizaci\u00f3n y desinfecci\u00f3n de bacterias causantes de los malos olores. Tambi\u00e9n ayuda a reducir el olor del sudor.<\/p>\n<p>Adem\u00e1s de limpiar la suciedad, el sudor y el exceso de sebo (grasa), el jab\u00f3n corporal hidratante tambi\u00e9n contiene \u00e1cido hialur\u00f3nico que hidrata y deja la piel m\u00e1s suave.<\/p>\n<ul>\n<li>Una f\u00f3rmula \u00e1cida suave que es delicada con la piel.<\/li>\n<li>El producto contiene aceite de caballo, un f\u00e1rmaco milagroso para hidratar la piel.<\/li>\n<li>El producto contiene l\u00edpidos y ceramidas para ayudar a mejorar la textura de la piel.<\/li>\n<li>El producto contiene algas y aceite de Tsubaki para calmar la piel seca y agrietada.<\/li>\n<li>Contiene \u00e1cido hialur\u00f3nico, ingrediente humectante<\/li>\n<\/ul>\n<\/div>\n<p><span>Modo de uso:<\/span><br \/>\n<span>Con la piel h\u00fameda y despu\u00e9s del ba\u00f1o, frotar por todo el cuerpo hasta formar espuma y enjuagar con agua.<\/span><\/p>\n","protected":false},"excerpt":{"rendered":"<p>HORSE OIL MOISTURE El jab\u00f3n corporal humectante Kumano Jap\u00f3n 600 ml es un producto extra\u00eddo del aceite de grasa de<\/p>\n","protected":false},"featured_media":74845,"comment_status":"open","ping_status":"closed","template":"","meta":{"nf_dc_page":""},"product_brand":[],"product_cat":[94],"product_tag":[377],"class_list":{"0":"post-74844","1":"product","2":"type-product","3":"status-publish","4":"has-post-thumbnail","6":"product_cat-higiene-personal","7":"product_tag-377","9":"first","10":"instock","11":"shipping-taxable","12":"purchasable","13":"product-type-simple"},"_links":{"self":[{"href":"https:\/\/brandss.com.py\/index\/wp-json\/wp\/v2\/product\/74844","targetHints":{"allow":["GET"]}}],"collection":[{"href":"https:\/\/brandss.com.py\/index\/wp-json\/wp\/v2\/product"}],"about":[{"href":"https:\/\/brandss.com.py\/index\/wp-json\/wp\/v2\/types\/product"}],"replies":[{"embeddable":true,"href":"https:\/\/brandss.com.py\/index\/wp-json\/wp\/v2\/comments?post=74844"}],"version-history":[{"count":1,"href":"https:\/\/brandss.com.py\/index\/wp-json\/wp\/v2\/product\/74844\/revisions"}],"predecessor-version":[{"id":74853,"href":"https:\/\/brandss.com.py\/index\/wp-json\/wp\/v2\/product\/74844\/revisions\/74853"}],"wp:featuredmedia":[{"embeddable":true,"href":"https:\/\/brandss.com.py\/index\/wp-json\/wp\/v2\/media\/74845"}],"wp:attachment":[{"href":"https:\/\/brandss.com.py\/index\/wp-json\/wp\/v2\/media?parent=74844"}],"wp:term":[{"taxonomy":"product_brand","embeddable":true,"href":"https:\/\/brandss.com.py\/index\/wp-json\/wp\/v2\/product_brand?post=74844"},{"taxonomy":"product_cat","embeddable":true,"href":"https:\/\/brandss.com.py\/index\/wp-json\/wp\/v2\/product_cat?post=74844"},{"taxonomy":"product_tag","embeddable":true,"href":"https:\/\/brandss.com.py\/index\/wp-json\/wp\/v2\/product_tag?post=74844"}],"curies":[{"name":"wp","href":"https:\/\/api.w.org\/{rel}","templated":true}]}}