{"id":74886,"date":"2025-03-05T16:43:12","date_gmt":"2025-03-05T16:43:12","guid":{"rendered":"https:\/\/brandss.com.py\/index\/?post_type=product&#038;p=74886"},"modified":"2025-09-24T18:59:43","modified_gmt":"2025-09-24T18:59:43","slug":"shampoo-hidratante-capilar-karseell-maca-essence-500ml","status":"publish","type":"product","link":"https:\/\/brandss.com.py\/index\/producto\/shampoo-hidratante-capilar-karseell-maca-essence-500ml\/","title":{"rendered":"SHAMPOO HIDRATANTE CAPILAR KARSEELL MACA ESSENCE 500ML"},"content":{"rendered":"<p><img loading=\"lazy\" decoding=\"async\" class=\"\" src=\"https:\/\/www.karseell.com\/wp-content\/uploads\/2024\/08\/cropped-logo-1.png\" alt=\"Tienda oficial de karseell: productos profesionales para el cuidado del cabello\" width=\"189\" height=\"77\" \/><\/p>\n<h1>MACA ESSENCE<\/h1>\n<p>Presentamos el champ\u00fa hidratante Karseell Maca Essence, un tratamiento suntuoso e hidratante para tu cabello. Nuestro envase de 500 ml est\u00e1 enriquecido con el poder de la esencia de maca, que le ofrece a tu cabello una explosi\u00f3n de hidrataci\u00f3n, vitalidad y un toque de lujo.<\/p>\n<p>Enriquecido con esencia de maca, una fuente natural conocida por sus propiedades nutritivas, nuestro champ\u00fa hidratante est\u00e1 dise\u00f1ado para infundir vida y vitalidad a tu cabello. La esencia de maca promueve la salud general del cabello, dejando tus hebras con un aspecto y una sensaci\u00f3n de rejuvenecimiento.<\/p>\n<p>Dile adi\u00f3s a los mechones secos y sin brillo. Nuestro champ\u00fa hidratante est\u00e1 especialmente formulado para proporcionar una hidrataci\u00f3n intensa, calmando la sed de tu cabello y restaurando su equilibrio de hidrataci\u00f3n natural. Del\u00e9itate con la sensaci\u00f3n de tener hebras suaves y sedosas que irradian salud.<\/p>\n<p>Experimenta la espuma indulgente de nuestro champ\u00fa mientras limpia suavemente tu cabello y cuero cabelludo. La textura sedosa garantiza una experiencia de mimo, eliminando eficazmente las impurezas sin eliminar los aceites naturales de tu cabello.<\/p>\n<p>&nbsp;<\/p>\n<p><strong><span class=\"a-list-item\">Hidratante y Nutritivo\u00a0<\/span><\/strong><\/p>\n<p><span class=\"a-list-item\"><br \/>\nKarseell champ\u00fa de aceite de arg\u00e1n es rico en vitamina E. Repara la bifurcaci\u00f3n del cabello, hidrata el cabello y le da un brillo resplandeciente. Es un gran ingrediente que hidrata y protege el cabello de los da\u00f1os causados por los rayos UV.<\/span><\/p>\n<p><strong><span class=\"a-list-item\">Cuidado suave del cabello\u00a0<\/span><\/strong><\/p>\n<p><span class=\"a-list-item\">Karseell Champ\u00fa limpia suavemente, hidrata y protege el cabello de los da\u00f1os ambientales. Nutre profundamente el cabello y mejora su estructura, dej\u00e1ndolo brillante y suave.<\/span><\/p>\n<p><strong><span class=\"a-list-item\">Fragancia de f\u00f3rmula Italiana <\/span><\/strong><\/p>\n<p><span class=\"a-list-item\">Encantador aroma, fragancia de f\u00f3rmula italiana que es agradable, no irritante. Karseell maca power champ\u00fa no contiene sulfatos, parabenos ni est\u00e1 testado en animales.<\/span><\/p>\n<p><strong><span class=\"a-list-item\">Para todo tipo de cabello\u00a0<\/span><\/strong><\/p>\n<p><span class=\"a-list-item\">El champ\u00fa hidratante de calidad de sal\u00f3n es adecuado para todo tipo de cabello y es particularmente eficaz para el cabello seco y da\u00f1ado.<\/span><\/p>\n<p><strong><span class=\"a-list-item\">Acerca de Karseell<\/span><\/strong><\/p>\n<p><span class=\"a-list-item\">Karseell se centra en el desarrollo de productos de alta calidad y siempre ha estado comprometida con la industria del cuidado del cabello para traer los mejores productos de cuidado del cabello para el mundo.<\/span><\/p>\n","protected":false},"excerpt":{"rendered":"<p>MACA ESSENCE Presentamos el champ\u00fa hidratante Karseell Maca Essence, un tratamiento suntuoso e hidratante para tu cabello. Nuestro envase de<\/p>\n","protected":false},"featured_media":74895,"comment_status":"open","ping_status":"closed","template":"","meta":{"nf_dc_page":""},"product_brand":[115],"product_cat":[85],"product_tag":[379],"class_list":{"0":"post-74886","1":"product","2":"type-product","3":"status-publish","4":"has-post-thumbnail","6":"product_brand-karseell","7":"product_cat-cosmeticos","8":"product_tag-379","10":"first","11":"instock","12":"shipping-taxable","13":"purchasable","14":"product-type-simple"},"_links":{"self":[{"href":"https:\/\/brandss.com.py\/index\/wp-json\/wp\/v2\/product\/74886","targetHints":{"allow":["GET"]}}],"collection":[{"href":"https:\/\/brandss.com.py\/index\/wp-json\/wp\/v2\/product"}],"about":[{"href":"https:\/\/brandss.com.py\/index\/wp-json\/wp\/v2\/types\/product"}],"replies":[{"embeddable":true,"href":"https:\/\/brandss.com.py\/index\/wp-json\/wp\/v2\/comments?post=74886"}],"version-history":[{"count":2,"href":"https:\/\/brandss.com.py\/index\/wp-json\/wp\/v2\/product\/74886\/revisions"}],"predecessor-version":[{"id":74908,"href":"https:\/\/brandss.com.py\/index\/wp-json\/wp\/v2\/product\/74886\/revisions\/74908"}],"wp:featuredmedia":[{"embeddable":true,"href":"https:\/\/brandss.com.py\/index\/wp-json\/wp\/v2\/media\/74895"}],"wp:attachment":[{"href":"https:\/\/brandss.com.py\/index\/wp-json\/wp\/v2\/media?parent=74886"}],"wp:term":[{"taxonomy":"product_brand","embeddable":true,"href":"https:\/\/brandss.com.py\/index\/wp-json\/wp\/v2\/product_brand?post=74886"},{"taxonomy":"product_cat","embeddable":true,"href":"https:\/\/brandss.com.py\/index\/wp-json\/wp\/v2\/product_cat?post=74886"},{"taxonomy":"product_tag","embeddable":true,"href":"https:\/\/brandss.com.py\/index\/wp-json\/wp\/v2\/product_tag?post=74886"}],"curies":[{"name":"wp","href":"https:\/\/api.w.org\/{rel}","templated":true}]}}