{"id":74887,"date":"2025-03-05T16:39:26","date_gmt":"2025-03-05T16:39:26","guid":{"rendered":"https:\/\/brandss.com.py\/index\/?post_type=product&#038;p=74887"},"modified":"2025-03-05T16:39:26","modified_gmt":"2025-03-05T16:39:26","slug":"falda-deportiva-femenina-fila-tennis-skort-basic","status":"publish","type":"product","link":"https:\/\/brandss.com.py\/index\/producto\/falda-deportiva-femenina-fila-tennis-skort-basic\/","title":{"rendered":"FALDA DEPORTIVA FEMENINA FILA TENNIS SKORT BASIC"},"content":{"rendered":"<h1 data-start=\"0\" data-end=\"90\"><img decoding=\"async\" src=\"https:\/\/i0.wp.com\/1000marcas.net\/wp-content\/uploads\/2019\/12\/logo-Fila.png?resize=140%2C79&amp;ssl=1\" \/><\/h1>\n<h1 data-start=\"0\" data-end=\"90\">FILA Falda Deportiva Femenina Tennis Skort Basic<\/h1>\n<p data-start=\"92\" data-end=\"418\">La FILA Falda Deportiva Femenina Tennis Skort Basic (F12TN00277 3539) combina la elegancia de una falda con la funcionalidad de un short interior, brindando comodidad y libertad de movimiento en cada set. Su dise\u00f1o moderno y tejido transpirable la hacen ideal para jugadoras que buscan rendimiento y estilo en la cancha.<\/p>\n<h3 data-start=\"420\" data-end=\"446\"><strong data-start=\"424\" data-end=\"444\">Caracter\u00edsticas:<\/strong><\/h3>\n<ul data-start=\"447\" data-end=\"930\">\n<li data-start=\"447\" data-end=\"466\"><strong data-start=\"449\" data-end=\"459\">Marca:<\/strong> FILA<\/li>\n<li data-start=\"467\" data-end=\"519\"><strong data-start=\"469\" data-end=\"480\">Modelo:<\/strong> Tennis Skort Basic (F12TN00277 3539)<\/li>\n<li data-start=\"520\" data-end=\"578\"><strong data-start=\"522\" data-end=\"531\">Tipo:<\/strong> Falda deportiva femenina con short integrado<\/li>\n<li data-start=\"579\" data-end=\"645\"><strong data-start=\"581\" data-end=\"594\">Material:<\/strong> Poli\u00e9ster ligero con tecnolog\u00eda de secado r\u00e1pido<\/li>\n<li data-start=\"646\" data-end=\"726\"><strong data-start=\"648\" data-end=\"659\">Dise\u00f1o:<\/strong> Corte atl\u00e9tico con short interior para mayor seguridad y confort<\/li>\n<li data-start=\"727\" data-end=\"769\"><strong data-start=\"729\" data-end=\"739\">Corte:<\/strong> Ajuste c\u00f3modo y favorecedor<\/li>\n<li data-start=\"770\" data-end=\"796\" data-is-only-node=\"\"><strong data-start=\"772\" data-end=\"782\">Color:<\/strong> Por definir<\/li>\n<li data-start=\"797\" data-end=\"859\"><strong data-start=\"799\" data-end=\"819\">Uso recomendado:<\/strong> Tenis, p\u00e1del y actividades deportivas<\/li>\n<li data-start=\"860\" data-end=\"899\"><strong data-start=\"862\" data-end=\"873\">Estilo:<\/strong> Deportivo y sofisticado<\/li>\n<li data-start=\"900\" data-end=\"930\"><strong data-start=\"902\" data-end=\"916\">Temporada:<\/strong> Todo el a\u00f1o<\/li>\n<\/ul>\n<h3 data-start=\"932\" data-end=\"961\"><strong data-start=\"936\" data-end=\"959\">El paquete incluye:<\/strong><\/h3>\n<ul>\n<li data-start=\"962\" data-end=\"1037\">1 x Falda FILA Tennis Skort Basic<\/li>\n<li data-start=\"962\" data-end=\"1037\">\u00a01 x Etiqueta original de la marca<\/li>\n<\/ul>\n<p data-start=\"1039\" data-end=\"1157\" data-is-last-node=\"\" data-is-only-node=\"\"><strong data-start=\"1039\" data-end=\"1060\">Tipo de producto:<\/strong> Falda deportiva con short interior, dise\u00f1ada para brindar movilidad y confianza en cada partido.<\/p>\n","protected":false},"excerpt":{"rendered":"<p>FILA Falda Deportiva Femenina Tennis Skort Basic La FILA Falda Deportiva Femenina Tennis Skort Basic (F12TN00277 3539) combina la elegancia<\/p>\n","protected":false},"featured_media":74888,"comment_status":"open","ping_status":"closed","template":"","meta":{"nf_dc_page":""},"product_brand":[],"product_cat":[73],"product_tag":[],"class_list":{"0":"post-74887","1":"product","2":"type-product","3":"status-publish","4":"has-post-thumbnail","6":"product_cat-femenino","8":"first","9":"instock","10":"shipping-taxable","11":"purchasable","12":"product-type-simple"},"_links":{"self":[{"href":"https:\/\/brandss.com.py\/index\/wp-json\/wp\/v2\/product\/74887","targetHints":{"allow":["GET"]}}],"collection":[{"href":"https:\/\/brandss.com.py\/index\/wp-json\/wp\/v2\/product"}],"about":[{"href":"https:\/\/brandss.com.py\/index\/wp-json\/wp\/v2\/types\/product"}],"replies":[{"embeddable":true,"href":"https:\/\/brandss.com.py\/index\/wp-json\/wp\/v2\/comments?post=74887"}],"version-history":[{"count":1,"href":"https:\/\/brandss.com.py\/index\/wp-json\/wp\/v2\/product\/74887\/revisions"}],"predecessor-version":[{"id":74894,"href":"https:\/\/brandss.com.py\/index\/wp-json\/wp\/v2\/product\/74887\/revisions\/74894"}],"wp:featuredmedia":[{"embeddable":true,"href":"https:\/\/brandss.com.py\/index\/wp-json\/wp\/v2\/media\/74888"}],"wp:attachment":[{"href":"https:\/\/brandss.com.py\/index\/wp-json\/wp\/v2\/media?parent=74887"}],"wp:term":[{"taxonomy":"product_brand","embeddable":true,"href":"https:\/\/brandss.com.py\/index\/wp-json\/wp\/v2\/product_brand?post=74887"},{"taxonomy":"product_cat","embeddable":true,"href":"https:\/\/brandss.com.py\/index\/wp-json\/wp\/v2\/product_cat?post=74887"},{"taxonomy":"product_tag","embeddable":true,"href":"https:\/\/brandss.com.py\/index\/wp-json\/wp\/v2\/product_tag?post=74887"}],"curies":[{"name":"wp","href":"https:\/\/api.w.org\/{rel}","templated":true}]}}