{"id":74932,"date":"2025-03-05T17:28:07","date_gmt":"2025-03-05T17:28:07","guid":{"rendered":"https:\/\/brandss.com.py\/index\/?post_type=product&#038;p=74932"},"modified":"2025-03-05T17:46:19","modified_gmt":"2025-03-05T17:46:19","slug":"calzado-casual-masculino-diadora-lifestyle-rocket","status":"publish","type":"product","link":"https:\/\/brandss.com.py\/index\/producto\/calzado-casual-masculino-diadora-lifestyle-rocket\/","title":{"rendered":"CALZADO CASUAL MASCULINO DIADORA LIFESTYLE ROCKET"},"content":{"rendered":"<p><img loading=\"lazy\" decoding=\"async\" class=\"\" src=\"https:\/\/cdn.worldvectorlogo.com\/logos\/diadora-2.svg\" alt=\"Diadora Logotipo Vector - Descarga Gratis SVG | Worldvectorlogo\" width=\"263\" height=\"263\" \/><\/p>\n<h1>ROCKET-M-1111<\/h1>\n<div class=\"flex max-w-full flex-col flex-grow\">\n<div class=\"min-h-8 text-message relative flex w-full flex-col items-end gap-2 whitespace-normal break-words text-start [.text-message+&amp;]:mt-5\" dir=\"auto\" data-message-author-role=\"assistant\" data-message-id=\"a9c87f16-6f1f-4867-b20f-3558b7701c8e\" data-message-model-slug=\"gpt-4o-mini\">\n<div class=\"flex w-full flex-col gap-1 empty:hidden first:pt-[3px]\">\n<div class=\"markdown prose w-full break-words dark:prose-invert light\">\n<p data-start=\"0\" data-end=\"394\"><span>Los calzados Diadora Lifestyle Masculino Rocket M-1111\u00a0 son una opci\u00f3n ideal para aquellos que buscan comodidad, estilo y versatilidad en su calzado diario. Con un dise\u00f1o moderno y elegante, estas zapatillas ofrecen una combinaci\u00f3n perfecta de funcionalidad y est\u00e9tica, siendo perfectas para el d\u00eda a d\u00eda, ya sea para actividades casuales o para un look deportivo c\u00f3modo.<\/span><\/p>\n<p data-start=\"396\" data-end=\"818\"><span>El modelo Rocket M-1111 est\u00e1 confeccionado con materiales de alta calidad que aseguran una gran durabilidad y resistencia, adem\u00e1s de proporcionar un ajuste c\u00f3modo y preciso. Su estructura ligera y flexible permite que el pie se mueva de manera natural, mientras que la parte superior de cuero y materiales sint\u00e9ticos ofrece un acabado premium y una mayor transpirabilidad, manteniendo los pies frescos durante todo el d\u00eda.<\/span><\/p>\n<p data-start=\"820\" data-end=\"1172\"><span>Una de las principales caracter\u00edsticas de este modelo es su suela de goma, que proporciona una excelente tracci\u00f3n y estabilidad en diversas superficies. Esto asegura que, aunque est\u00e9n dise\u00f1ados para un estilo de vida urbano, tambi\u00e9n brindan el soporte necesario para caminar o estar de pie durante largos periodos de tiempo sin que se pierda comodidad.<\/span><\/p>\n<p data-start=\"1174\" data-end=\"1521\"><span>El dise\u00f1o monocrom\u00e1tico en blanco sobre blanco le da a los Diadora Lifestyle Rocket M-1111 un aspecto limpio y elegante, lo que los convierte en un calzado f\u00e1cil de combinar con cualquier conjunto. Ya sea con jeans, pantalones cortos o ropa deportiva, estas zapatillas pueden adaptarse a diferentes estilos, manteniendo siempre un toque c\u00f3modo.<\/span><\/p>\n<p data-start=\"1523\" data-end=\"1816\" data-is-last-node=\"\" data-is-only-node=\"\"><span>En resumen, los Diadora Lifestyle Masculino Rocket M-1111\u00a0 son ideales para aquellos que buscan un calzado c\u00f3modo, moderno y con un alto nivel de versatilidad. Perfectos para el hombre activo y con estilo que quiere disfrutar de un rendimiento diario sin sacrificar la elegancia.<\/span><\/p>\n<\/div>\n<\/div>\n<\/div>\n<\/div>\n<p>&nbsp;<\/p>\n","protected":false},"excerpt":{"rendered":"<p>ROCKET-M-1111 Los calzados Diadora Lifestyle Masculino Rocket M-1111\u00a0 son una opci\u00f3n ideal para aquellos que buscan comodidad, estilo y versatilidad<\/p>\n","protected":false},"featured_media":74934,"comment_status":"open","ping_status":"closed","template":"","meta":{"nf_dc_page":""},"product_brand":[],"product_cat":[76],"product_tag":[],"class_list":{"0":"post-74932","1":"product","2":"type-product","3":"status-publish","4":"has-post-thumbnail","6":"product_cat-masculino","8":"first","9":"instock","10":"shipping-taxable","11":"purchasable","12":"product-type-simple"},"_links":{"self":[{"href":"https:\/\/brandss.com.py\/index\/wp-json\/wp\/v2\/product\/74932","targetHints":{"allow":["GET"]}}],"collection":[{"href":"https:\/\/brandss.com.py\/index\/wp-json\/wp\/v2\/product"}],"about":[{"href":"https:\/\/brandss.com.py\/index\/wp-json\/wp\/v2\/types\/product"}],"replies":[{"embeddable":true,"href":"https:\/\/brandss.com.py\/index\/wp-json\/wp\/v2\/comments?post=74932"}],"version-history":[{"count":1,"href":"https:\/\/brandss.com.py\/index\/wp-json\/wp\/v2\/product\/74932\/revisions"}],"predecessor-version":[{"id":74935,"href":"https:\/\/brandss.com.py\/index\/wp-json\/wp\/v2\/product\/74932\/revisions\/74935"}],"wp:featuredmedia":[{"embeddable":true,"href":"https:\/\/brandss.com.py\/index\/wp-json\/wp\/v2\/media\/74934"}],"wp:attachment":[{"href":"https:\/\/brandss.com.py\/index\/wp-json\/wp\/v2\/media?parent=74932"}],"wp:term":[{"taxonomy":"product_brand","embeddable":true,"href":"https:\/\/brandss.com.py\/index\/wp-json\/wp\/v2\/product_brand?post=74932"},{"taxonomy":"product_cat","embeddable":true,"href":"https:\/\/brandss.com.py\/index\/wp-json\/wp\/v2\/product_cat?post=74932"},{"taxonomy":"product_tag","embeddable":true,"href":"https:\/\/brandss.com.py\/index\/wp-json\/wp\/v2\/product_tag?post=74932"}],"curies":[{"name":"wp","href":"https:\/\/api.w.org\/{rel}","templated":true}]}}