{"id":74938,"date":"2025-03-05T17:48:31","date_gmt":"2025-03-05T17:48:31","guid":{"rendered":"https:\/\/brandss.com.py\/index\/?post_type=product&#038;p=74938"},"modified":"2025-09-24T19:00:40","modified_gmt":"2025-09-24T19:00:40","slug":"tratamiento-capilar-karseell-maca-power-gold-keratin-500ml","status":"publish","type":"product","link":"https:\/\/brandss.com.py\/index\/producto\/tratamiento-capilar-karseell-maca-power-gold-keratin-500ml\/","title":{"rendered":"TRATAMIENTO CAPILAR KARSEELL MACA POWER GOLD KERATIN 500ML"},"content":{"rendered":"<p><img loading=\"lazy\" decoding=\"async\" class=\"\" src=\"https:\/\/www.karseell.com\/wp-content\/uploads\/2024\/08\/cropped-logo-1.png\" alt=\"Tienda oficial de karseell: productos profesionales para el cuidado del  cabello\" width=\"160\" height=\"65\" \/><\/p>\n<h1>MACA POWER GOLD KERATIN<\/h1>\n<p>Terapia de queratina restauradora Maca Essence Gold para una reparaci\u00f3n profunda del cabello seco o da\u00f1ado. La restauraci\u00f3n profunda de queratina nutre y restaura eficazmente el cabello da\u00f1ado y te\u00f1ido, dej\u00e1ndolo brillante y suave. La queratina tiene un efecto alisador en el cabello rizado. El producto es adecuado para todo tipo de cabello.<\/p>\n<h2 data-start=\"429\" data-end=\"461\"><strong data-start=\"433\" data-end=\"459\"><span>\u00bfC\u00f3mo funciona la queratina?<\/span><\/strong><\/h2>\n<p data-start=\"462\" data-end=\"646\"><span>La queratina es la prote\u00edna principal en la estructura del cabello. Con el tiempo, el cabello pierde su queratina natural\u00a0<\/span>debido al tratamiento t\u00e9rmico, te\u00f1idos, decoloraciones y agresiones externas\u00a0.<\/p>\n<p data-start=\"648\" data-end=\"824\">\u2705\u00a0Rellena las zonas da\u00f1adas del cabello y restaura su estructura<br data-start=\"717\" data-end=\"720\" \/>\u2705\u00a0Suaviza y fortalece el cabello desde el interior<br data-start=\"759\" data-end=\"762\" \/>\u2705\u00a0Previene la rotura y sella la humedad en el cabello<\/p>\n<h2 data-start=\"831\" data-end=\"875\"><strong data-start=\"835\" data-end=\"873\"><span>Beneficios de la crema de queratina Karseell<\/span><\/strong><\/h2>\n<p data-start=\"877\" data-end=\"1172\"><span>\u2714\ufe0f\u00a0<\/span>Reconstrucci\u00f3n profunda del cabello\u00a0: fortalece y restaura el cabello da\u00f1ado<br data-start=\"956\" data-end=\"959\" \/>\u2714\ufe0f\u00a0Fortalece la elasticidad y previene la rotura<br data-start=\"1016\" data-end=\"1019\" \/>\u2714\ufe0f\u00a0Agrega suavidad y brillo sedoso<br data-start=\"1058\" data-end=\"1061\" \/>\u2714\ufe0f\u00a0Protecci\u00f3n t\u00e9rmica\u00a0: protege el cabello del da\u00f1o durante el secado y el alisado<br data-start=\"1135\" data-end=\"1138\" \/>\u2714\ufe0f\u00a0No lo apelmaza ni lo engrasa<\/p>\n<p data-start=\"1174\" data-end=\"1308\"><span>\ud83d\udca1\u00a0<\/span><strong data-start=\"1177\" data-end=\"1192\"><span>Ideal para:<\/span><\/strong><br data-start=\"1192\" data-end=\"1195\" \/><span>\ud83d\udd39 Cabello seco, da\u00f1ado y te\u00f1ido<\/span><br data-start=\"1229\" data-end=\"1232\" \/><span>\ud83d\udd39 Cabello quebradizo y tratado<\/span><br data-start=\"1259\" data-end=\"1262\" \/><span>\ud83d\udd39 Cabello que ha perdido su elasticidad<\/span><\/p>\n<h2 data-start=\"1315\" data-end=\"1366\"><strong data-start=\"1319\" data-end=\"1364\"><span>\u00bfC\u00f3mo utilizar la crema de queratina Karseell?<\/span><\/strong><\/h2>\n<p data-start=\"1368\" data-end=\"1543\">\ud83d\udccc\u00a0Aplicar una peque\u00f1a cantidad sobre el cabello h\u00famedo o seco<br data-start=\"1425\" data-end=\"1428\" \/>\ud83d\udccc\u00a0Distribuir uniformemente a lo largo y a las puntas<br data-start=\"1480\" data-end=\"1483\" \/>\ud83d\udccc\u00a0Dejar actuar y peinar como de costumbre<\/p>\n<p data-start=\"1545\" data-end=\"1607\">\ud83d\udca1\u00a0Perfecto para uso diario: \u00a1no apelmaza el cabello!<\/p>\n<h2 data-start=\"1614\" data-end=\"1664\"><strong data-start=\"1618\" data-end=\"1662\"><span>\u00bfPor qu\u00e9 elegir la crema de queratina Karseell?<\/span><\/strong><\/h2>\n<p data-start=\"1666\" data-end=\"1909\">\u2714\u00a0F\u00f3rmula profesional utilizada en salones<br data-start=\"1714\" data-end=\"1717\" \/>\u2714\u00a0Restauraci\u00f3n real, no solo un efecto cosm\u00e9tico<br data-start=\"1773\" data-end=\"1776\" \/>\u2714\u00a0Acci\u00f3n r\u00e1pida: resultados despu\u00e9s de las primeras aplicaciones<br data-start=\"1843\" data-end=\"1846\" \/>\u2714\u00a0Protege el cabello y extiende la vida de las hebras te\u00f1idas<\/p>\n<p data-start=\"1911\" data-end=\"1983\">\ud83d\udc96 \u00a1\u00a0Restaura tu cabello con un cuidado de queratina que realmente funciona!<\/p>\n","protected":false},"excerpt":{"rendered":"<p>MACA POWER GOLD KERATIN Terapia de queratina restauradora Maca Essence Gold para una reparaci\u00f3n profunda del cabello seco o da\u00f1ado.<\/p>\n","protected":false},"featured_media":74946,"comment_status":"open","ping_status":"closed","template":"","meta":{"nf_dc_page":""},"product_brand":[115],"product_cat":[85],"product_tag":[382],"class_list":{"0":"post-74938","1":"product","2":"type-product","3":"status-publish","4":"has-post-thumbnail","6":"product_brand-karseell","7":"product_cat-cosmeticos","8":"product_tag-382","10":"first","11":"instock","12":"shipping-taxable","13":"purchasable","14":"product-type-simple"},"_links":{"self":[{"href":"https:\/\/brandss.com.py\/index\/wp-json\/wp\/v2\/product\/74938","targetHints":{"allow":["GET"]}}],"collection":[{"href":"https:\/\/brandss.com.py\/index\/wp-json\/wp\/v2\/product"}],"about":[{"href":"https:\/\/brandss.com.py\/index\/wp-json\/wp\/v2\/types\/product"}],"replies":[{"embeddable":true,"href":"https:\/\/brandss.com.py\/index\/wp-json\/wp\/v2\/comments?post=74938"}],"version-history":[{"count":1,"href":"https:\/\/brandss.com.py\/index\/wp-json\/wp\/v2\/product\/74938\/revisions"}],"predecessor-version":[{"id":74952,"href":"https:\/\/brandss.com.py\/index\/wp-json\/wp\/v2\/product\/74938\/revisions\/74952"}],"wp:featuredmedia":[{"embeddable":true,"href":"https:\/\/brandss.com.py\/index\/wp-json\/wp\/v2\/media\/74946"}],"wp:attachment":[{"href":"https:\/\/brandss.com.py\/index\/wp-json\/wp\/v2\/media?parent=74938"}],"wp:term":[{"taxonomy":"product_brand","embeddable":true,"href":"https:\/\/brandss.com.py\/index\/wp-json\/wp\/v2\/product_brand?post=74938"},{"taxonomy":"product_cat","embeddable":true,"href":"https:\/\/brandss.com.py\/index\/wp-json\/wp\/v2\/product_cat?post=74938"},{"taxonomy":"product_tag","embeddable":true,"href":"https:\/\/brandss.com.py\/index\/wp-json\/wp\/v2\/product_tag?post=74938"}],"curies":[{"name":"wp","href":"https:\/\/api.w.org\/{rel}","templated":true}]}}