{"id":74988,"date":"2025-03-06T12:45:09","date_gmt":"2025-03-06T12:45:09","guid":{"rendered":"https:\/\/brandss.com.py\/index\/?post_type=product&#038;p=74988"},"modified":"2025-09-24T19:01:31","modified_gmt":"2025-09-24T19:01:31","slug":"aceite-capilar-karseell-bnc-argan-60ml","status":"publish","type":"product","link":"https:\/\/brandss.com.py\/index\/producto\/aceite-capilar-karseell-bnc-argan-60ml\/","title":{"rendered":"ACEITE CAPILAR KARSEELL BNC ARG\u00c1N 60ML"},"content":{"rendered":"<p><img loading=\"lazy\" decoding=\"async\" class=\"\" src=\"https:\/\/www.karseell.com\/wp-content\/uploads\/2024\/08\/cropped-logo-1.png\" alt=\"Tienda oficial de karseell: productos profesionales para el cuidado del  cabello\" width=\"168\" height=\"68\" \/><\/p>\n<h1>BNC ARG\u00c1N<\/h1>\n<p>El\u00a0<strong>Argan Oil BNC<\/strong>\u00a0de\u00a0<strong>Karseell<\/strong>\u00a0es un tratamiento natural para el cabello, formulado espec\u00edficamente para reparar el cabello da\u00f1ado y proporcionar un brillo intenso. Este aceite de arg\u00e1n es ideal para cabellos secos o da\u00f1ados y se puede usar tambi\u00e9n en la piel.<\/p>\n<p>El aceite de arg\u00e1n Karseell BNC es una excelente soluci\u00f3n para nutrir y reparar el cabello quebradizo y da\u00f1ado, a la vez que le da a tu piel y u\u00f1as un brillo saludable y radiante. Este vers\u00e1til producto est\u00e1 enriquecido con aceite de arg\u00e1n natural, conocido por su alta concentraci\u00f3n de vitamina E, que ofrece hidrataci\u00f3n y beneficios antienvejecimiento tanto para el cabello como para la piel.<\/p>\n<h3><strong>Beneficios clave:<\/strong><\/h3>\n<p><img loading=\"lazy\" decoding=\"async\" class=\"alignleft\" src=\"https:\/\/s.alicdn.com\/@sc04\/kf\/Ab6086e73fb154a38877bbee2a406fc48h.jpg?avif=close\" width=\"665\" height=\"987\" \/><br \/>\n<strong>\u2022 Nutre el cabello y la piel:<\/strong> Rico en vitamina E, que fortalece y revitaliza el cabello, haci\u00e9ndolo m\u00e1s brillante, m\u00e1s saludable y m\u00e1s resistente.<br \/>\n<strong>\u2022 Ligero y absorbente:<\/strong> El suero de aceite de arg\u00e1n natural se absorbe f\u00e1cilmente en el cabello y la piel, proporcionando nutrici\u00f3n sin sentirse grasoso o pesado.<br \/>\n<strong>\u2022 Propiedades antienvejecimiento:<\/strong> Reduce la piel seca, las arrugas, el enrojecimiento y la irritaci\u00f3n, ayudando a restaurar un brillo juvenil.<br \/>\n<strong>\u2022 Tratamiento multiusos:<\/strong> Conocido por su capacidad para mejorar la vitalidad del cabello al mismo tiempo que act\u00faa como un tratamiento de acondicionamiento profundo para todo tipo de cabello.<br \/>\n<strong>\u2022 Natural y efectivo:<\/strong> Hecho de semillas de arg\u00e1n naturales, proporcionando una soluci\u00f3n poderosa pero suave para el cuidado del cabello y el cuerpo.<\/p>\n<h3><strong>Caracter\u00edsticas Principales:<\/strong><\/h3>\n<ul>\n<li><strong>Reparaci\u00f3n del Cabello Da\u00f1ado:<\/strong>\u00a0Ayuda a restaurar la salud del cabello da\u00f1ado por el calor, tratamientos qu\u00edmicos o factores ambientales.<\/li>\n<li><strong>Aumento del Brillo:<\/strong>\u00a0Mejora la apariencia del cabello, proporcionando un 85% m\u00e1s de brillo.<\/li>\n<li><strong>F\u00e1cil de Peinar:<\/strong>\u00a0Facilita el peinado y reduce el frizz, dejando el cabello suave y manejable.<\/li>\n<li><strong>Reducci\u00f3n de Puntas Abiertas:<\/strong>\u00a0Ayuda a sellar las puntas abiertas, previniendo su aparici\u00f3n futura.<\/li>\n<li><strong>Nutrici\u00f3n:<\/strong>\u00a0Nutre profundamente el cabello, con un aumento de hasta el 92% en la hidrataci\u00f3n.<\/li>\n<li><strong>Uso Vers\u00e1til:<\/strong>\u00a0Se puede usar tanto en el cabello como en la piel, proporcionando hidrataci\u00f3n y suavidad.<\/li>\n<\/ul>\n<h3>\n<span>Modo de uso:<\/span><\/h3>\n<p><span><strong>\u2022 Para el cabello:<\/strong> aplique una peque\u00f1a cantidad de aceite de arg\u00e1n Karseell BNC en las puntas del cabello h\u00famedo o seco. Peine para distribuirlo de manera uniforme y peine como desee.<\/span><br \/>\n<span><strong>\u2022 Para la piel:<\/strong> masajee unas gotas en la piel limpia hasta que se absorba por completo. \u00daselo a diario o seg\u00fan sea necesario para obtener mejores resultados.<\/span><\/p>\n","protected":false},"excerpt":{"rendered":"<p>BNC ARG\u00c1N El\u00a0Argan Oil BNC\u00a0de\u00a0Karseell\u00a0es un tratamiento natural para el cabello, formulado espec\u00edficamente para reparar el cabello da\u00f1ado y proporcionar<\/p>\n","protected":false},"featured_media":74989,"comment_status":"open","ping_status":"closed","template":"","meta":{"nf_dc_page":""},"product_brand":[115],"product_cat":[85],"product_tag":[385],"class_list":{"0":"post-74988","1":"product","2":"type-product","3":"status-publish","4":"has-post-thumbnail","6":"product_brand-karseell","7":"product_cat-cosmeticos","8":"product_tag-385","10":"first","11":"instock","12":"shipping-taxable","13":"purchasable","14":"product-type-simple"},"_links":{"self":[{"href":"https:\/\/brandss.com.py\/index\/wp-json\/wp\/v2\/product\/74988","targetHints":{"allow":["GET"]}}],"collection":[{"href":"https:\/\/brandss.com.py\/index\/wp-json\/wp\/v2\/product"}],"about":[{"href":"https:\/\/brandss.com.py\/index\/wp-json\/wp\/v2\/types\/product"}],"replies":[{"embeddable":true,"href":"https:\/\/brandss.com.py\/index\/wp-json\/wp\/v2\/comments?post=74988"}],"version-history":[{"count":1,"href":"https:\/\/brandss.com.py\/index\/wp-json\/wp\/v2\/product\/74988\/revisions"}],"predecessor-version":[{"id":74999,"href":"https:\/\/brandss.com.py\/index\/wp-json\/wp\/v2\/product\/74988\/revisions\/74999"}],"wp:featuredmedia":[{"embeddable":true,"href":"https:\/\/brandss.com.py\/index\/wp-json\/wp\/v2\/media\/74989"}],"wp:attachment":[{"href":"https:\/\/brandss.com.py\/index\/wp-json\/wp\/v2\/media?parent=74988"}],"wp:term":[{"taxonomy":"product_brand","embeddable":true,"href":"https:\/\/brandss.com.py\/index\/wp-json\/wp\/v2\/product_brand?post=74988"},{"taxonomy":"product_cat","embeddable":true,"href":"https:\/\/brandss.com.py\/index\/wp-json\/wp\/v2\/product_cat?post=74988"},{"taxonomy":"product_tag","embeddable":true,"href":"https:\/\/brandss.com.py\/index\/wp-json\/wp\/v2\/product_tag?post=74988"}],"curies":[{"name":"wp","href":"https:\/\/api.w.org\/{rel}","templated":true}]}}