{"id":75007,"date":"2025-03-06T14:28:46","date_gmt":"2025-03-06T14:28:46","guid":{"rendered":"https:\/\/brandss.com.py\/index\/?post_type=product&#038;p=75007"},"modified":"2025-09-24T19:02:03","modified_gmt":"2025-09-24T19:02:03","slug":"mousse-capilar-karseell-shine-style-bubble-200ml","status":"publish","type":"product","link":"https:\/\/brandss.com.py\/index\/producto\/mousse-capilar-karseell-shine-style-bubble-200ml\/","title":{"rendered":"MOUSSE CAPILAR KARSEELL SHINE STYLE BUBBLE 200ML"},"content":{"rendered":"<p><img loading=\"lazy\" decoding=\"async\" class=\"\" src=\"https:\/\/www.karseell.com\/wp-content\/uploads\/2024\/08\/cropped-logo-1.png\" alt=\"Tienda oficial de karseell: productos profesionales para el cuidado del  cabello\" width=\"138\" height=\"56\" \/><\/p>\n<h1>SHINE STYLE BUBBLE<\/h1>\n<p><span>Lleva tus peinados al siguiente nivel con Karseell BNC Mousse Style Bubble. Esta innovadora mousse ofrece una fijaci\u00f3n ligera y una textura voluminosa para looks chic sin esfuerzo que duran todo el d\u00eda.<\/span><br \/>\n<img loading=\"lazy\" decoding=\"async\" class=\"alignleft\" src=\"https:\/\/s.alicdn.com\/@sc04\/kf\/H746ce6f5be294fb4a76e47ba9ed53614j.jpg?avif=close\" width=\"672\" height=\"672\" \/><br \/>\n<strong>Caracter\u00edsticas principales:<\/strong><br \/>\n<span>\u25cf Fijaci\u00f3n ligera: proporciona una fijaci\u00f3n flexible sin rigidez.<\/span><br \/>\n<span>\u25cf Textura voluminosa: a\u00f1ade volumen y definici\u00f3n a tu cabello.<\/span><br \/>\n<span>\u25cf Tecnolog\u00eda Bubble: se transforma en una espuma ligera y aireada para una f\u00e1cil aplicaci\u00f3n.<\/span><br \/>\n<span>\u25cf Peinado vers\u00e1til: perfecto para crear rizos glamorosos, peinados elegantes u ondas.<\/span><br \/>\n<span>\u25cf Tecnolog\u00eda Bubble \u00fanica:<\/span><br \/>\n<span>formulada con una innovadora tecnolog\u00eda Bubble, esta mousse se transforma en una espuma ligera y aireada al dispensarse, lo que garantiza una distribuci\u00f3n uniforme en todo el cabello para obtener resultados de peinado \u00f3ptimos.<\/span><\/p>\n<p><strong>Adecuado para todo tipo de cabello:<\/strong><br \/>\n<span>ya sea que tengas el cabello liso, rizado u ondulado, Karseell BNC Mousse Style Bubble es adecuado para todo tipo y largo de cabello. Es tu producto ideal para agregar volumen, definici\u00f3n y rebote a tus mechones.<\/span><\/p>\n<p><strong>Modo de uso:<\/strong><br \/>\n<span>\u25cf Agite bien el producto antes de usarlo.<\/span><br \/>\n<span>\u25cf D\u00e9le la vuelta y presione la boquilla para dispensar la espuma.<\/span><br \/>\n<span>\u25cf Tome una cantidad adecuada en la palma de su mano.<\/span><br \/>\n<span>\u25cf Aplique uniformemente sobre el cabello semiseco o mojado con los dedos o herramientas de peinado.<\/span><br \/>\n<span>\u25cf Cree los estilos que desee y disfrute de una fijaci\u00f3n flexible con un movimiento natural.<\/span><\/p>\n<p><strong>Diga adi\u00f3s al cabello r\u00edgido:<\/strong><br \/>\n<span>D\u00edgale adi\u00f3s al cabello r\u00edgido y crujiente y adopte una fijaci\u00f3n flexible y un movimiento natural con Karseell BNC Mousse Style Bubble. Mejore su juego de peinado y logre looks elegantes sin esfuerzo todos los d\u00edas.<\/span><\/p>\n","protected":false},"excerpt":{"rendered":"<p>SHINE STYLE BUBBLE Lleva tus peinados al siguiente nivel con Karseell BNC Mousse Style Bubble. Esta innovadora mousse ofrece una<\/p>\n","protected":false},"featured_media":75008,"comment_status":"open","ping_status":"closed","template":"","meta":{"nf_dc_page":""},"product_brand":[115],"product_cat":[85],"product_tag":[387],"class_list":{"0":"post-75007","1":"product","2":"type-product","3":"status-publish","4":"has-post-thumbnail","6":"product_brand-karseell","7":"product_cat-cosmeticos","8":"product_tag-387","10":"first","11":"instock","12":"shipping-taxable","13":"purchasable","14":"product-type-simple"},"_links":{"self":[{"href":"https:\/\/brandss.com.py\/index\/wp-json\/wp\/v2\/product\/75007","targetHints":{"allow":["GET"]}}],"collection":[{"href":"https:\/\/brandss.com.py\/index\/wp-json\/wp\/v2\/product"}],"about":[{"href":"https:\/\/brandss.com.py\/index\/wp-json\/wp\/v2\/types\/product"}],"replies":[{"embeddable":true,"href":"https:\/\/brandss.com.py\/index\/wp-json\/wp\/v2\/comments?post=75007"}],"version-history":[{"count":1,"href":"https:\/\/brandss.com.py\/index\/wp-json\/wp\/v2\/product\/75007\/revisions"}],"predecessor-version":[{"id":75017,"href":"https:\/\/brandss.com.py\/index\/wp-json\/wp\/v2\/product\/75007\/revisions\/75017"}],"wp:featuredmedia":[{"embeddable":true,"href":"https:\/\/brandss.com.py\/index\/wp-json\/wp\/v2\/media\/75008"}],"wp:attachment":[{"href":"https:\/\/brandss.com.py\/index\/wp-json\/wp\/v2\/media?parent=75007"}],"wp:term":[{"taxonomy":"product_brand","embeddable":true,"href":"https:\/\/brandss.com.py\/index\/wp-json\/wp\/v2\/product_brand?post=75007"},{"taxonomy":"product_cat","embeddable":true,"href":"https:\/\/brandss.com.py\/index\/wp-json\/wp\/v2\/product_cat?post=75007"},{"taxonomy":"product_tag","embeddable":true,"href":"https:\/\/brandss.com.py\/index\/wp-json\/wp\/v2\/product_tag?post=75007"}],"curies":[{"name":"wp","href":"https:\/\/api.w.org\/{rel}","templated":true}]}}