{"id":75018,"date":"2025-03-06T14:51:46","date_gmt":"2025-03-06T14:51:46","guid":{"rendered":"https:\/\/brandss.com.py\/index\/?post_type=product&#038;p=75018"},"modified":"2025-09-24T19:02:17","modified_gmt":"2025-09-24T19:02:17","slug":"mousse-capilar-karseell-mate-bubble-200ml","status":"publish","type":"product","link":"https:\/\/brandss.com.py\/index\/producto\/mousse-capilar-karseell-mate-bubble-200ml\/","title":{"rendered":"MOUSSE CAPILAR KARSEELL MATE BUBBLE 200ML"},"content":{"rendered":"<p><img loading=\"lazy\" decoding=\"async\" class=\"\" src=\"https:\/\/www.karseell.com\/wp-content\/uploads\/2024\/08\/cropped-logo-1.png\" alt=\"Tienda oficial de karseell: productos profesionales para el cuidado del  cabello\" width=\"158\" height=\"64\" \/><\/p>\n<h1>MATE BUBBLE<\/h1>\n<p><span>Prep\u00e1rate para lucir peinados modernos y atrevidos con Karseell BNC Mousse Matte Bubble. Esta exclusiva espuma ofrece un acabado mate y una textura ligera, ideal para crear looks chic con actitud.<\/span><br \/>\n<img decoding=\"async\" class=\"alignleft\" src=\"https:\/\/s.alicdn.com\/@sc04\/kf\/H99ad2ce039c24a5d90dd1f2be253ae0fd.jpg_720x720q50.jpg\" \/><br \/>\n<strong>Caracter\u00edsticas principales:<\/strong><br \/>\n<span>\u25cf Acabado mate: consigue un look mate moderno para tu cabello.<\/span><br \/>\n<span>\u25cf Tecnolog\u00eda Bubble: se transforma en una espuma fina y aireada para volumen y textura instant\u00e1neos.<\/span><br \/>\n<span>\u25cf Peinado vers\u00e1til: perfecto para ondas despeinadas o estilos estructurados y texturizados.<\/span><br \/>\n<span>\u25cf Fijaci\u00f3n duradera: mantiene tu peinado en su lugar todo el d\u00eda sin rigidez ni brillo.<\/span><br \/>\n<span>\u25cf Tecnolog\u00eda Bubble especial:<\/span><br \/>\n<span>elaborada con una innovadora tecnolog\u00eda Bubble, esta espuma crea una espuma fina y aireada tras la aplicaci\u00f3n, proporcionando volumen y textura instant\u00e1neos sin grasa ni residuos.<\/span><\/p>\n<p><strong>Apto para todo tipo de cabello:<\/strong><br \/>\n<span>ya sea que tengas el pelo corto, largo, liso o rizado, Karseell BNC Mousse Matte Bubble es adecuado para todo tipo y longitud de cabello. Es tu producto ideal para un cabello chic sin esfuerzo con un acabado mate moderno.<\/span><\/p>\n<p><strong>C\u00f3mo usar:<\/strong><br \/>\n<span>\u25cf Agite bien el producto antes de usar.<\/span><br \/>\n<span>\u25cf D\u00e9le la vuelta y presione la boquilla para dispensar la espuma.<\/span><br \/>\n<span>\u25cf Tome una cantidad adecuada en la palma de su mano.<\/span><br \/>\n<span>\u25cf Aplique uniformemente sobre el cabello semiseco o mojado con los dedos o herramientas de peinado.<\/span><br \/>\n<span>\u25cf Cree los estilos que desee y disfrute de una fijaci\u00f3n duradera con un acabado mate.<\/span><\/p>\n<p><strong>Expresa tu estilo:<\/strong><br \/>\n<span>Dile adi\u00f3s a los peinados brillantes y r\u00edgidos y hola a la textura mate de aspecto natural que dura todo el d\u00eda. Expresa tu estilo personal y experimenta con looks de moda usando Karseell BNC Mousse Matte Bubble.<\/span><\/p>\n","protected":false},"excerpt":{"rendered":"<p>MATE BUBBLE Prep\u00e1rate para lucir peinados modernos y atrevidos con Karseell BNC Mousse Matte Bubble. Esta exclusiva espuma ofrece un<\/p>\n","protected":false},"featured_media":75019,"comment_status":"open","ping_status":"closed","template":"","meta":{"nf_dc_page":""},"product_brand":[115],"product_cat":[85],"product_tag":[388],"class_list":{"0":"post-75018","1":"product","2":"type-product","3":"status-publish","4":"has-post-thumbnail","6":"product_brand-karseell","7":"product_cat-cosmeticos","8":"product_tag-388","10":"first","11":"instock","12":"shipping-taxable","13":"purchasable","14":"product-type-simple"},"_links":{"self":[{"href":"https:\/\/brandss.com.py\/index\/wp-json\/wp\/v2\/product\/75018","targetHints":{"allow":["GET"]}}],"collection":[{"href":"https:\/\/brandss.com.py\/index\/wp-json\/wp\/v2\/product"}],"about":[{"href":"https:\/\/brandss.com.py\/index\/wp-json\/wp\/v2\/types\/product"}],"replies":[{"embeddable":true,"href":"https:\/\/brandss.com.py\/index\/wp-json\/wp\/v2\/comments?post=75018"}],"version-history":[{"count":1,"href":"https:\/\/brandss.com.py\/index\/wp-json\/wp\/v2\/product\/75018\/revisions"}],"predecessor-version":[{"id":75026,"href":"https:\/\/brandss.com.py\/index\/wp-json\/wp\/v2\/product\/75018\/revisions\/75026"}],"wp:featuredmedia":[{"embeddable":true,"href":"https:\/\/brandss.com.py\/index\/wp-json\/wp\/v2\/media\/75019"}],"wp:attachment":[{"href":"https:\/\/brandss.com.py\/index\/wp-json\/wp\/v2\/media?parent=75018"}],"wp:term":[{"taxonomy":"product_brand","embeddable":true,"href":"https:\/\/brandss.com.py\/index\/wp-json\/wp\/v2\/product_brand?post=75018"},{"taxonomy":"product_cat","embeddable":true,"href":"https:\/\/brandss.com.py\/index\/wp-json\/wp\/v2\/product_cat?post=75018"},{"taxonomy":"product_tag","embeddable":true,"href":"https:\/\/brandss.com.py\/index\/wp-json\/wp\/v2\/product_tag?post=75018"}],"curies":[{"name":"wp","href":"https:\/\/api.w.org\/{rel}","templated":true}]}}