{"id":75073,"date":"2025-03-06T17:19:13","date_gmt":"2025-03-06T17:19:13","guid":{"rendered":"https:\/\/brandss.com.py\/index\/?post_type=product&#038;p=75073"},"modified":"2025-03-06T17:19:13","modified_gmt":"2025-03-06T17:19:13","slug":"short-casual-femenino-fila-duplo-pinstripes-line","status":"publish","type":"product","link":"https:\/\/brandss.com.py\/index\/producto\/short-casual-femenino-fila-duplo-pinstripes-line\/","title":{"rendered":"SHORT CASUAL FEMENINO FILA DUPLO PINSTRIPES LINE"},"content":{"rendered":"<h1 data-start=\"0\" data-end=\"98\"><img decoding=\"async\" src=\"https:\/\/i0.wp.com\/1000marcas.net\/wp-content\/uploads\/2019\/12\/logo-Fila.png?resize=140%2C79&amp;ssl=1\" \/><\/h1>\n<h1 data-start=\"0\" data-end=\"98\">FILA Short Casual Femenino Duplo Pinstripes Line<\/h1>\n<p data-start=\"100\" data-end=\"374\">El FILA Short Casual Femenino Duplo Pinstripes Line (F12TN032 100) es la combinaci\u00f3n perfecta de estilo urbano y comodidad. Su dise\u00f1o con finas l\u00edneas pinstripe le da un toque sofisticado, mientras que su corte relajado y tejido suave lo hacen ideal para el d\u00eda a d\u00eda.<\/p>\n<h3 data-start=\"376\" data-end=\"402\"><strong data-start=\"380\" data-end=\"400\">Caracter\u00edsticas:<\/strong><\/h3>\n<ul data-start=\"403\" data-end=\"851\">\n<li data-start=\"403\" data-end=\"422\"><strong data-start=\"405\" data-end=\"415\">Marca:<\/strong> FILA<\/li>\n<li data-start=\"423\" data-end=\"475\"><strong data-start=\"425\" data-end=\"436\">Modelo:<\/strong> Duplo Pinstripes Line (F12TN032 100)<\/li>\n<li data-start=\"476\" data-end=\"511\"><strong data-start=\"478\" data-end=\"487\">Tipo:<\/strong> Short casual femenino<\/li>\n<li data-start=\"512\" data-end=\"584\"><strong data-start=\"514\" data-end=\"527\">Material:<\/strong> Algod\u00f3n y poli\u00e9ster de alta calidad para mayor confort<\/li>\n<li data-start=\"585\" data-end=\"655\"><strong data-start=\"587\" data-end=\"598\">Dise\u00f1o:<\/strong> Estilo pinstripe con detalles sutiles de la marca FILA<\/li>\n<li data-start=\"656\" data-end=\"711\"><strong data-start=\"658\" data-end=\"668\">Corte:<\/strong> C\u00f3modo y relajado, ideal para uso diario<\/li>\n<li data-start=\"712\" data-end=\"733\" data-is-only-node=\"\"><strong data-start=\"714\" data-end=\"724\">Color:<\/strong> Blanco<\/li>\n<li data-start=\"734\" data-end=\"785\"><strong data-start=\"736\" data-end=\"756\">Uso recomendado:<\/strong> Casual, urbano y deportivo<\/li>\n<li data-start=\"786\" data-end=\"820\"><strong data-start=\"788\" data-end=\"799\">Estilo:<\/strong> Moderno y vers\u00e1til<\/li>\n<li data-start=\"821\" data-end=\"851\"><strong data-start=\"823\" data-end=\"837\">Temporada:<\/strong> Todo el a\u00f1o<\/li>\n<\/ul>\n<h3 data-start=\"853\" data-end=\"882\"><strong data-start=\"857\" data-end=\"880\">El paquete incluye:<\/strong><\/h3>\n<ul>\n<li data-start=\"883\" data-end=\"961\">1 x Short FILA Duplo Pinstripes Line<\/li>\n<li data-start=\"883\" data-end=\"961\">1 x Etiqueta original de la marca<\/li>\n<\/ul>\n<p data-start=\"963\" data-end=\"1089\" data-is-last-node=\"\" data-is-only-node=\"\"><strong data-start=\"963\" data-end=\"984\">Tipo de producto:<\/strong> Short casual femenino con dise\u00f1o pinstripe, perfecto para un look moderno y c\u00f3modo en cualquier ocasi\u00f3n.<\/p>\n","protected":false},"excerpt":{"rendered":"<p>FILA Short Casual Femenino Duplo Pinstripes Line El FILA Short Casual Femenino Duplo Pinstripes Line (F12TN032 100) es la combinaci\u00f3n<\/p>\n","protected":false},"featured_media":75074,"comment_status":"open","ping_status":"closed","template":"","meta":{"nf_dc_page":""},"product_brand":[],"product_cat":[73],"product_tag":[],"class_list":{"0":"post-75073","1":"product","2":"type-product","3":"status-publish","4":"has-post-thumbnail","6":"product_cat-femenino","8":"first","9":"instock","10":"shipping-taxable","11":"purchasable","12":"product-type-simple"},"_links":{"self":[{"href":"https:\/\/brandss.com.py\/index\/wp-json\/wp\/v2\/product\/75073","targetHints":{"allow":["GET"]}}],"collection":[{"href":"https:\/\/brandss.com.py\/index\/wp-json\/wp\/v2\/product"}],"about":[{"href":"https:\/\/brandss.com.py\/index\/wp-json\/wp\/v2\/types\/product"}],"replies":[{"embeddable":true,"href":"https:\/\/brandss.com.py\/index\/wp-json\/wp\/v2\/comments?post=75073"}],"version-history":[{"count":2,"href":"https:\/\/brandss.com.py\/index\/wp-json\/wp\/v2\/product\/75073\/revisions"}],"predecessor-version":[{"id":75083,"href":"https:\/\/brandss.com.py\/index\/wp-json\/wp\/v2\/product\/75073\/revisions\/75083"}],"wp:featuredmedia":[{"embeddable":true,"href":"https:\/\/brandss.com.py\/index\/wp-json\/wp\/v2\/media\/75074"}],"wp:attachment":[{"href":"https:\/\/brandss.com.py\/index\/wp-json\/wp\/v2\/media?parent=75073"}],"wp:term":[{"taxonomy":"product_brand","embeddable":true,"href":"https:\/\/brandss.com.py\/index\/wp-json\/wp\/v2\/product_brand?post=75073"},{"taxonomy":"product_cat","embeddable":true,"href":"https:\/\/brandss.com.py\/index\/wp-json\/wp\/v2\/product_cat?post=75073"},{"taxonomy":"product_tag","embeddable":true,"href":"https:\/\/brandss.com.py\/index\/wp-json\/wp\/v2\/product_tag?post=75073"}],"curies":[{"name":"wp","href":"https:\/\/api.w.org\/{rel}","templated":true}]}}