{"id":75086,"date":"2025-03-06T17:57:27","date_gmt":"2025-03-06T17:57:27","guid":{"rendered":"https:\/\/brandss.com.py\/index\/?post_type=product&#038;p=75086"},"modified":"2025-06-21T19:07:39","modified_gmt":"2025-06-21T19:07:39","slug":"crema-dental-kao-guard-hello-165gr","status":"publish","type":"product","link":"https:\/\/brandss.com.py\/index\/producto\/crema-dental-kao-guard-hello-165gr\/","title":{"rendered":"CREMA DENTAL KAO GUARD HELLO 165GR"},"content":{"rendered":"<p><img loading=\"lazy\" decoding=\"async\" class=\"\" src=\"https:\/\/logodix.com\/logo\/1246605.png\" alt=\"Kao Logo\" width=\"73\" height=\"42\" \/><\/p>\n<h1>HELLO<\/h1>\n<h1><span>Cuida tu salud bucal para que est\u00e9 limpia y fresca.<\/span><\/h1>\n<p><span>Pasta de dientes japonesa, cuida la salud bucal, limpia y fresca. Pasta de dientes que ayuda a eliminar las manchas Ayuda a blanquear los dientes. Ayuda a limpiar los dientes sin da\u00f1ar el esmalte. Ayuda a fortalecer las enc\u00edas y estimula las gl\u00e1ndulas salivales. Y quita las manchas Ayuda a reducir muy bien diversos olores en la boca, como el olor a cigarrillo. Tambi\u00e9n proporciona un aroma refrescante despu\u00e9s de su uso.<\/span><\/p>\n<p>Se disuelve r\u00e1pidamente en la boca, entregando dos ingredientes medicinales, el desinfectante BTC (cloruro de bencetonio) y el fl\u00faor (MFP), a cada rinc\u00f3n de la boca, ayudando a prevenir la gingivitis y la caries dental.<\/p>\n<p>Elimina la sensaci\u00f3n pegajosa de la boca y deja una sensaci\u00f3n de frescura durante mucho tiempo.<\/p>\n<p>Tiene un refrescante sabor a menta.<\/p>\n","protected":false},"excerpt":{"rendered":"<p>HELLO Cuida tu salud bucal para que est\u00e9 limpia y fresca. Pasta de dientes japonesa, cuida la salud bucal, limpia<\/p>\n","protected":false},"featured_media":75087,"comment_status":"open","ping_status":"closed","template":"","meta":{"nf_dc_page":""},"product_brand":[],"product_cat":[94],"product_tag":[],"class_list":{"0":"post-75086","1":"product","2":"type-product","3":"status-publish","4":"has-post-thumbnail","6":"product_cat-higiene-personal","8":"first","9":"instock","10":"shipping-taxable","11":"purchasable","12":"product-type-simple"},"_links":{"self":[{"href":"https:\/\/brandss.com.py\/index\/wp-json\/wp\/v2\/product\/75086","targetHints":{"allow":["GET"]}}],"collection":[{"href":"https:\/\/brandss.com.py\/index\/wp-json\/wp\/v2\/product"}],"about":[{"href":"https:\/\/brandss.com.py\/index\/wp-json\/wp\/v2\/types\/product"}],"replies":[{"embeddable":true,"href":"https:\/\/brandss.com.py\/index\/wp-json\/wp\/v2\/comments?post=75086"}],"version-history":[{"count":1,"href":"https:\/\/brandss.com.py\/index\/wp-json\/wp\/v2\/product\/75086\/revisions"}],"predecessor-version":[{"id":75090,"href":"https:\/\/brandss.com.py\/index\/wp-json\/wp\/v2\/product\/75086\/revisions\/75090"}],"wp:featuredmedia":[{"embeddable":true,"href":"https:\/\/brandss.com.py\/index\/wp-json\/wp\/v2\/media\/75087"}],"wp:attachment":[{"href":"https:\/\/brandss.com.py\/index\/wp-json\/wp\/v2\/media?parent=75086"}],"wp:term":[{"taxonomy":"product_brand","embeddable":true,"href":"https:\/\/brandss.com.py\/index\/wp-json\/wp\/v2\/product_brand?post=75086"},{"taxonomy":"product_cat","embeddable":true,"href":"https:\/\/brandss.com.py\/index\/wp-json\/wp\/v2\/product_cat?post=75086"},{"taxonomy":"product_tag","embeddable":true,"href":"https:\/\/brandss.com.py\/index\/wp-json\/wp\/v2\/product_tag?post=75086"}],"curies":[{"name":"wp","href":"https:\/\/api.w.org\/{rel}","templated":true}]}}