{"id":75112,"date":"2025-03-06T18:53:04","date_gmt":"2025-03-06T18:53:04","guid":{"rendered":"https:\/\/brandss.com.py\/index\/?post_type=product&#038;p=75112"},"modified":"2025-09-25T11:58:13","modified_gmt":"2025-09-25T11:58:13","slug":"set-de-3-piezas-kumano-yushi-horse-oil-shampoo-acondicionador-gel-de-ducha-600ml","status":"publish","type":"product","link":"https:\/\/brandss.com.py\/index\/producto\/set-de-3-piezas-kumano-yushi-horse-oil-shampoo-acondicionador-gel-de-ducha-600ml\/","title":{"rendered":"SET DE 3 PIEZAS KUMANO YUSHI HORSE OIL SHAMPOO + ACONDICIONADOR + GEL DE DUCHA 600ML"},"content":{"rendered":"<p><img loading=\"lazy\" decoding=\"async\" class=\"\" src=\"https:\/\/www.static-src.com\/wcsstore\/Indraprastha\/images\/brandlogo\/\/BRD-22000\/kumano-yushi-logo.png\" alt=\"Jual Kumano Yushi \u2713 Februari 2025 100% Original \u2013 Official Store Indonesia\" width=\"134\" height=\"89\" \/><\/p>\n<h1>HORSE OIL<\/h1>\n<p data-start=\"0\" data-end=\"187\">El set de 3 piezas de la marca <strong data-start=\"31\" data-end=\"47\">Kumano Yushi<\/strong> incluye <strong data-start=\"56\" data-end=\"98\">champ\u00fa, acondicionador y gel de ducha<\/strong> , todos con <strong data-start=\"129\" data-end=\"142\">aceite de caballo<\/strong> (Horse Oil ) en presentaciones de <strong data-start=\"165\" data-end=\"175\">600 ml<\/strong> cada uno.<\/p>\n<h3 data-start=\"189\" data-end=\"223\"><strong data-start=\"193\" data-end=\"221\">Caracter\u00edsticas del conjunto:<\/strong><\/h3>\n<p data-start=\"224\" data-end=\"720\">\u2714 <strong data-start=\"226\" data-end=\"238\">Champ\u00fa:<\/strong> F\u00f3rmula nutritiva con aceite de caballo que hidrata el cuero cabelludo y fortalece el cabello, dej\u00e1ndolo suave y brillante. Ideal para cabellos secos o da\u00f1ados. <br data-start=\"399\" data-end=\"402\" \/>\u2714 <strong data-start=\"404\" data-end=\"423\">Acondicionador:<\/strong> Hidrata y repara la fibra capilar, ayudando a reducir el frizz y las puntas abiertas. Facilita el desenredado y aporta un acabado sedoso. <br data-start=\"561\" data-end=\"564\" \/>\u2714 <strong data-start=\"566\" data-end=\"583\">Gel de ducha:<\/strong> Limpia suavemente la piel, proporcionando hidrataci\u00f3n y suavidad. Su f\u00f3rmula ayuda a mantener la elasticidad y prevenir la resequedad.<\/p>\n<h3 data-start=\"722\" data-end=\"765\"><strong data-start=\"726\" data-end=\"763\">Beneficios del aceite de caballo:<\/strong><\/h3>\n<p data-start=\"766\" data-end=\"1015\">\u2705 Hidrataci\u00f3n profunda y reparaci\u00f3n del cabello y la piel. <br data-start=\"824\" data-end=\"827\" \/>\u2705 Rico en \u00e1cidos grasos esenciales que nutren y fortalecen. <br data-start=\"886\" data-end=\"889\" \/>\u2705 Textura ligera de r\u00e1pida absorci\u00f3n sin sensaci\u00f3n grasa. <br data-start=\"948\" data-end=\"951\" \/>\u2705 Aroma suave y relajante para una experiencia de spa en casa.<\/p>\n<p data-start=\"1017\" data-end=\"1150\" data-is-last-node=\"\" data-is-only-node=\"\">Este set es ideal para quienes buscan una rutina de cuidado capilar y corporal con ingredientes naturales y altamente nutritivos. \ud83d\udebf\u2728<\/p>\n","protected":false},"excerpt":{"rendered":"<p>HORSE OIL El set de 3 piezas de la marca Kumano Yushi incluye champ\u00fa, acondicionador y gel de ducha ,<\/p>\n","protected":false},"featured_media":75114,"comment_status":"open","ping_status":"closed","template":"","meta":{"nf_dc_page":""},"product_brand":[],"product_cat":[85],"product_tag":[403],"class_list":{"0":"post-75112","1":"product","2":"type-product","3":"status-publish","4":"has-post-thumbnail","6":"product_cat-cosmeticos","7":"product_tag-403","9":"first","10":"instock","11":"shipping-taxable","12":"purchasable","13":"product-type-simple"},"_links":{"self":[{"href":"https:\/\/brandss.com.py\/index\/wp-json\/wp\/v2\/product\/75112","targetHints":{"allow":["GET"]}}],"collection":[{"href":"https:\/\/brandss.com.py\/index\/wp-json\/wp\/v2\/product"}],"about":[{"href":"https:\/\/brandss.com.py\/index\/wp-json\/wp\/v2\/types\/product"}],"replies":[{"embeddable":true,"href":"https:\/\/brandss.com.py\/index\/wp-json\/wp\/v2\/comments?post=75112"}],"version-history":[{"count":2,"href":"https:\/\/brandss.com.py\/index\/wp-json\/wp\/v2\/product\/75112\/revisions"}],"predecessor-version":[{"id":75119,"href":"https:\/\/brandss.com.py\/index\/wp-json\/wp\/v2\/product\/75112\/revisions\/75119"}],"wp:featuredmedia":[{"embeddable":true,"href":"https:\/\/brandss.com.py\/index\/wp-json\/wp\/v2\/media\/75114"}],"wp:attachment":[{"href":"https:\/\/brandss.com.py\/index\/wp-json\/wp\/v2\/media?parent=75112"}],"wp:term":[{"taxonomy":"product_brand","embeddable":true,"href":"https:\/\/brandss.com.py\/index\/wp-json\/wp\/v2\/product_brand?post=75112"},{"taxonomy":"product_cat","embeddable":true,"href":"https:\/\/brandss.com.py\/index\/wp-json\/wp\/v2\/product_cat?post=75112"},{"taxonomy":"product_tag","embeddable":true,"href":"https:\/\/brandss.com.py\/index\/wp-json\/wp\/v2\/product_tag?post=75112"}],"curies":[{"name":"wp","href":"https:\/\/api.w.org\/{rel}","templated":true}]}}