{"id":75126,"date":"2025-03-07T11:09:10","date_gmt":"2025-03-07T11:09:10","guid":{"rendered":"https:\/\/brandss.com.py\/index\/?post_type=product&#038;p=75126"},"modified":"2025-09-25T11:59:17","modified_gmt":"2025-09-25T11:59:17","slug":"acondicionador-perfumado-kerasys-glam-stylish-600ml","status":"publish","type":"product","link":"https:\/\/brandss.com.py\/index\/producto\/acondicionador-perfumado-kerasys-glam-stylish-600ml\/","title":{"rendered":"ACONDICIONADOR PERFUMADO KERASYS GLAM &amp; STYLISH 600ML"},"content":{"rendered":"<p><img loading=\"lazy\" decoding=\"async\" class=\"\" src=\"https:\/\/static.wixstatic.com\/media\/2d4278_a729ce2cee1341ccbb84966bc300d2e4~mv2.png\/v1\/fit\/w_500,h_500,q_90\/file.png\" alt=\"KERASYS REPAIRING CONDITIONER - DAMAGE CARE 600ML (12 PCS\/CASE) | Nextrade  Philippines\" width=\"96\" height=\"96\" \/><\/p>\n<h1>GLAM STYLISH<\/h1>\n<p><strong>El Acondicionador Perfumado Glam &amp; Stylish <\/strong>complementar\u00e1 idealmente tu rutina regular de cuidado del cabello, lo llenar\u00e1 de fuerza, lo suavizar\u00e1 y restaurar\u00e1 su suavidad y brillo naturales. Sus sustancias activas penetran profundamente en la estructura del cabello y act\u00faan sobre \u00e9l desde el interior. El producto est\u00e1 creado a base de ingredientes naturales que llenan los rizos de humedad y nutrientes, eliminan la fragilidad y aumentan la elasticidad. Se han seleccionado ingredientes naturales para crear un acondicionador perfecto para el cabello seco y da\u00f1ado a lo largo:<\/p>\n<p><strong>Aceite de arg\u00e1n:<\/strong> <span class=\"metafield-multi_line_text_field\">Aporta nutrici\u00f3n intensa, elasticidad y vitalidad para cabellos ondulados, <\/span>hidrata los rizos, resuelve el problema de las puntas abiertas, suaviza, previene la rotura, le da suavidad y brillo.<\/p>\n<p><strong>Peon\u00eda:<\/strong> fortalece los fol\u00edculos pilosos y activa el crecimiento de cabello nuevo.<\/p>\n<p><strong>Aceite de geranio:<\/strong> nutre los rizos, llena la piel de humedad y previene la fragilidad.<\/p>\n<p><span class=\"metafield-multi_line_text_field\"><strong>Extracto de manzanilla:<\/strong> Ayuda a calmar el cuero cabelludo sensible, <\/span><\/p>\n<p><span class=\"metafield-multi_line_text_field\"><strong>Prote\u00edna de trigo hidrolizada:<\/strong> Ofrece una combinaci\u00f3n de hidrataci\u00f3n, acondicionamiento, protecci\u00f3n, fortalecimiento, nutrici\u00f3n y volumen para mejorar la salud y apariencia del cabello<\/span><\/p>\n<p>El acondicionador Kerasys tiene una textura agradable, se distribuye perfectamente y crea una sensaci\u00f3n confortable. Transforma el cabello en poco tiempo, volvi\u00e9ndolo fuerte. El producto se presenta en una elegante botella con dosificador.<\/p>\n<p><strong>Beneficios:<\/strong><\/p>\n<p>\u2013 Hidrataci\u00f3n profunda<\/p>\n<p>\u2013 Prevenci\u00f3n de la divisi\u00f3n<\/p>\n<p>\u2013 Brillo y elasticidad<\/p>\n<p>\u2013 Protecci\u00f3n y restauraci\u00f3n<\/p>\n<p><strong>M\u00e9todo de aplicaci\u00f3n:<\/strong><\/p>\n<p>1. Aplicar sobre el largo del cabello, dejar actuar unos minutos y enjuagar abundantemente con agua tibia.<\/p>\n","protected":false},"excerpt":{"rendered":"<p>GLAM STYLISH El Acondicionador Perfumado Glam &amp; Stylish complementar\u00e1 idealmente tu rutina regular de cuidado del cabello, lo llenar\u00e1 de<\/p>\n","protected":false},"featured_media":75127,"comment_status":"open","ping_status":"closed","template":"","meta":{"nf_dc_page":""},"product_brand":[204],"product_cat":[85],"product_tag":[405],"class_list":{"0":"post-75126","1":"product","2":"type-product","3":"status-publish","4":"has-post-thumbnail","6":"product_brand-kerasys","7":"product_cat-cosmeticos","8":"product_tag-405","10":"first","11":"instock","12":"shipping-taxable","13":"purchasable","14":"product-type-simple"},"_links":{"self":[{"href":"https:\/\/brandss.com.py\/index\/wp-json\/wp\/v2\/product\/75126","targetHints":{"allow":["GET"]}}],"collection":[{"href":"https:\/\/brandss.com.py\/index\/wp-json\/wp\/v2\/product"}],"about":[{"href":"https:\/\/brandss.com.py\/index\/wp-json\/wp\/v2\/types\/product"}],"replies":[{"embeddable":true,"href":"https:\/\/brandss.com.py\/index\/wp-json\/wp\/v2\/comments?post=75126"}],"version-history":[{"count":4,"href":"https:\/\/brandss.com.py\/index\/wp-json\/wp\/v2\/product\/75126\/revisions"}],"predecessor-version":[{"id":75145,"href":"https:\/\/brandss.com.py\/index\/wp-json\/wp\/v2\/product\/75126\/revisions\/75145"}],"wp:featuredmedia":[{"embeddable":true,"href":"https:\/\/brandss.com.py\/index\/wp-json\/wp\/v2\/media\/75127"}],"wp:attachment":[{"href":"https:\/\/brandss.com.py\/index\/wp-json\/wp\/v2\/media?parent=75126"}],"wp:term":[{"taxonomy":"product_brand","embeddable":true,"href":"https:\/\/brandss.com.py\/index\/wp-json\/wp\/v2\/product_brand?post=75126"},{"taxonomy":"product_cat","embeddable":true,"href":"https:\/\/brandss.com.py\/index\/wp-json\/wp\/v2\/product_cat?post=75126"},{"taxonomy":"product_tag","embeddable":true,"href":"https:\/\/brandss.com.py\/index\/wp-json\/wp\/v2\/product_tag?post=75126"}],"curies":[{"name":"wp","href":"https:\/\/api.w.org\/{rel}","templated":true}]}}