{"id":75132,"date":"2025-03-07T12:14:15","date_gmt":"2025-03-07T12:14:15","guid":{"rendered":"https:\/\/brandss.com.py\/index\/?post_type=product&#038;p=75132"},"modified":"2025-09-25T11:59:43","modified_gmt":"2025-09-25T11:59:43","slug":"shampoo-perfumado-kerasys-blooming-flowery-600ml","status":"publish","type":"product","link":"https:\/\/brandss.com.py\/index\/producto\/shampoo-perfumado-kerasys-blooming-flowery-600ml\/","title":{"rendered":"SHAMPOO PERFUMADO KERASYS BLOOMING &amp; FLOWERY 600ML"},"content":{"rendered":"<p><img loading=\"lazy\" decoding=\"async\" class=\"\" src=\"https:\/\/static.wixstatic.com\/media\/2d4278_a729ce2cee1341ccbb84966bc300d2e4~mv2.png\/v1\/fit\/w_500,h_500,q_90\/file.png\" alt=\"KERASYS REPAIRING CONDITIONER - DAMAGE CARE 600ML (12 PCS\/CASE) | Nextrade  Philippines\" width=\"126\" height=\"126\" \/><\/p>\n<h1>BLOOMING FLOWERY<\/h1>\n<p><strong><span>El champ\u00fa Perfume Blooming &amp; Flowery para cabello seco y quebradizo,<\/span><\/strong><span>\u00a0parte de la l\u00ednea de cosm\u00e9ticos para el cuidado del cabello de la coreana Kerasys, est\u00e1 refinado a partir de nutrientes naturales (frangipani, lirio de los valles) para brindar una belleza suave y naturalmente brillante al cabello.\u00a0<\/span><\/p>\n<p><span>El producto proporciona una hidrataci\u00f3n \u00f3ptima al cabello, previene la sequedad, las puntas abiertas, ayuda a regenerar y restaurar la vitalidad del cabello. El aroma de flor de pomelo, lirio de los valles y madera de cedro crea un encanto y una atracci\u00f3n \u00fanicos. El producto es m\u00e1s eficaz cuando se utiliza con el acondicionador KeraSys Blooming &amp; Flowery.<\/span><br \/>\n<span>El producto previene la sequedad y las puntas abiertas, ayuda a regenerar, restaurar la vitalidad y mejorar la hidrataci\u00f3n y la nutrici\u00f3n de cada hebra de cabello.\u00a0<\/span><\/p>\n<p><span>Adem\u00e1s, el aroma floral natural mezclado con el aroma de madera de cedro ayuda a que el cabello tenga una fragancia seductora y duradera.<\/span><\/p>\n<ul>\n<li>Soluci\u00f3n de equilibrio<\/li>\n<li>F\u00f3rmula de volumen<\/li>\n<li>10 esencias florales<\/li>\n<li>3 extractos de aceite de hierbas<\/li>\n<li>Ceramida<\/li>\n<li>Sin siliconas.<\/li>\n<\/ul>\n<p>Es rico en 10 tipos de esencias florales y 3 tipos de extractos de aceites herbales, y proporciona al cabello una nueva experiencia con una fragancia m\u00e1s duradera y un volumen refrescante.<\/p>\n<p>F\u00f3rmula de perfume con 10 tipos de esencia floral y 3 tipos de aceite de hierbas. Experimente una fragancia duradera y un cabello voluminoso y brillante.<\/p>\n<p><strong>Perfume de larga duraci\u00f3n<\/strong><\/p>\n<p>La fresca nota de salida a base de mandarina que se siente a trav\u00e9s de la brisa y la nota media con el hermoso muguet y la rosa producen una fragancia vibrante. La nota de fondo con pachul\u00ed y madera de cedro agrega una inocencia conmovedora al aroma del ramo floral.<\/p>\n<ul>\n<li><strong>Notas de salida<\/strong>: Mandarina, pomelo, frambuesa<\/li>\n<li><strong>Notas de coraz\u00f3n<\/strong>: Frangipani, rosa y muguet<\/li>\n<li><strong>Notas de fondo<\/strong>: Pachuli, cedro<\/li>\n<\/ul>\n<p><strong><span>Manual de usuario<\/span><\/strong><\/p>\n<p><span>Mojar el cabello, tomar una cantidad suficiente de aceite en la palma de la mano y aplicar uniformemente sobre el cabello, masajear el cabello y el cuero cabelludo suavemente durante unos minutos, luego enjuagar con agua.<\/span><\/p>\n","protected":false},"excerpt":{"rendered":"<p>BLOOMING FLOWERY El champ\u00fa Perfume Blooming &amp; Flowery para cabello seco y quebradizo,\u00a0parte de la l\u00ednea de cosm\u00e9ticos para el<\/p>\n","protected":false},"featured_media":75133,"comment_status":"open","ping_status":"closed","template":"","meta":{"nf_dc_page":""},"product_brand":[204],"product_cat":[85],"product_tag":[406],"class_list":{"0":"post-75132","1":"product","2":"type-product","3":"status-publish","4":"has-post-thumbnail","6":"product_brand-kerasys","7":"product_cat-cosmeticos","8":"product_tag-406","10":"first","11":"instock","12":"shipping-taxable","13":"purchasable","14":"product-type-simple"},"_links":{"self":[{"href":"https:\/\/brandss.com.py\/index\/wp-json\/wp\/v2\/product\/75132","targetHints":{"allow":["GET"]}}],"collection":[{"href":"https:\/\/brandss.com.py\/index\/wp-json\/wp\/v2\/product"}],"about":[{"href":"https:\/\/brandss.com.py\/index\/wp-json\/wp\/v2\/types\/product"}],"replies":[{"embeddable":true,"href":"https:\/\/brandss.com.py\/index\/wp-json\/wp\/v2\/comments?post=75132"}],"version-history":[{"count":2,"href":"https:\/\/brandss.com.py\/index\/wp-json\/wp\/v2\/product\/75132\/revisions"}],"predecessor-version":[{"id":75144,"href":"https:\/\/brandss.com.py\/index\/wp-json\/wp\/v2\/product\/75132\/revisions\/75144"}],"wp:featuredmedia":[{"embeddable":true,"href":"https:\/\/brandss.com.py\/index\/wp-json\/wp\/v2\/media\/75133"}],"wp:attachment":[{"href":"https:\/\/brandss.com.py\/index\/wp-json\/wp\/v2\/media?parent=75132"}],"wp:term":[{"taxonomy":"product_brand","embeddable":true,"href":"https:\/\/brandss.com.py\/index\/wp-json\/wp\/v2\/product_brand?post=75132"},{"taxonomy":"product_cat","embeddable":true,"href":"https:\/\/brandss.com.py\/index\/wp-json\/wp\/v2\/product_cat?post=75132"},{"taxonomy":"product_tag","embeddable":true,"href":"https:\/\/brandss.com.py\/index\/wp-json\/wp\/v2\/product_tag?post=75132"}],"curies":[{"name":"wp","href":"https:\/\/api.w.org\/{rel}","templated":true}]}}