{"id":75146,"date":"2025-03-07T12:57:38","date_gmt":"2025-03-07T12:57:38","guid":{"rendered":"https:\/\/brandss.com.py\/index\/?post_type=product&#038;p=75146"},"modified":"2025-09-25T12:05:13","modified_gmt":"2025-09-25T12:05:13","slug":"shampoo-perfumado-kerasys-glam-stylish-600ml","status":"publish","type":"product","link":"https:\/\/brandss.com.py\/index\/producto\/shampoo-perfumado-kerasys-glam-stylish-600ml\/","title":{"rendered":"SHAMPOO PERFUMADO KERASYS GLAM &amp; STYLISH 600ML"},"content":{"rendered":"<p><img loading=\"lazy\" decoding=\"async\" class=\"\" src=\"https:\/\/static.wixstatic.com\/media\/2d4278_a729ce2cee1341ccbb84966bc300d2e4~mv2.png\/v1\/fit\/w_500,h_500,q_90\/file.png\" alt=\"KERASYS REPAIRING CONDITIONER - DAMAGE CARE 600ML (12 PCS\/CASE) | Nextrade  Philippines\" width=\"101\" height=\"101\" \/><\/p>\n<h1>GLAM &amp; STYLISH<\/h1>\n<p>Este shampoo combina la tradici\u00f3n y la tecnolog\u00eda para ofrecer un producto de alta calidad. Su f\u00f3rmula \u00fanica incluye ingredientes como el aceite de \u00e1rbol de t\u00e9, conocido por sus propiedades antimicrobianas y antiinflamatorias, y el aceite de semilla de camelia, que aporta hidrataci\u00f3n y brillo al cabello. Adem\u00e1s, contiene extractos de diversas flores, que aportan una fragancia \u00fanica y ayudan a fortalecer y revitalizar el cabello. Es apto para todo tipo de cabello, en especial para cabellos finos, d\u00e9biles, sin cuerpo.<\/p>\n<p>Proporciona al cabello una fragancia delicada y sensual a la vez, al tiempo que repara y fortalece el cabello debilitado y fino, devolvi\u00e9ndole movimiento, cuerpo y volumen.<\/p>\n<p><span>Es rico en 10 tipos de esencias florales y 3 tipos de extractos de aceites herbales, y brinda al cabello una nueva experiencia con una fragancia y volumen m\u00e1s duraderos.<\/span><\/p>\n<p><span>F\u00f3rmula de perfume con 10 tipos de esencias florales y 3 tipos de aceite de hierbas. Experimente una fragancia duradera y un cabello voluminoso y brillante.<\/span><\/p>\n<p><span>El dulce y fragante aroma de osmanto en la nota de salida se armoniza con el atractivo geranio y la peon\u00eda para producir una hermosa fragancia floral. El suave almizcle blanco y el palo de rosa en la nota de fondo dejan una impresi\u00f3n duradera con un estado de \u00e1nimo lujoso y sofisticado.<\/span><\/p>\n<h3>Notas Olfativas<\/h3>\n<p>Con un aroma floral blanco y cremoso, este aroma recuerda a un ramo de flores cortado en primavera.<br \/>\n<strong>Notas de salida:<\/strong> Guisantes y olivos dulces<br \/>\n<strong>Notas de coraz\u00f3n:<\/strong> Geranios, Peonias, Glicinas<br \/>\n<strong>Notas de fondo:<\/strong> Musk Blanco, Palo Rosa<\/p>\n","protected":false},"excerpt":{"rendered":"<p>GLAM &amp; STYLISH Este shampoo combina la tradici\u00f3n y la tecnolog\u00eda para ofrecer un producto de alta calidad. Su f\u00f3rmula<\/p>\n","protected":false},"featured_media":75147,"comment_status":"open","ping_status":"closed","template":"","meta":{"nf_dc_page":""},"product_brand":[204],"product_cat":[85],"product_tag":[408],"class_list":{"0":"post-75146","1":"product","2":"type-product","3":"status-publish","4":"has-post-thumbnail","6":"product_brand-kerasys","7":"product_cat-cosmeticos","8":"product_tag-408","10":"first","11":"instock","12":"shipping-taxable","13":"purchasable","14":"product-type-simple"},"_links":{"self":[{"href":"https:\/\/brandss.com.py\/index\/wp-json\/wp\/v2\/product\/75146","targetHints":{"allow":["GET"]}}],"collection":[{"href":"https:\/\/brandss.com.py\/index\/wp-json\/wp\/v2\/product"}],"about":[{"href":"https:\/\/brandss.com.py\/index\/wp-json\/wp\/v2\/types\/product"}],"replies":[{"embeddable":true,"href":"https:\/\/brandss.com.py\/index\/wp-json\/wp\/v2\/comments?post=75146"}],"version-history":[{"count":1,"href":"https:\/\/brandss.com.py\/index\/wp-json\/wp\/v2\/product\/75146\/revisions"}],"predecessor-version":[{"id":75151,"href":"https:\/\/brandss.com.py\/index\/wp-json\/wp\/v2\/product\/75146\/revisions\/75151"}],"wp:featuredmedia":[{"embeddable":true,"href":"https:\/\/brandss.com.py\/index\/wp-json\/wp\/v2\/media\/75147"}],"wp:attachment":[{"href":"https:\/\/brandss.com.py\/index\/wp-json\/wp\/v2\/media?parent=75146"}],"wp:term":[{"taxonomy":"product_brand","embeddable":true,"href":"https:\/\/brandss.com.py\/index\/wp-json\/wp\/v2\/product_brand?post=75146"},{"taxonomy":"product_cat","embeddable":true,"href":"https:\/\/brandss.com.py\/index\/wp-json\/wp\/v2\/product_cat?post=75146"},{"taxonomy":"product_tag","embeddable":true,"href":"https:\/\/brandss.com.py\/index\/wp-json\/wp\/v2\/product_tag?post=75146"}],"curies":[{"name":"wp","href":"https:\/\/api.w.org\/{rel}","templated":true}]}}