{"id":75157,"date":"2025-03-07T14:10:03","date_gmt":"2025-03-07T14:10:03","guid":{"rendered":"https:\/\/brandss.com.py\/index\/?post_type=product&#038;p=75157"},"modified":"2025-09-25T12:07:36","modified_gmt":"2025-09-25T12:07:36","slug":"acondicionador-perfumado-kerasys-elegance-sensual-600ml","status":"publish","type":"product","link":"https:\/\/brandss.com.py\/index\/producto\/acondicionador-perfumado-kerasys-elegance-sensual-600ml\/","title":{"rendered":"ACONDICIONADOR PERFUMADO KERASYS ELEGANCE &amp; SENSUAL 600ML"},"content":{"rendered":"<p><img loading=\"lazy\" decoding=\"async\" class=\"\" src=\"https:\/\/static.wixstatic.com\/media\/2d4278_a729ce2cee1341ccbb84966bc300d2e4~mv2.png\/v1\/fit\/w_500,h_500,q_90\/file.png\" alt=\"KERASYS REPAIRING CONDITIONER - DAMAGE CARE 600ML (12 PCS\/CASE) | Nextrade  Philippines\" width=\"93\" height=\"93\" \/><\/p>\n<h1>ELEGANCE &amp; SENSUAL<\/h1>\n<p>Acondicionador humectante para cabellos con frizz. Enriquecido con aceite de arg\u00e1n, sella la cut\u00edcula y otorga brillo, sedosidad y definici\u00f3n al cabello rebelde.<\/p>\n<p>Sus variedades enriquecidas con distintos aromas permiten una experiencia sensorial al momento de la ducha y deja un perfume suave en el cabello que te har\u00e1 recibir muchos cumplidos.<\/p>\n<div class=\"row item-row\">\n<div class=\"col-xs-24\">\n<div>\n<ul>\n<li>Soluci\u00f3n de equilibrio<\/li>\n<li>F\u00f3rmula de volumen brillante<\/li>\n<li>10 esencia floral<\/li>\n<li>3 extractos de aceite de hierbas<\/li>\n<li>Amino\u00e1cido<\/li>\n<li>A\u00f1adido con esencia de oliva virgen y manteca de karit\u00e9 que son ricas en vitaminas A, D y E por sus propiedades antienvejecimiento.<\/li>\n<li>El Omega 3 de las aceitunas aporta nutrientes al cuero cabelludo e hidrata profundamente el cabello.<\/li>\n<li>Da una fragancia rica y elegante de violetas.<\/li>\n<\/ul>\n<p>Es rico en 10 tipos de esencias florales y 3 tipos de extractos de aceites herbales, y proporciona al cabello una nueva experiencia con una fragancia y un volumen m\u00e1s duraderos.<\/p>\n<p>F\u00f3rmula de perfume con 10 tipos de esencias florales y 3 tipos de aceite de hierbas. Experimente una fragancia duradera y un cabello voluminoso y brillante.<\/p>\n<p><strong>Perfume de larga duraci\u00f3n<\/strong><\/p>\n<p>La nota superior con una refrescante flor de manzano y un melocot\u00f3n aldeh\u00eddo fresco y el sensual nardo y el ylang ylang en la nota media crean un perfil fragante y la nota inferior con s\u00e1ndalo y almizcle deja un aroma persistente, rico y elegante.<\/p>\n<ul>\n<li><strong>Notas de salida:<\/strong>\u00a0Flor de manzano, flor de lirio, melocot\u00f3n aldeh\u00eddo<\/li>\n<li><strong>Notas de coraz\u00f3n:<\/strong>Nardo, ylang ylang, violeta, jacinto<\/li>\n<li><strong>Notas de fondo:<\/strong>\u00a0S\u00e1ndalo, arroz en polvo, almizcle<\/li>\n<\/ul>\n<\/div>\n<\/div>\n<\/div>\n<div class=\"row item-row\">\n<div class=\"col-xs-24\">\n<h3><strong>Uso sugerido<\/strong><\/h3>\n<div class=\"prodOverviewDetail\">\n<p>Masajee sobre el cabello h\u00famedo despu\u00e9s del champ\u00fa y enjuague bien.<\/p>\n<\/div>\n<\/div>\n<\/div>\n","protected":false},"excerpt":{"rendered":"<p>ELEGANCE &amp; SENSUAL Acondicionador humectante para cabellos con frizz. Enriquecido con aceite de arg\u00e1n, sella la cut\u00edcula y otorga brillo,<\/p>\n","protected":false},"featured_media":75158,"comment_status":"open","ping_status":"closed","template":"","meta":{"nf_dc_page":""},"product_brand":[204],"product_cat":[85],"product_tag":[410],"class_list":{"0":"post-75157","1":"product","2":"type-product","3":"status-publish","4":"has-post-thumbnail","6":"product_brand-kerasys","7":"product_cat-cosmeticos","8":"product_tag-410","10":"first","11":"instock","12":"shipping-taxable","13":"purchasable","14":"product-type-simple"},"_links":{"self":[{"href":"https:\/\/brandss.com.py\/index\/wp-json\/wp\/v2\/product\/75157","targetHints":{"allow":["GET"]}}],"collection":[{"href":"https:\/\/brandss.com.py\/index\/wp-json\/wp\/v2\/product"}],"about":[{"href":"https:\/\/brandss.com.py\/index\/wp-json\/wp\/v2\/types\/product"}],"replies":[{"embeddable":true,"href":"https:\/\/brandss.com.py\/index\/wp-json\/wp\/v2\/comments?post=75157"}],"version-history":[{"count":1,"href":"https:\/\/brandss.com.py\/index\/wp-json\/wp\/v2\/product\/75157\/revisions"}],"predecessor-version":[{"id":75160,"href":"https:\/\/brandss.com.py\/index\/wp-json\/wp\/v2\/product\/75157\/revisions\/75160"}],"wp:featuredmedia":[{"embeddable":true,"href":"https:\/\/brandss.com.py\/index\/wp-json\/wp\/v2\/media\/75158"}],"wp:attachment":[{"href":"https:\/\/brandss.com.py\/index\/wp-json\/wp\/v2\/media?parent=75157"}],"wp:term":[{"taxonomy":"product_brand","embeddable":true,"href":"https:\/\/brandss.com.py\/index\/wp-json\/wp\/v2\/product_brand?post=75157"},{"taxonomy":"product_cat","embeddable":true,"href":"https:\/\/brandss.com.py\/index\/wp-json\/wp\/v2\/product_cat?post=75157"},{"taxonomy":"product_tag","embeddable":true,"href":"https:\/\/brandss.com.py\/index\/wp-json\/wp\/v2\/product_tag?post=75157"}],"curies":[{"name":"wp","href":"https:\/\/api.w.org\/{rel}","templated":true}]}}