{"id":75161,"date":"2025-03-07T14:46:24","date_gmt":"2025-03-07T14:46:24","guid":{"rendered":"https:\/\/brandss.com.py\/index\/?post_type=product&#038;p=75161"},"modified":"2025-09-25T12:08:09","modified_gmt":"2025-09-25T12:08:09","slug":"shampoo-perfumado-kerasys-lovely-romantic-600ml","status":"publish","type":"product","link":"https:\/\/brandss.com.py\/index\/producto\/shampoo-perfumado-kerasys-lovely-romantic-600ml\/","title":{"rendered":"SHAMPOO PERFUMADO KERASYS LOVELY &amp; ROMANTIC 600ML"},"content":{"rendered":"<p><img loading=\"lazy\" decoding=\"async\" class=\"\" src=\"https:\/\/static.wixstatic.com\/media\/2d4278_a729ce2cee1341ccbb84966bc300d2e4~mv2.png\/v1\/fit\/w_500,h_500,q_90\/file.png\" alt=\"KERASYS REPAIRING CONDITIONER - DAMAGE CARE 600ML (12 PCS\/CASE) | Nextrade  Philippines\" width=\"74\" height=\"74\" \/><\/p>\n<h1>LOVELY &amp; ROMANTIC<\/h1>\n<p>Este shampoo combina la tradici\u00f3n y la tecnolog\u00eda para ofrecer un producto de alta calidad. Su f\u00f3rmula \u00fanica incluye ingredientes como el aceite de \u00e1rbol de t\u00e9, conocido por sus propiedades antimicrobianas y antiinflamatorias, y el aceite de semilla de camelia, que aporta hidrataci\u00f3n y brillo al cabello. Adem\u00e1s, contiene extractos de diversas flores, que aportan una fragancia \u00fanica y ayudan a fortalecer y revitalizar el cabello. Es apto para todo tipo de cabello, en especial para cabellos finos, d\u00e9biles, sin cuerpo.<\/p>\n<p>Proporciona al cabello una fragancia delicada y sensual a la vez, al tiempo que repara y fortalece el cabello debilitado y fino, devolvi\u00e9ndole movimiento, cuerpo y volumen.<\/p>\n<div class=\"row item-row\">\n<div class=\"col-xs-24\">\n<ul>\n<li>Soluci\u00f3n de equilibrio<\/li>\n<li>F\u00f3rmula de volumen<\/li>\n<li>10 esencia floral<\/li>\n<li>3 extractos de aceite de hierbas<\/li>\n<li>Hialuronato de sodio.<\/li>\n<li>Sin siliconas.<\/li>\n<\/ul>\n<p>Es rico en 10 tipos de esencias florales y 3 tipos de extractos de aceites herbales, y proporciona al cabello una nueva experiencia con una fragancia y un volumen m\u00e1s duraderos.<\/p>\n<p>F\u00f3rmula de perfume con 10 tipos de aceite de hierbas. Experimente una fragancia duradera y un cabello voluminoso y brillante.<\/p>\n<p><strong>Perfume de larga duraci\u00f3n<\/strong><\/p>\n<p>La nota de cabeza con melocot\u00f3n dulce y flor de naranjo agridulce se armoniza con la linda margarita y la fresia de la nota media para producir una fragancia amplia. La nota de fondo con madera de cedro y \u00e1mbar suave agrega una sensaci\u00f3n suave y encantadora al aroma.<\/p>\n<ul>\n<li><strong>Notas de salida:<\/strong> Flor de naranjo, Fresias, Durazno blanco<\/li>\n<li><strong>Notas de coraz\u00f3n:<\/strong> Jazm\u00edn, Magnolia, Margaritas<\/li>\n<li><strong>Notas de fondo:<\/strong> Cedro, Amber, Musk Blanco<\/li>\n<\/ul>\n<\/div>\n<\/div>\n<div class=\"row item-row\">\n<div class=\"col-xs-24\">\n<h3><strong>Uso sugerido<\/strong><\/h3>\n<div class=\"prodOverviewDetail\">\n<p>Modo de uso Forme espuma sobre el cuero cabelludo y el cabello h\u00famedos con las manos con movimientos similares a los de un masaje y enjuague bien con agua corriente.<\/p>\n<\/div>\n<\/div>\n<\/div>\n","protected":false},"excerpt":{"rendered":"<p>LOVELY &amp; ROMANTIC Este shampoo combina la tradici\u00f3n y la tecnolog\u00eda para ofrecer un producto de alta calidad. Su f\u00f3rmula<\/p>\n","protected":false},"featured_media":75162,"comment_status":"open","ping_status":"closed","template":"","meta":{"nf_dc_page":""},"product_brand":[204],"product_cat":[85],"product_tag":[411],"class_list":{"0":"post-75161","1":"product","2":"type-product","3":"status-publish","4":"has-post-thumbnail","6":"product_brand-kerasys","7":"product_cat-cosmeticos","8":"product_tag-411","10":"first","11":"instock","12":"shipping-taxable","13":"purchasable","14":"product-type-simple"},"_links":{"self":[{"href":"https:\/\/brandss.com.py\/index\/wp-json\/wp\/v2\/product\/75161","targetHints":{"allow":["GET"]}}],"collection":[{"href":"https:\/\/brandss.com.py\/index\/wp-json\/wp\/v2\/product"}],"about":[{"href":"https:\/\/brandss.com.py\/index\/wp-json\/wp\/v2\/types\/product"}],"replies":[{"embeddable":true,"href":"https:\/\/brandss.com.py\/index\/wp-json\/wp\/v2\/comments?post=75161"}],"version-history":[{"count":1,"href":"https:\/\/brandss.com.py\/index\/wp-json\/wp\/v2\/product\/75161\/revisions"}],"predecessor-version":[{"id":75166,"href":"https:\/\/brandss.com.py\/index\/wp-json\/wp\/v2\/product\/75161\/revisions\/75166"}],"wp:featuredmedia":[{"embeddable":true,"href":"https:\/\/brandss.com.py\/index\/wp-json\/wp\/v2\/media\/75162"}],"wp:attachment":[{"href":"https:\/\/brandss.com.py\/index\/wp-json\/wp\/v2\/media?parent=75161"}],"wp:term":[{"taxonomy":"product_brand","embeddable":true,"href":"https:\/\/brandss.com.py\/index\/wp-json\/wp\/v2\/product_brand?post=75161"},{"taxonomy":"product_cat","embeddable":true,"href":"https:\/\/brandss.com.py\/index\/wp-json\/wp\/v2\/product_cat?post=75161"},{"taxonomy":"product_tag","embeddable":true,"href":"https:\/\/brandss.com.py\/index\/wp-json\/wp\/v2\/product_tag?post=75161"}],"curies":[{"name":"wp","href":"https:\/\/api.w.org\/{rel}","templated":true}]}}