{"id":75169,"date":"2025-03-07T16:32:19","date_gmt":"2025-03-07T16:32:19","guid":{"rendered":"https:\/\/brandss.com.py\/index\/?post_type=product&#038;p=75169"},"modified":"2025-03-07T16:32:39","modified_gmt":"2025-03-07T16:32:39","slug":"calzado-casual-masculino-diadora-rocket-lifestyle","status":"publish","type":"product","link":"https:\/\/brandss.com.py\/index\/producto\/calzado-casual-masculino-diadora-rocket-lifestyle\/","title":{"rendered":"CALZADO CASUAL MASCULINO DIADORA ROCKET LIFESTYLE"},"content":{"rendered":"<h1><img loading=\"lazy\" decoding=\"async\" class=\"\" src=\"https:\/\/cdn.worldvectorlogo.com\/logos\/diadora-2.svg\" alt=\"Diadora Logotipo Vector - Descarga Gratis SVG | Worldvectorlogo\" width=\"267\" height=\"267\" \/><\/h1>\n<h1>ROCKET-M1171<\/h1>\n<div class=\"flex max-w-full flex-col flex-grow\">\n<div class=\"min-h-8 text-message relative flex w-full flex-col items-end gap-2 whitespace-normal break-words text-start [.text-message+&amp;]:mt-5\" dir=\"auto\" data-message-author-role=\"assistant\" data-message-id=\"6ee76582-aedd-4db5-944c-cef9ddd1bd12\" data-message-model-slug=\"gpt-4o\">\n<div class=\"flex w-full flex-col gap-1 empty:hidden first:pt-[3px]\">\n<div class=\"markdown prose w-full break-words dark:prose-invert light\">\n<p data-start=\"0\" data-end=\"239\"><span>Los <\/span><strong data-start=\"4\" data-end=\"42\"><span>Diadora Rocket Lifestyle Masculino<\/span><\/strong><span> son unos tenis dise\u00f1ados para quienes buscan un estilo urbano con comodidad y durabilidad. Su dise\u00f1o cl\u00e1sico combina materiales resistentes y una estructura ergon\u00f3mica, ideal para el uso diario.<\/span><\/p>\n<h3 data-start=\"241\" data-end=\"267\"><strong data-start=\"245\" data-end=\"265\"><span>Caracter\u00edsticas:<\/span><\/strong><\/h3>\n<ul data-start=\"268\" data-end=\"797\">\n<li data-start=\"268\" data-end=\"290\"><strong data-start=\"270\" data-end=\"280\"><span>Marca:<\/span><\/strong><span> Diadora<\/span><\/li>\n<li data-start=\"291\" data-end=\"333\"><strong data-start=\"293\" data-end=\"304\"><span>Modelo:<\/span><\/strong><span> Rocket Lifestyle Masculino<\/span><\/li>\n<li data-start=\"334\" data-end=\"371\"><strong data-start=\"336\" data-end=\"345\"><span>Tipo:<\/span><\/strong><span> Calzado urbano y casual<\/span><\/li>\n<li data-start=\"372\" data-end=\"442\"><strong data-start=\"374\" data-end=\"396\"><span>Material exterior:<\/span><\/strong><span> Cuero sint\u00e9tico duradero y f\u00e1cil de limpiar.<\/span><\/li>\n<li data-start=\"443\" data-end=\"506\"><strong data-start=\"445\" data-end=\"464\"><span>Forro interior:<\/span><\/strong><span> Textil acolchonado para mayor comodidad<\/span><\/li>\n<li data-start=\"507\" data-end=\"560\"><strong data-start=\"509\" data-end=\"520\"><span>Cierre:<\/span><\/strong><span> Cordones planos para un ajuste seguro<\/span><\/li>\n<li data-start=\"561\" data-end=\"638\"><strong data-start=\"563\" data-end=\"573\"><span>Suela:<\/span><\/strong><span> Goma vulcanizada con dise\u00f1o antideslizante para mejor tracci\u00f3n<\/span><\/li>\n<li data-start=\"639\" data-end=\"739\"><strong data-start=\"641\" data-end=\"652\"><span>Dise\u00f1o:<\/span><\/strong><span> Estilo retro inspirado en el skateboarding, con detalles perforados para ventilaci\u00f3n.<\/span><\/li>\n<li data-start=\"740\" data-end=\"797\"><strong data-start=\"742\" data-end=\"766\"><span>Colores disponibles:<\/span><\/strong><span> Blanco con detalles en negro<\/span><\/li>\n<\/ul>\n<p data-start=\"799\" data-end=\"935\" data-is-last-node=\"\" data-is-only-node=\"\"><span>Estos tenis son ideales para combinar con diferentes estilos de vestimenta, brindando un equilibrio perfecto entre moda y funcionalidad.<\/span><\/p>\n<\/div>\n<\/div>\n<\/div>\n<\/div>\n","protected":false},"excerpt":{"rendered":"<p>ROCKET-M1171 Los Diadora Rocket Lifestyle Masculino son unos tenis dise\u00f1ados para quienes buscan un estilo urbano con comodidad y durabilidad.<\/p>\n","protected":false},"featured_media":75171,"comment_status":"open","ping_status":"closed","template":"","meta":{"nf_dc_page":""},"product_brand":[],"product_cat":[76],"product_tag":[],"class_list":{"0":"post-75169","1":"product","2":"type-product","3":"status-publish","4":"has-post-thumbnail","6":"product_cat-masculino","8":"first","9":"instock","10":"shipping-taxable","11":"purchasable","12":"product-type-simple"},"_links":{"self":[{"href":"https:\/\/brandss.com.py\/index\/wp-json\/wp\/v2\/product\/75169","targetHints":{"allow":["GET"]}}],"collection":[{"href":"https:\/\/brandss.com.py\/index\/wp-json\/wp\/v2\/product"}],"about":[{"href":"https:\/\/brandss.com.py\/index\/wp-json\/wp\/v2\/types\/product"}],"replies":[{"embeddable":true,"href":"https:\/\/brandss.com.py\/index\/wp-json\/wp\/v2\/comments?post=75169"}],"version-history":[{"count":1,"href":"https:\/\/brandss.com.py\/index\/wp-json\/wp\/v2\/product\/75169\/revisions"}],"predecessor-version":[{"id":75178,"href":"https:\/\/brandss.com.py\/index\/wp-json\/wp\/v2\/product\/75169\/revisions\/75178"}],"wp:featuredmedia":[{"embeddable":true,"href":"https:\/\/brandss.com.py\/index\/wp-json\/wp\/v2\/media\/75171"}],"wp:attachment":[{"href":"https:\/\/brandss.com.py\/index\/wp-json\/wp\/v2\/media?parent=75169"}],"wp:term":[{"taxonomy":"product_brand","embeddable":true,"href":"https:\/\/brandss.com.py\/index\/wp-json\/wp\/v2\/product_brand?post=75169"},{"taxonomy":"product_cat","embeddable":true,"href":"https:\/\/brandss.com.py\/index\/wp-json\/wp\/v2\/product_cat?post=75169"},{"taxonomy":"product_tag","embeddable":true,"href":"https:\/\/brandss.com.py\/index\/wp-json\/wp\/v2\/product_tag?post=75169"}],"curies":[{"name":"wp","href":"https:\/\/api.w.org\/{rel}","templated":true}]}}