{"id":75170,"date":"2025-03-07T16:24:04","date_gmt":"2025-03-07T16:24:04","guid":{"rendered":"https:\/\/brandss.com.py\/index\/?post_type=product&#038;p=75170"},"modified":"2025-09-25T12:08:31","modified_gmt":"2025-09-25T12:08:31","slug":"acondicionador-perfumado-kerasys-lovely-romantic-600ml","status":"publish","type":"product","link":"https:\/\/brandss.com.py\/index\/producto\/acondicionador-perfumado-kerasys-lovely-romantic-600ml\/","title":{"rendered":"ACONDICIONADOR PERFUMADO KERASYS LOVELY &amp; ROMANTIC 600ML"},"content":{"rendered":"<p><img loading=\"lazy\" decoding=\"async\" class=\"\" src=\"https:\/\/static.wixstatic.com\/media\/2d4278_a729ce2cee1341ccbb84966bc300d2e4~mv2.png\/v1\/fit\/w_500,h_500,q_90\/file.png\" alt=\"KERASYS REPAIRING CONDITIONER - DAMAGE CARE 600ML (12 PCS\/CASE) | Nextrade  Philippines\" width=\"81\" height=\"81\" \/><\/p>\n<h1>LOVELY &amp; ROMANTIC<\/h1>\n<p>Acondicionador humectante para cabellos con frizz. Enriquecido con aceite de arg\u00e1n, sella la cut\u00edcula y otorga brillo, sedosidad y definici\u00f3n al cabello rebelde.<\/p>\n<p>Sus variedades enriquecidas con distintos aromas permiten una experiencia sensorial al momento de la ducha y deja un perfume suave en el cabello que te har\u00e1 recibir muchos cumplidos.<\/p>\n<div class=\"row item-row\">\n<div class=\"col-xs-24\">\n<div>\n<ul>\n<li>Soluci\u00f3n de equilibrio<\/li>\n<li>F\u00f3rmula de volumen brillante<\/li>\n<li>10 esencia floral<\/li>\n<li>3 extractos de aceite de hierbas<\/li>\n<li>\u00c1cido hialur\u00f3nico de sodio<\/li>\n<\/ul>\n<p>Es rico en 10 tipos de esencias florales y 3 tipos de extractos de aceites herbales, y proporciona al cabello una nueva experiencia con una fragancia y un volumen m\u00e1s duraderos.<\/p>\n<p>F\u00f3rmula de perfume con 10 tipos de esencias florales y 3 tipos de aceite de hierbas. Experimente una fragancia duradera y un cabello voluminoso y brillante.<\/p>\n<p><strong>Perfume de larga duraci\u00f3n<\/strong><\/p>\n<p>La nota de cabeza con melocot\u00f3n dulce y flor de naranjo agridulce se armoniza con la linda margarita y la fresia de la nota media para producir una fragancia amplia. La nota de fondo con madera de cedro y \u00e1mbar suave agrega una sensaci\u00f3n suave y encantadora al aroma.<\/p>\n<ul>\n<li><strong>Notas de salida:<\/strong>\u00a0Azahar, melocot\u00f3n blanco, ramo de fresias<\/li>\n<li><strong>Notas de coraz\u00f3n:<\/strong>\u00a0Jasmine, Magnolia, Daisy, Muguet<\/li>\n<li><strong>Notas de fondo:<\/strong>\u00a0Cedro, \u00e1mbar suave, almizcle blanco<\/li>\n<\/ul>\n<\/div>\n<\/div>\n<\/div>\n<div class=\"row item-row\">\n<div class=\"col-xs-24\">\n<h3><strong>Uso sugerido<\/strong><\/h3>\n<div class=\"prodOverviewDetail\">\n<p>Masajee sobre el cabello h\u00famedo despu\u00e9s del champ\u00fa y enjuague bien.<\/p>\n<\/div>\n<\/div>\n<\/div>\n","protected":false},"excerpt":{"rendered":"<p>LOVELY &amp; ROMANTIC Acondicionador humectante para cabellos con frizz. Enriquecido con aceite de arg\u00e1n, sella la cut\u00edcula y otorga brillo,<\/p>\n","protected":false},"featured_media":75172,"comment_status":"open","ping_status":"closed","template":"","meta":{"nf_dc_page":""},"product_brand":[204],"product_cat":[85],"product_tag":[412],"class_list":{"0":"post-75170","1":"product","2":"type-product","3":"status-publish","4":"has-post-thumbnail","6":"product_brand-kerasys","7":"product_cat-cosmeticos","8":"product_tag-412","10":"first","11":"instock","12":"shipping-taxable","13":"purchasable","14":"product-type-simple"},"_links":{"self":[{"href":"https:\/\/brandss.com.py\/index\/wp-json\/wp\/v2\/product\/75170","targetHints":{"allow":["GET"]}}],"collection":[{"href":"https:\/\/brandss.com.py\/index\/wp-json\/wp\/v2\/product"}],"about":[{"href":"https:\/\/brandss.com.py\/index\/wp-json\/wp\/v2\/types\/product"}],"replies":[{"embeddable":true,"href":"https:\/\/brandss.com.py\/index\/wp-json\/wp\/v2\/comments?post=75170"}],"version-history":[{"count":1,"href":"https:\/\/brandss.com.py\/index\/wp-json\/wp\/v2\/product\/75170\/revisions"}],"predecessor-version":[{"id":75174,"href":"https:\/\/brandss.com.py\/index\/wp-json\/wp\/v2\/product\/75170\/revisions\/75174"}],"wp:featuredmedia":[{"embeddable":true,"href":"https:\/\/brandss.com.py\/index\/wp-json\/wp\/v2\/media\/75172"}],"wp:attachment":[{"href":"https:\/\/brandss.com.py\/index\/wp-json\/wp\/v2\/media?parent=75170"}],"wp:term":[{"taxonomy":"product_brand","embeddable":true,"href":"https:\/\/brandss.com.py\/index\/wp-json\/wp\/v2\/product_brand?post=75170"},{"taxonomy":"product_cat","embeddable":true,"href":"https:\/\/brandss.com.py\/index\/wp-json\/wp\/v2\/product_cat?post=75170"},{"taxonomy":"product_tag","embeddable":true,"href":"https:\/\/brandss.com.py\/index\/wp-json\/wp\/v2\/product_tag?post=75170"}],"curies":[{"name":"wp","href":"https:\/\/api.w.org\/{rel}","templated":true}]}}