{"id":75179,"date":"2025-03-07T16:41:13","date_gmt":"2025-03-07T16:41:13","guid":{"rendered":"https:\/\/brandss.com.py\/index\/?post_type=product&#038;p=75179"},"modified":"2025-03-07T16:41:30","modified_gmt":"2025-03-07T16:41:30","slug":"calzado-casual-femenino-diadora-white-silver","status":"publish","type":"product","link":"https:\/\/brandss.com.py\/index\/producto\/calzado-casual-femenino-diadora-white-silver\/","title":{"rendered":"CALZADO CASUAL FEMENINO DIADORA WHITE\/SILVER"},"content":{"rendered":"<p><img loading=\"lazy\" decoding=\"async\" class=\"\" src=\"https:\/\/cdn.worldvectorlogo.com\/logos\/diadora-2.svg\" alt=\"Diadora Logotipo Vector - Descarga Gratis SVG | Worldvectorlogo\" width=\"243\" height=\"243\" \/><\/p>\n<h1>SET-L-1181<\/h1>\n<div class=\"flex max-w-full flex-col flex-grow\">\n<div class=\"min-h-8 text-message relative flex w-full flex-col items-end gap-2 whitespace-normal break-words text-start [.text-message+&amp;]:mt-5\" dir=\"auto\" data-message-author-role=\"assistant\" data-message-id=\"f2fb278a-96ca-4e2e-be03-f0a52193f2a6\" data-message-model-slug=\"gpt-4o-mini\">\n<div class=\"flex w-full flex-col gap-1 empty:hidden first:pt-[3px]\">\n<div class=\"markdown prose w-full break-words dark:prose-invert light\">\n<p data-start=\"0\" data-end=\"406\"><span>El <\/span><strong data-start=\"3\" data-end=\"46\"><span>Diadora Champion Lifestyle Set Femenino<\/span><\/strong><span> es un calzado dise\u00f1ado especialmente para mujeres que buscan un equilibrio perfecto entre <\/span><strong data-start=\"137\" data-end=\"150\"><span>comodidad<\/span><\/strong><span> , <\/span><strong data-start=\"152\" data-end=\"167\"><span>durabilidad<\/span><\/strong><span> y <\/span><strong data-start=\"170\" data-end=\"180\"><span>estilo<\/span><\/strong><span> . Pensado para el d\u00eda a d\u00eda, este modelo combina la funcionalidad de unas zapatillas deportivas con un dise\u00f1o c\u00f3modo, ideal para quienes desean un calzado que se adapte a diferentes actividades sin sacrificar la est\u00e9tica.<\/span><\/p>\n<h3 data-start=\"408\" data-end=\"440\"><span>Caracter\u00edsticas\u00a0<\/span><\/h3>\n<ul data-start=\"442\" data-end=\"2240\">\n<li data-start=\"442\" data-end=\"795\">\n<p data-start=\"444\" data-end=\"795\"><strong data-start=\"444\" data-end=\"474\"><span>Dise\u00f1o moderno y elegante:<\/span><\/strong><span> Con un estilo minimalista, estas zapatillas tienen un aspecto limpio y contempor\u00e1neo, que las hacen adecuadas para una variedad de ocasiones. Su dise\u00f1o sencillo y chic permite combinarlas con atuendos deportivos o m\u00e1s casuales, adapt\u00e1ndose f\u00e1cilmente tanto a looks urbanos como a estilos relajados o incluso semiformales.<\/span><\/p>\n<\/li>\n<li data-start=\"797\" data-end=\"1110\">\n<p data-start=\"799\" data-end=\"1110\"><strong data-start=\"799\" data-end=\"830\"><span>Materiales de alta calidad:<\/span><\/strong><span> Diadora ha utilizado materiales de primera calidad para la fabricaci\u00f3n de este modelo, asegurando no solo durabilidad, sino tambi\u00e9n un ajuste perfecto. Los materiales permiten que las zapatillas resistan el uso frecuente mientras mantienen su forma y aspecto durante m\u00e1s tiempo.<\/span><\/p>\n<\/li>\n<li data-start=\"1112\" data-end=\"1522\">\n<p data-start=\"1114\" data-end=\"1522\"><strong data-start=\"1114\" data-end=\"1140\"><span>Comodidad excepcional:<\/span><\/strong><span> La plantilla acolchonada de estas zapatillas proporciona un soporte adicional, haciendo que cada paso sea m\u00e1s c\u00f3modo. La suela est\u00e1 dise\u00f1ada para ofrecer una buena amortiguaci\u00f3n, lo que ayuda a reducir la presi\u00f3n en los pies durante actividades de alto impacto o largas caminatas. Esto convierte al modelo en una excelente opci\u00f3n para quienes pasan mucho tiempo de pie o caminando.<\/span><\/p>\n<\/li>\n<li data-start=\"1524\" data-end=\"1929\">\n<p data-start=\"1526\" data-end=\"1929\"><strong data-start=\"1526\" data-end=\"1560\"><span>Versatilidad en el uso diario:<\/span><\/strong><span> Gracias a su dise\u00f1o vers\u00e1til, las zapatillas son adecuadas para muchas situaciones, desde actividades deportivas ligeras hasta un d\u00eda de compras o una salida casual con amigos. Son f\u00e1ciles de combinar con diferentes tipos de ropa, desde leggings y sudaderas hasta jeans o incluso vestidos informales, lo que las convierte en un imprescindible en cualquier guardarropa.<\/span><\/p>\n<\/li>\n<li data-start=\"1931\" data-end=\"2240\">\n<p data-start=\"1933\" data-end=\"2240\"><strong data-start=\"1933\" data-end=\"1963\"><span>Durabilidad y rendimiento:<\/span><\/strong><span> Adem\u00e1s de la comodidad, estas zapatillas est\u00e1n construidas para soportar el desgaste del uso diario. La combinaci\u00f3n de materiales resistentes y la atenci\u00f3n al detalle en su construcci\u00f3n asegura que sean una opci\u00f3n confiable para quienes buscan un calzado funcional y duradero.<\/span><\/p>\n<\/li>\n<\/ul>\n<p data-start=\"2242\" data-end=\"2578\" data-is-last-node=\"\" data-is-only-node=\"\"><span>Este modelo es ideal para quienes buscan unas zapatillas que no solo se vean bien, sino que tambi\u00e9n ofrecer\u00e1n el confort y la resistencia necesarias para el ritmo acelerado del d\u00eda a d\u00eda. Sin importar la actividad o el estilo personal, las <\/span><strong data-start=\"2481\" data-end=\"2524\"><span>Diadora Champion Lifestyle Set Femenino<\/span><\/strong><span> son una opci\u00f3n pr\u00e1ctica y elegante para cada ocasi\u00f3n.<\/span><\/p>\n<\/div>\n<\/div>\n<\/div>\n<\/div>\n","protected":false},"excerpt":{"rendered":"<p>SET-L-1181 El Diadora Champion Lifestyle Set Femenino es un calzado dise\u00f1ado especialmente para mujeres que buscan un equilibrio perfecto entre<\/p>\n","protected":false},"featured_media":75181,"comment_status":"open","ping_status":"closed","template":"","meta":{"nf_dc_page":""},"product_brand":[],"product_cat":[73],"product_tag":[],"class_list":{"0":"post-75179","1":"product","2":"type-product","3":"status-publish","4":"has-post-thumbnail","6":"product_cat-femenino","8":"first","9":"instock","10":"shipping-taxable","11":"purchasable","12":"product-type-simple"},"_links":{"self":[{"href":"https:\/\/brandss.com.py\/index\/wp-json\/wp\/v2\/product\/75179","targetHints":{"allow":["GET"]}}],"collection":[{"href":"https:\/\/brandss.com.py\/index\/wp-json\/wp\/v2\/product"}],"about":[{"href":"https:\/\/brandss.com.py\/index\/wp-json\/wp\/v2\/types\/product"}],"replies":[{"embeddable":true,"href":"https:\/\/brandss.com.py\/index\/wp-json\/wp\/v2\/comments?post=75179"}],"version-history":[{"count":2,"href":"https:\/\/brandss.com.py\/index\/wp-json\/wp\/v2\/product\/75179\/revisions"}],"predecessor-version":[{"id":75188,"href":"https:\/\/brandss.com.py\/index\/wp-json\/wp\/v2\/product\/75179\/revisions\/75188"}],"wp:featuredmedia":[{"embeddable":true,"href":"https:\/\/brandss.com.py\/index\/wp-json\/wp\/v2\/media\/75181"}],"wp:attachment":[{"href":"https:\/\/brandss.com.py\/index\/wp-json\/wp\/v2\/media?parent=75179"}],"wp:term":[{"taxonomy":"product_brand","embeddable":true,"href":"https:\/\/brandss.com.py\/index\/wp-json\/wp\/v2\/product_brand?post=75179"},{"taxonomy":"product_cat","embeddable":true,"href":"https:\/\/brandss.com.py\/index\/wp-json\/wp\/v2\/product_cat?post=75179"},{"taxonomy":"product_tag","embeddable":true,"href":"https:\/\/brandss.com.py\/index\/wp-json\/wp\/v2\/product_tag?post=75179"}],"curies":[{"name":"wp","href":"https:\/\/api.w.org\/{rel}","templated":true}]}}