{"id":75186,"date":"2025-03-07T16:44:10","date_gmt":"2025-03-07T16:44:10","guid":{"rendered":"https:\/\/brandss.com.py\/index\/?post_type=product&#038;p=75186"},"modified":"2026-02-13T10:59:42","modified_gmt":"2026-02-13T10:59:42","slug":"shampoo-perfumado-kerasys-pure-charming-600ml","status":"publish","type":"product","link":"https:\/\/brandss.com.py\/index\/producto\/shampoo-perfumado-kerasys-pure-charming-600ml\/","title":{"rendered":"SHAMPOO PERFUMADO KERASYS PURE &amp; CHARMING 600ML"},"content":{"rendered":"<p><img loading=\"lazy\" decoding=\"async\" class=\"\" src=\"https:\/\/static.wixstatic.com\/media\/2d4278_a729ce2cee1341ccbb84966bc300d2e4~mv2.png\/v1\/fit\/w_500,h_500,q_90\/file.png\" alt=\"KERASYS REPAIRING CONDITIONER - DAMAGE CARE 600ML (12 PCS\/CASE) | Nextrade  Philippines\" width=\"103\" height=\"103\" \/><\/p>\n<h1>PURE &amp; CHARMING<\/h1>\n<p>Este shampoo combina la tradici\u00f3n y la tecnolog\u00eda para ofrecer un producto de alta calidad. Su f\u00f3rmula \u00fanica incluye ingredientes como el aceite de \u00e1rbol de t\u00e9, conocido por sus propiedades antimicrobianas y antiinflamatorias, y el aceite de semilla de camelia, que aporta hidrataci\u00f3n y brillo al cabello. Adem\u00e1s, contiene extractos de diversas flores, que aportan una fragancia \u00fanica y ayudan a fortalecer y revitalizar el cabello. Es apto para todo tipo de cabello, en especial para cabellos finos, d\u00e9biles, sin cuerpo.<\/p>\n<p>Proporciona al cabello una fragancia delicada y sensual a la vez, al tiempo que repara y fortalece el cabello debilitado y fino, devolvi\u00e9ndole movimiento, cuerpo y volumen.<\/p>\n<div class=\"row item-row\">\n<div class=\"col-xs-24\">\n<div>\n<ul>\n<li>Soluci\u00f3n de equilibrio<\/li>\n<li>F\u00f3rmula de volumen brillante<\/li>\n<li>10 esencia floral<\/li>\n<li>3 extractos de aceite de hierbas<\/li>\n<li>Pantenol.<\/li>\n<li>Sin siliconas.<\/li>\n<\/ul>\n<p>Es rico en 10 tipos de esencias florales y 3 tipos de extractos de aceites herbales, y proporciona al cabello una nueva experiencia con una fragancia y un volumen m\u00e1s duraderos.<\/p>\n<p>F\u00f3rmula de perfume con 10 tipos de esencia floral y 3 tipos de aceite de hierbas. Experimente una fragancia duradera y un cabello voluminoso y brillante.<\/p>\n<p><strong>Perfume de larga duraci\u00f3n<\/strong><\/p>\n<p>La nota superior con mandarina y bergamota frescas que recuerdan el roc\u00edo de la ma\u00f1ana en un d\u00eda de primavera y la nota media que contiene un toque de delicadas hojas de lirio y melocot\u00f3n producen un aroma limpio e inocente. La fragancia termina con una suave madera de cedro blanco y almizcle en la nota de fondo, dejando una sensaci\u00f3n pura y seductora.<\/p>\n<ul>\n<li><strong>Notas de salida:<\/strong> Bergamota, mandarina, mandarina verde.<\/li>\n<li><strong>Notas de coraz\u00f3n: <\/strong>Lirio de los valles, flor de melocot\u00f3n, rosa rosa.<\/li>\n<li><strong>Notas de fondo: <\/strong>Cedro blanco, almizcle y cardamomo.<\/li>\n<\/ul>\n<\/div>\n<\/div>\n<\/div>\n<div class=\"row item-row\">\n<div class=\"col-xs-24\">\n<h3><strong>Uso sugerido<\/strong><\/h3>\n<div class=\"prodOverviewDetail\">\n<p>Forme espuma sobre el cuero cabelludo y el cabello h\u00famedos con las manos con un movimiento similar al de un masaje y enjuague bien con agua corriente.<\/p>\n<\/div>\n<\/div>\n<\/div>\n","protected":false},"excerpt":{"rendered":"<p>PURE &amp; CHARMING Este shampoo combina la tradici\u00f3n y la tecnolog\u00eda para ofrecer un producto de alta calidad. Su f\u00f3rmula<\/p>\n","protected":false},"featured_media":75189,"comment_status":"open","ping_status":"closed","template":"","meta":{"nf_dc_page":""},"product_brand":[204],"product_cat":[85],"product_tag":[413],"class_list":{"0":"post-75186","1":"product","2":"type-product","3":"status-publish","4":"has-post-thumbnail","6":"product_brand-kerasys","7":"product_cat-cosmeticos","8":"product_tag-413","10":"first","11":"instock","12":"shipping-taxable","13":"purchasable","14":"product-type-simple"},"_links":{"self":[{"href":"https:\/\/brandss.com.py\/index\/wp-json\/wp\/v2\/product\/75186","targetHints":{"allow":["GET"]}}],"collection":[{"href":"https:\/\/brandss.com.py\/index\/wp-json\/wp\/v2\/product"}],"about":[{"href":"https:\/\/brandss.com.py\/index\/wp-json\/wp\/v2\/types\/product"}],"replies":[{"embeddable":true,"href":"https:\/\/brandss.com.py\/index\/wp-json\/wp\/v2\/comments?post=75186"}],"version-history":[{"count":1,"href":"https:\/\/brandss.com.py\/index\/wp-json\/wp\/v2\/product\/75186\/revisions"}],"predecessor-version":[{"id":75192,"href":"https:\/\/brandss.com.py\/index\/wp-json\/wp\/v2\/product\/75186\/revisions\/75192"}],"wp:featuredmedia":[{"embeddable":true,"href":"https:\/\/brandss.com.py\/index\/wp-json\/wp\/v2\/media\/75189"}],"wp:attachment":[{"href":"https:\/\/brandss.com.py\/index\/wp-json\/wp\/v2\/media?parent=75186"}],"wp:term":[{"taxonomy":"product_brand","embeddable":true,"href":"https:\/\/brandss.com.py\/index\/wp-json\/wp\/v2\/product_brand?post=75186"},{"taxonomy":"product_cat","embeddable":true,"href":"https:\/\/brandss.com.py\/index\/wp-json\/wp\/v2\/product_cat?post=75186"},{"taxonomy":"product_tag","embeddable":true,"href":"https:\/\/brandss.com.py\/index\/wp-json\/wp\/v2\/product_tag?post=75186"}],"curies":[{"name":"wp","href":"https:\/\/api.w.org\/{rel}","templated":true}]}}