{"id":75203,"date":"2025-03-07T17:32:35","date_gmt":"2025-03-07T17:32:35","guid":{"rendered":"https:\/\/brandss.com.py\/index\/?post_type=product&#038;p=75203"},"modified":"2025-03-07T17:33:05","modified_gmt":"2025-03-07T17:33:05","slug":"visera-deportivo-unisex-fila","status":"publish","type":"product","link":"https:\/\/brandss.com.py\/index\/producto\/visera-deportivo-unisex-fila\/","title":{"rendered":"VISERA DEPORTIVO UNISEX FILA"},"content":{"rendered":"<p><img loading=\"lazy\" decoding=\"async\" class=\"\" src=\"https:\/\/1000marcas.net\/wp-content\/uploads\/2019\/12\/logo-Fila.png\" alt=\"Logo de Fila: la historia y el significado del logotipo, la ...\" width=\"647\" height=\"364\" \/><\/p>\n<h1>\u00a0F23TN024-100<\/h1>\n<p data-start=\"0\" data-end=\"366\"><span>La <\/span><strong data-start=\"3\" data-end=\"50\"><span>Visera Fila F23TN024-100 Tennis Team Blanco<\/span><\/strong><span> es un accesorio de alto rendimiento dise\u00f1ado para quienes buscan protecci\u00f3n y comodidad durante sus actividades deportivas o al aire libre. Este modelo combina un dise\u00f1o funcional con el estilo cl\u00e1sico de la marca Fila, siendo perfecto para quienes disfrutan del tenis, el running o cualquier deporte al aire libre.<\/span><\/p>\n<h3 data-start=\"368\" data-end=\"400\"><span>Caracter\u00edsticas principales:<\/span><\/h3>\n<h3 data-start=\"368\" data-end=\"400\"><strong data-start=\"404\" data-end=\"436\"><span>Dise\u00f1o deportivo y elegante:<\/span><\/strong><span> La visera Fila presenta un dise\u00f1o simple pero efectivo, en color blanco con el ic\u00f3nico logo de Fila en la parte frontal. Su estilo limpio y moderno la convierte en un accesorio f\u00e1cil de combinar con una amplia variedad de ropa deportiva y casual.<\/span><\/h3>\n<ul data-start=\"402\" data-end=\"1817\">\n<li data-start=\"685\" data-end=\"990\">\n<p data-start=\"687\" data-end=\"990\"><strong data-start=\"687\" data-end=\"708\"><span>Protecci\u00f3n solar:<\/span><\/strong><span> La visera est\u00e1 dise\u00f1ada para proteger tu rostro del sol, ayudando a reducir la exposici\u00f3n directa a los rayos solares. Su visera amplia permite bloquear la luz solar desde diferentes \u00e1ngulos, ideal para actividades al aire libre como tenis, running o cualquier deporte bajo el sol.<\/span><\/p>\n<\/li>\n<li data-start=\"992\" data-end=\"1288\">\n<p data-start=\"994\" data-end=\"1288\"><strong data-start=\"994\" data-end=\"1017\"><span>Comodidad y ajuste:<\/span><\/strong><span> Fabricada con materiales livianos y transpirables, esta visera mantiene la cabeza fresca y c\u00f3moda durante largas sesiones de actividad f\u00edsica. Adem\u00e1s, su dise\u00f1o ajustable garantiza un ajuste personalizado, adapt\u00e1ndose a diferentes tama\u00f1os de cabeza para mayor comodidad.<\/span><\/p>\n<\/li>\n<li data-start=\"1290\" data-end=\"1555\">\n<p data-start=\"1292\" data-end=\"1555\"><strong data-start=\"1292\" data-end=\"1321\"><span>Material de alta calidad:<\/span><\/strong><span> Hecha con materiales duraderos y resistentes, la visera Fila es ideal para el uso constante, ya sea para entrenamientos intensos o para el d\u00eda a d\u00eda. Su fabricaci\u00f3n asegura que se mantendr\u00e1 en buen estado, incluso con el uso repetido.<\/span><\/p>\n<\/li>\n<li data-start=\"1557\" data-end=\"1817\">\n<p data-start=\"1559\" data-end=\"1817\"><strong data-start=\"1559\" data-end=\"1576\"><span>Versatilidad:<\/span><\/strong><span> Aunque est\u00e1 especialmente pensada para actividades deportivas, la visera tambi\u00e9n puede ser un accesorio \u00fatil para cualquier situaci\u00f3n en la que necesite protecci\u00f3n del sol, como paseos al aire libre o incluso en un d\u00eda casual en la ciudad.<\/span><\/p>\n<\/li>\n<\/ul>\n<p data-start=\"1819\" data-end=\"2015\" data-is-last-node=\"\" data-is-only-node=\"\"><span>La <\/span><strong data-start=\"1822\" data-end=\"1869\"><span>Visera Fila F23TN024-100 Tennis Team Blanco<\/span><\/strong><span> es la opci\u00f3n perfecta para quienes buscan un accesorio que combine funcionalidad, estilo y comodidad en sus actividades deportivas o recreativas.<\/span><\/p>\n","protected":false},"excerpt":{"rendered":"<p>\u00a0F23TN024-100 La Visera Fila F23TN024-100 Tennis Team Blanco es un accesorio de alto rendimiento dise\u00f1ado para quienes buscan protecci\u00f3n y<\/p>\n","protected":false},"featured_media":75204,"comment_status":"open","ping_status":"closed","template":"","meta":{"nf_dc_page":""},"product_brand":[],"product_cat":[74,77,76],"product_tag":[],"class_list":{"0":"post-75203","1":"product","2":"type-product","3":"status-publish","4":"has-post-thumbnail","6":"product_cat-accesorios-fem","7":"product_cat-accesorios-masc","8":"product_cat-masculino","10":"first","11":"instock","12":"shipping-taxable","13":"purchasable","14":"product-type-simple"},"_links":{"self":[{"href":"https:\/\/brandss.com.py\/index\/wp-json\/wp\/v2\/product\/75203","targetHints":{"allow":["GET"]}}],"collection":[{"href":"https:\/\/brandss.com.py\/index\/wp-json\/wp\/v2\/product"}],"about":[{"href":"https:\/\/brandss.com.py\/index\/wp-json\/wp\/v2\/types\/product"}],"replies":[{"embeddable":true,"href":"https:\/\/brandss.com.py\/index\/wp-json\/wp\/v2\/comments?post=75203"}],"version-history":[{"count":1,"href":"https:\/\/brandss.com.py\/index\/wp-json\/wp\/v2\/product\/75203\/revisions"}],"predecessor-version":[{"id":75206,"href":"https:\/\/brandss.com.py\/index\/wp-json\/wp\/v2\/product\/75203\/revisions\/75206"}],"wp:featuredmedia":[{"embeddable":true,"href":"https:\/\/brandss.com.py\/index\/wp-json\/wp\/v2\/media\/75204"}],"wp:attachment":[{"href":"https:\/\/brandss.com.py\/index\/wp-json\/wp\/v2\/media?parent=75203"}],"wp:term":[{"taxonomy":"product_brand","embeddable":true,"href":"https:\/\/brandss.com.py\/index\/wp-json\/wp\/v2\/product_brand?post=75203"},{"taxonomy":"product_cat","embeddable":true,"href":"https:\/\/brandss.com.py\/index\/wp-json\/wp\/v2\/product_cat?post=75203"},{"taxonomy":"product_tag","embeddable":true,"href":"https:\/\/brandss.com.py\/index\/wp-json\/wp\/v2\/product_tag?post=75203"}],"curies":[{"name":"wp","href":"https:\/\/api.w.org\/{rel}","templated":true}]}}