{"id":75207,"date":"2025-03-07T17:43:04","date_gmt":"2025-03-07T17:43:04","guid":{"rendered":"https:\/\/brandss.com.py\/index\/?post_type=product&#038;p=75207"},"modified":"2026-02-11T10:18:24","modified_gmt":"2026-02-11T10:18:24","slug":"visera-deportivo-unisex-fila-2","status":"publish","type":"product","link":"https:\/\/brandss.com.py\/index\/producto\/visera-deportivo-unisex-fila-2\/","title":{"rendered":"VISERA DEPORTIVO UNISEX FILA"},"content":{"rendered":"<p><img loading=\"lazy\" decoding=\"async\" class=\"\" src=\"https:\/\/1000marcas.net\/wp-content\/uploads\/2019\/12\/logo-Fila.png\" alt=\"Logo de Fila: la historia y el significado del logotipo, la ...\" width=\"396\" height=\"223\" \/><\/p>\n<h1>\u00a0F23TN024-160<\/h1>\n<div class=\"flex-1 grow overflow-hidden @container\/thread\">\n<div class=\"relative h-full\">\n<div class=\"flex h-full flex-col overflow-y-auto [scrollbar-gutter:stable]\">\n<div class=\"flex flex-col text-sm\">\n<article class=\"w-full text-token-text-primary focus-visible:outline-2 focus-visible:outline-offset-[-4px]\" dir=\"auto\" data-testid=\"conversation-turn-13\" data-scroll-anchor=\"true\">\n<div class=\"text-base my-auto mx-auto py-[18px] px-6\">\n<div class=\"mx-auto flex flex-1 text-base gap-4 md:gap-5 lg:gap-6 md:max-w-3xl\">\n<div class=\"group\/conversation-turn relative flex w-full min-w-0 flex-col agent-turn @xs\/thread:px-0 @sm\/thread:px-1.5 @md\/thread:px-4\">\n<div class=\"flex-col gap-1 md:gap-3\">\n<div class=\"flex max-w-full flex-col flex-grow\">\n<div class=\"min-h-8 text-message relative flex w-full flex-col items-end gap-2 whitespace-normal break-words text-start [.text-message+&amp;]:mt-5\" dir=\"auto\" data-message-author-role=\"assistant\" data-message-id=\"5a3dc4da-0d6a-4729-95c7-662c5246a030\" data-message-model-slug=\"gpt-4o-mini\">\n<div class=\"flex w-full flex-col gap-1 empty:hidden first:pt-[3px]\">\n<div class=\"markdown prose w-full break-words dark:prose-invert light\">\n<p data-start=\"0\" data-end=\"351\"><strong data-start=\"3\" data-end=\"55\"><span>Visera Fila F23TN024-160\u00a0 Negro<\/span><\/strong><span> es un accesorio deportivo de alta calidad que ofrece tanto funcionalidad como estilo para quienes disfrutan de actividades al aire libre o deportes como el tenis. Con un dise\u00f1o moderno y elegante, esta visera de color negro proporciona la protecci\u00f3n solar que necesitas sin sacrificar el estilo.<\/span><\/p>\n<h3 data-start=\"353\" data-end=\"385\"><span>Caracter\u00edsticas<\/span><\/h3>\n<h3 data-start=\"353\" data-end=\"385\"><strong data-start=\"389\" data-end=\"421\"><span>Dise\u00f1o deportivo y vers\u00e1til:<\/span><\/strong><span> El gorro visera Fila presenta un dise\u00f1o cl\u00e1sico en color negro, con el ic\u00f3nico logo de Fila en la parte frontal, lo que le da un toque c\u00f3modo y atemporal. Su est\u00e9tica simple y elegante lo convierte en un accesorio f\u00e1cil de combinar con cualquier conjunto deportivo o casual.<\/span><\/h3>\n<ul data-start=\"387\" data-end=\"1880\">\n<li data-start=\"703\" data-end=\"1065\">\n<p data-start=\"705\" data-end=\"1065\"><strong data-start=\"705\" data-end=\"736\"><span>Protecci\u00f3n solar eficiente:<\/span><\/strong><span> La visera est\u00e1 especialmente dise\u00f1ada para proteger el rostro de los rayos solares, ofreciendo sombra a los ojos y la cara durante las actividades al aire libre. Ideal para deportes como tenis, golf, running o cualquier actividad bajo el sol, su visera proporciona la cobertura necesaria para reducir el impacto directo del sol.<\/span><\/p>\n<\/li>\n<li data-start=\"1067\" data-end=\"1420\">\n<p data-start=\"1069\" data-end=\"1420\"><strong data-start=\"1069\" data-end=\"1106\"><span>Comodidad y ajuste personalizado:<\/span><\/strong><span> Hecha con materiales ligeros y transpirables, esta visera asegura que tu cabeza se mantenga fresca y c\u00f3moda, incluso durante entrenamientos largos o en climas calurosos. Su banda ajustable en la parte posterior permite un ajuste perfecto, adapt\u00e1ndose a diferentes tama\u00f1os de cabeza para un ajuste seguro y c\u00f3modo.<\/span><\/p>\n<\/li>\n<li data-start=\"1422\" data-end=\"1649\">\n<p data-start=\"1424\" data-end=\"1649\"><strong data-start=\"1424\" data-end=\"1454\"><span>Durabilidad y resistencia:<\/span><\/strong><span> Fabricada con materiales de alta calidad, la visera Fila est\u00e1 construida para durar. Resiste el uso frecuente y mantiene su forma y funcionalidad con el tiempo, incluso en condiciones exigentes.<\/span><\/p>\n<\/li>\n<li data-start=\"1651\" data-end=\"1880\">\n<p data-start=\"1653\" data-end=\"1880\"><strong data-start=\"1653\" data-end=\"1689\"><span>Ideal para diversas actividades:<\/span><\/strong><span> Aunque est\u00e1 dise\u00f1ado principalmente para deportes como tenis, tambi\u00e9n es perfecto para caminatas, trotes, actividades al aire libre, o simplemente para complementar tu look deportivo diario.<\/span><\/p>\n<\/li>\n<\/ul>\n<p data-start=\"1882\" data-end=\"2209\" data-is-last-node=\"\" data-is-only-node=\"\"><strong data-start=\"1885\" data-end=\"1937\"><span>\u00a0Visera Fila F23TN024-160 Team Negro<\/span><\/strong><span> es una excelente opci\u00f3n para quienes buscan un accesorio que ofrezca comodidad, protecci\u00f3n y un toque de estilo. Con su dise\u00f1o pr\u00e1ctico y su funcionalidad, este gorro visera es perfecto para mantenerte protegido y c\u00f3modo mientras disfrutas de tus actividades al aire libre.<\/span><\/p>\n<\/div>\n<\/div>\n<\/div>\n<\/div>\n<\/div>\n<\/div>\n<\/div>\n<\/div>\n<\/article>\n<\/div>\n<\/div>\n<\/div>\n<\/div>\n","protected":false},"excerpt":{"rendered":"<p>\u00a0F23TN024-160 Visera Fila F23TN024-160\u00a0 Negro es un accesorio deportivo de alta calidad que ofrece tanto funcionalidad como estilo para quienes<\/p>\n","protected":false},"featured_media":75209,"comment_status":"open","ping_status":"closed","template":"","meta":{"nf_dc_page":""},"product_brand":[],"product_cat":[74,77],"product_tag":[],"class_list":{"0":"post-75207","1":"product","2":"type-product","3":"status-publish","4":"has-post-thumbnail","6":"product_cat-accesorios-fem","7":"product_cat-accesorios-masc","9":"first","10":"instock","11":"shipping-taxable","12":"purchasable","13":"product-type-simple"},"_links":{"self":[{"href":"https:\/\/brandss.com.py\/index\/wp-json\/wp\/v2\/product\/75207","targetHints":{"allow":["GET"]}}],"collection":[{"href":"https:\/\/brandss.com.py\/index\/wp-json\/wp\/v2\/product"}],"about":[{"href":"https:\/\/brandss.com.py\/index\/wp-json\/wp\/v2\/types\/product"}],"replies":[{"embeddable":true,"href":"https:\/\/brandss.com.py\/index\/wp-json\/wp\/v2\/comments?post=75207"}],"version-history":[{"count":1,"href":"https:\/\/brandss.com.py\/index\/wp-json\/wp\/v2\/product\/75207\/revisions"}],"predecessor-version":[{"id":75210,"href":"https:\/\/brandss.com.py\/index\/wp-json\/wp\/v2\/product\/75207\/revisions\/75210"}],"wp:featuredmedia":[{"embeddable":true,"href":"https:\/\/brandss.com.py\/index\/wp-json\/wp\/v2\/media\/75209"}],"wp:attachment":[{"href":"https:\/\/brandss.com.py\/index\/wp-json\/wp\/v2\/media?parent=75207"}],"wp:term":[{"taxonomy":"product_brand","embeddable":true,"href":"https:\/\/brandss.com.py\/index\/wp-json\/wp\/v2\/product_brand?post=75207"},{"taxonomy":"product_cat","embeddable":true,"href":"https:\/\/brandss.com.py\/index\/wp-json\/wp\/v2\/product_cat?post=75207"},{"taxonomy":"product_tag","embeddable":true,"href":"https:\/\/brandss.com.py\/index\/wp-json\/wp\/v2\/product_tag?post=75207"}],"curies":[{"name":"wp","href":"https:\/\/api.w.org\/{rel}","templated":true}]}}