{"id":75231,"date":"2025-03-07T18:19:42","date_gmt":"2025-03-07T18:19:42","guid":{"rendered":"https:\/\/brandss.com.py\/index\/?post_type=product&#038;p=75231"},"modified":"2025-03-07T18:19:59","modified_gmt":"2025-03-07T18:19:59","slug":"camiseta-sin-mangas-musculosa-fila-femenino-running","status":"publish","type":"product","link":"https:\/\/brandss.com.py\/index\/producto\/camiseta-sin-mangas-musculosa-fila-femenino-running\/","title":{"rendered":"CAMISETA SIN MANGAS (MUSCULOSA) FILA FEMENINO RUNNING"},"content":{"rendered":"<p><img loading=\"lazy\" decoding=\"async\" class=\"\" src=\"https:\/\/1000marcas.net\/wp-content\/uploads\/2019\/12\/logo-Fila.png\" alt=\"Logo de Fila: la historia y el significado del logotipo, la ...\" width=\"402\" height=\"226\" \/><\/p>\n<h1>FRM52-TK020-BFN<\/h1>\n<div class=\"flex max-w-full flex-col flex-grow\">\n<div class=\"min-h-8 text-message relative flex w-full flex-col items-end gap-2 whitespace-normal break-words text-start [.text-message+&amp;]:mt-5\" dir=\"auto\" data-message-author-role=\"assistant\" data-message-id=\"0eec589c-3593-4859-a03f-729d8eef749f\" data-message-model-slug=\"gpt-4o-mini\">\n<div class=\"flex w-full flex-col gap-1 empty:hidden first:pt-[3px]\">\n<div class=\"markdown prose w-full break-words dark:prose-invert light\">\n<p data-start=\"0\" data-end=\"402\"><span>La <\/span><strong data-start=\"3\" data-end=\"45\"><span>Musculosa Fila Femenino Running <\/span><\/strong><span>es una prenda deportiva dise\u00f1ada especialmente para mujeres que buscan comodidad, ligereza y estilo durante sus entrenamientos o carreras. Con una combinaci\u00f3n de colores modernos como<\/span><span>, esta musculosa es perfecta para quienes desean un look vibrante y fresco mientras disfrutan de sus actividades deportivas.<\/span><\/p>\n<h3 data-start=\"404\" data-end=\"481\"><span>Caracter\u00edsticas principales de la Musculosa Fila Femenino Running\u00a0<\/span><\/h3>\n<ul data-start=\"483\" data-end=\"2284\">\n<li data-start=\"483\" data-end=\"855\">\n<p data-start=\"485\" data-end=\"855\"><strong data-start=\"485\" data-end=\"519\"><span>Dise\u00f1o deportivo y estilizado:<\/span><\/strong><span> La musculosa est\u00e1 dise\u00f1ada espec\u00edficamente para ofrecer <\/span><strong data-start=\"576\" data-end=\"596\"><span>m\u00e1xima comodidad<\/span><\/strong><span> y <\/span><strong data-start=\"599\" data-end=\"625\"><span>libertad de movimiento<\/span><\/strong><span> durante actividades como correr, entrenamientos en el gimnasio o cualquier deporte que requiera movilidad. Su corte est\u00e1 pensado para adaptarse al cuerpo de la mujer, proporcionando un ajuste c\u00f3modo sin restringir el movimiento.<\/span><\/p>\n<\/li>\n<li data-start=\"857\" data-end=\"1179\">\n<p data-start=\"859\" data-end=\"1179\"><strong data-start=\"859\" data-end=\"881\"><span>Colores vibrantes:<\/span><\/strong><span> Con una combinaci\u00f3n<\/span><span>, la musculosa ofrece un dise\u00f1o moderno y lleno de energ\u00eda. Los colores est\u00e1n cuidadosamente seleccionados para proporcionar un look fresco y juvenil, ideal para quienes buscan destacarse con estilo mientras practican deporte.<\/span><\/p>\n<\/li>\n<li data-start=\"1181\" data-end=\"1489\">\n<p data-start=\"1183\" data-end=\"1489\"><strong data-start=\"1183\" data-end=\"1212\"><span>Material de alta calidad:<\/span><\/strong><span> Fabricada con materiales ligeros y transpirables, la musculosa ayuda a mantener el cuerpo fresco durante el ejercicio intenso. El tejido permite una buena <\/span><strong data-start=\"1368\" data-end=\"1385\"><span>transpiraci\u00f3n<\/span><\/strong><span> , asegurando que te mantengas c\u00f3modo y seco incluso durante las sesiones de entrenamiento m\u00e1s exigentes.<\/span><\/p>\n<\/li>\n<li data-start=\"1491\" data-end=\"1728\">\n<p data-start=\"1493\" data-end=\"1728\"><strong data-start=\"1493\" data-end=\"1516\"><span>Comodidad y ajuste:<\/span><\/strong><span> Su dise\u00f1o de <\/span><strong data-start=\"1530\" data-end=\"1545\"><span>escote en V<\/span><\/strong><span> y <\/span><strong data-start=\"1548\" data-end=\"1567\"><span>ajuste relajado<\/span><\/strong><span> permite una mayor ventilaci\u00f3n y un ajuste c\u00f3modo. Adem\u00e1s, la prenda cuenta con costuras planas que evitan rozaduras y garantizan el confort durante todo el d\u00eda.<\/span><\/p>\n<\/li>\n<li data-start=\"1730\" data-end=\"2060\">\n<p data-start=\"1732\" data-end=\"2060\"><strong data-start=\"1732\" data-end=\"1749\"><span>Versatilidad:<\/span><\/strong><span> Aunque est\u00e1 pensada principalmente para correr y deportes, esta musculosa tambi\u00e9n puede ser una excelente opci\u00f3n para usar en actividades informales o como parte de tu atuendo deportivo diario. Su dise\u00f1o estilizado la hace f\u00e1cil de combinar con otros productos de la l\u00ednea deportiva de Fila o con ropa casual.<\/span><\/p>\n<\/li>\n<li data-start=\"2062\" data-end=\"2284\">\n<p data-start=\"2064\" data-end=\"2284\"><strong data-start=\"2064\" data-end=\"2079\"><span>Marca Fila:<\/span><\/strong><span> La musculosa cuenta con el <\/span><strong data-start=\"2107\" data-end=\"2120\"><span>logo Fila<\/span><\/strong><span> en un lugar destacado, asegurando que llevas una prenda de una marca de prestigio internacional, conocida por su calidad y compromiso con el rendimiento deportivo.<\/span><\/p>\n<\/li>\n<\/ul>\n<p data-start=\"2286\" data-end=\"2609\" data-is-last-node=\"\" data-is-only-node=\"\"><span>La <\/span><strong data-start=\"2289\" data-end=\"2331\"><span>Musculosa Fila Femenino Running <\/span><\/strong><span>es una excelente opci\u00f3n para aquellas mujeres que buscan un equilibrio entre estilo, comodidad y rendimiento durante sus actividades deportivas. Con sus colores llamativos y su dise\u00f1o funcional, es ideal para quienes desean disfrutar de sus entrenamientos sin perder su estilo.<\/span><\/p>\n<\/div>\n<\/div>\n<\/div>\n<\/div>\n","protected":false},"excerpt":{"rendered":"<p>FRM52-TK020-BFN La Musculosa Fila Femenino Running es una prenda deportiva dise\u00f1ada especialmente para mujeres que buscan comodidad, ligereza y estilo<\/p>\n","protected":false},"featured_media":75234,"comment_status":"open","ping_status":"closed","template":"","meta":{"nf_dc_page":""},"product_brand":[],"product_cat":[73],"product_tag":[],"class_list":{"0":"post-75231","1":"product","2":"type-product","3":"status-publish","4":"has-post-thumbnail","6":"product_cat-femenino","8":"first","9":"instock","10":"shipping-taxable","11":"purchasable","12":"product-type-simple"},"_links":{"self":[{"href":"https:\/\/brandss.com.py\/index\/wp-json\/wp\/v2\/product\/75231","targetHints":{"allow":["GET"]}}],"collection":[{"href":"https:\/\/brandss.com.py\/index\/wp-json\/wp\/v2\/product"}],"about":[{"href":"https:\/\/brandss.com.py\/index\/wp-json\/wp\/v2\/types\/product"}],"replies":[{"embeddable":true,"href":"https:\/\/brandss.com.py\/index\/wp-json\/wp\/v2\/comments?post=75231"}],"version-history":[{"count":1,"href":"https:\/\/brandss.com.py\/index\/wp-json\/wp\/v2\/product\/75231\/revisions"}],"predecessor-version":[{"id":75237,"href":"https:\/\/brandss.com.py\/index\/wp-json\/wp\/v2\/product\/75231\/revisions\/75237"}],"wp:featuredmedia":[{"embeddable":true,"href":"https:\/\/brandss.com.py\/index\/wp-json\/wp\/v2\/media\/75234"}],"wp:attachment":[{"href":"https:\/\/brandss.com.py\/index\/wp-json\/wp\/v2\/media?parent=75231"}],"wp:term":[{"taxonomy":"product_brand","embeddable":true,"href":"https:\/\/brandss.com.py\/index\/wp-json\/wp\/v2\/product_brand?post=75231"},{"taxonomy":"product_cat","embeddable":true,"href":"https:\/\/brandss.com.py\/index\/wp-json\/wp\/v2\/product_cat?post=75231"},{"taxonomy":"product_tag","embeddable":true,"href":"https:\/\/brandss.com.py\/index\/wp-json\/wp\/v2\/product_tag?post=75231"}],"curies":[{"name":"wp","href":"https:\/\/api.w.org\/{rel}","templated":true}]}}