{"id":75244,"date":"2025-03-07T19:07:33","date_gmt":"2025-03-07T19:07:33","guid":{"rendered":"https:\/\/brandss.com.py\/index\/?post_type=product&#038;p=75244"},"modified":"2025-09-25T12:10:44","modified_gmt":"2025-09-25T12:10:44","slug":"shampoo-kerasys-dong-ui-hong-sam-purifying-ginger-essence-500ml","status":"publish","type":"product","link":"https:\/\/brandss.com.py\/index\/producto\/shampoo-kerasys-dong-ui-hong-sam-purifying-ginger-essence-500ml\/","title":{"rendered":"SHAMPOO KERASYS DONG UI HONG SAM PURIFYING GINGER ESSENCE 500ML"},"content":{"rendered":"<p><img loading=\"lazy\" decoding=\"async\" class=\"\" src=\"https:\/\/static.wixstatic.com\/media\/2d4278_a729ce2cee1341ccbb84966bc300d2e4~mv2.png\/v1\/fit\/w_500,h_500,q_90\/file.png\" alt=\"KERASYS REPAIRING CONDITIONER - DAMAGE CARE 600ML (12 PCS\/CASE) | Nextrade  Philippines\" width=\"104\" height=\"104\" \/><\/p>\n<h1>PURIFYING GINGER ESSENCE<\/h1>\n<p><span>Champ\u00fa indicado para cuero cabelludo graso. Este champ\u00fa promueve la limpieza profunda del cuero cabelludo y restablece el equilibrio de la producci\u00f3n de aceite en las ra\u00edces. Formulado con Jengibre, rico en antioxidantes, mantiene la salud y fuerza del cabello. La l\u00ednea Dong Ui es una marca premium de cuidado del cabello con ginseng rojo para un cuero cabelludo saludable y un cabello hermoso. Su principal ingrediente activo es el Ginseng Coreano, que contiene altos niveles de vitaminas y minerales, que ayudan a prevenir y reparar el da\u00f1o celular. La gran diferencia de los productos Dong Ui son los efectos de los compuestos naturales que se encuentran en los ingredientes utilizados. Sus formulaciones maximizan los efectos de los fitoqu\u00edmicos que hacen el cuero cabelludo m\u00e1s saludable y el cabello m\u00e1s hermoso.<\/span><br \/>\n<b><span>Modo de uso:<\/span><\/b><br \/>\n<span>Aplicar el champ\u00fa sobre las ra\u00edces h\u00famedas. Masajear con las yemas de los dedos hasta formar espuma. Pase el producto a lo largo y a los extremos. Enjuagar. Repita el proceso.<\/span><\/p>\n","protected":false},"excerpt":{"rendered":"<p>PURIFYING GINGER ESSENCE Champ\u00fa indicado para cuero cabelludo graso. Este champ\u00fa promueve la limpieza profunda del cuero cabelludo y restablece<\/p>\n","protected":false},"featured_media":75245,"comment_status":"open","ping_status":"closed","template":"","meta":{"nf_dc_page":""},"product_brand":[204],"product_cat":[85],"product_tag":[417],"class_list":{"0":"post-75244","1":"product","2":"type-product","3":"status-publish","4":"has-post-thumbnail","6":"product_brand-kerasys","7":"product_cat-cosmeticos","8":"product_tag-417","10":"first","11":"instock","12":"shipping-taxable","13":"purchasable","14":"product-type-simple"},"_links":{"self":[{"href":"https:\/\/brandss.com.py\/index\/wp-json\/wp\/v2\/product\/75244","targetHints":{"allow":["GET"]}}],"collection":[{"href":"https:\/\/brandss.com.py\/index\/wp-json\/wp\/v2\/product"}],"about":[{"href":"https:\/\/brandss.com.py\/index\/wp-json\/wp\/v2\/types\/product"}],"replies":[{"embeddable":true,"href":"https:\/\/brandss.com.py\/index\/wp-json\/wp\/v2\/comments?post=75244"}],"version-history":[{"count":1,"href":"https:\/\/brandss.com.py\/index\/wp-json\/wp\/v2\/product\/75244\/revisions"}],"predecessor-version":[{"id":75250,"href":"https:\/\/brandss.com.py\/index\/wp-json\/wp\/v2\/product\/75244\/revisions\/75250"}],"wp:featuredmedia":[{"embeddable":true,"href":"https:\/\/brandss.com.py\/index\/wp-json\/wp\/v2\/media\/75245"}],"wp:attachment":[{"href":"https:\/\/brandss.com.py\/index\/wp-json\/wp\/v2\/media?parent=75244"}],"wp:term":[{"taxonomy":"product_brand","embeddable":true,"href":"https:\/\/brandss.com.py\/index\/wp-json\/wp\/v2\/product_brand?post=75244"},{"taxonomy":"product_cat","embeddable":true,"href":"https:\/\/brandss.com.py\/index\/wp-json\/wp\/v2\/product_cat?post=75244"},{"taxonomy":"product_tag","embeddable":true,"href":"https:\/\/brandss.com.py\/index\/wp-json\/wp\/v2\/product_tag?post=75244"}],"curies":[{"name":"wp","href":"https:\/\/api.w.org\/{rel}","templated":true}]}}