{"id":75259,"date":"2025-03-08T13:40:55","date_gmt":"2025-03-08T13:40:55","guid":{"rendered":"https:\/\/brandss.com.py\/index\/?post_type=product&#038;p=75259"},"modified":"2025-09-25T12:11:05","modified_gmt":"2025-09-25T12:11:05","slug":"shampoo-kerasys-dong-ui-hong-sam-dandruff-care-mentha-arvensis-essence-500ml","status":"publish","type":"product","link":"https:\/\/brandss.com.py\/index\/producto\/shampoo-kerasys-dong-ui-hong-sam-dandruff-care-mentha-arvensis-essence-500ml\/","title":{"rendered":"SHAMPOO KERASYS DONG UI HONG SAM DANDRUFF CARE MENTHA ARVENSIS ESSENCE 500ML"},"content":{"rendered":"<p><img loading=\"lazy\" decoding=\"async\" class=\"\" src=\"https:\/\/static.wixstatic.com\/media\/2d4278_a729ce2cee1341ccbb84966bc300d2e4~mv2.png\/v1\/fit\/w_500,h_500,q_90\/file.png\" alt=\"KERASYS REPAIRING CONDITIONER - DAMAGE CARE 600ML (12 PCS\/CASE) | Nextrade  Philippines\" width=\"118\" height=\"118\" \/><\/p>\n<h1>DANDRUFF CARE MENTHA ARVENSIS ESSENCE<\/h1>\n<p>Nueva L\u00ednea Kerasys Dong Ui Hong Sam Ginseng Rojo de Menta para el control de la caspa para un cuero cabelludo m\u00e1s fresco y limpio.<br class=\"html-br\" \/>Esencia roja enriquecida y hecha con ginseng rojo de cuatro a\u00f1os de antig\u00fcedad contiene saponina y otros ingredientes activos beneficiosos del ginseng rojo. Experimenta la vitalidad del ginseng rojo del profundo arraigo en la tierra y disfruta de cabello y cuero cabelludo m\u00e1s saludables. Contiene extracto de menta que refresca el cuero cabelludo mostrando los sintomas de caspa y escamas con menta refrescante. Fresco y refrescante aroma a menta despierta tus sentidos ayuda a relajar tu mente y tu cuerpo.<\/p>\n<p>\u00bfSoluci\u00f3n para problemas de cuero cabelludo escamoso y caspa?<\/p>\n<p>Conoce la Nueva L\u00ednea Kerasys Dong Ui Hong Sam Ginseng Rojo de Menta con una f\u00f3rmula sin silicona. Deja el cabello m\u00e1s suave y limpios con los nutrientes del ginseng rojo con una f\u00f3rmula sin silicona.<\/p>\n","protected":false},"excerpt":{"rendered":"<p>DANDRUFF CARE MENTHA ARVENSIS ESSENCE Nueva L\u00ednea Kerasys Dong Ui Hong Sam Ginseng Rojo de Menta para el control de<\/p>\n","protected":false},"featured_media":75260,"comment_status":"open","ping_status":"closed","template":"","meta":{"nf_dc_page":""},"product_brand":[204],"product_cat":[85],"product_tag":[418],"class_list":{"0":"post-75259","1":"product","2":"type-product","3":"status-publish","4":"has-post-thumbnail","6":"product_brand-kerasys","7":"product_cat-cosmeticos","8":"product_tag-418","10":"first","11":"instock","12":"shipping-taxable","13":"purchasable","14":"product-type-simple"},"_links":{"self":[{"href":"https:\/\/brandss.com.py\/index\/wp-json\/wp\/v2\/product\/75259","targetHints":{"allow":["GET"]}}],"collection":[{"href":"https:\/\/brandss.com.py\/index\/wp-json\/wp\/v2\/product"}],"about":[{"href":"https:\/\/brandss.com.py\/index\/wp-json\/wp\/v2\/types\/product"}],"replies":[{"embeddable":true,"href":"https:\/\/brandss.com.py\/index\/wp-json\/wp\/v2\/comments?post=75259"}],"version-history":[{"count":1,"href":"https:\/\/brandss.com.py\/index\/wp-json\/wp\/v2\/product\/75259\/revisions"}],"predecessor-version":[{"id":75265,"href":"https:\/\/brandss.com.py\/index\/wp-json\/wp\/v2\/product\/75259\/revisions\/75265"}],"wp:featuredmedia":[{"embeddable":true,"href":"https:\/\/brandss.com.py\/index\/wp-json\/wp\/v2\/media\/75260"}],"wp:attachment":[{"href":"https:\/\/brandss.com.py\/index\/wp-json\/wp\/v2\/media?parent=75259"}],"wp:term":[{"taxonomy":"product_brand","embeddable":true,"href":"https:\/\/brandss.com.py\/index\/wp-json\/wp\/v2\/product_brand?post=75259"},{"taxonomy":"product_cat","embeddable":true,"href":"https:\/\/brandss.com.py\/index\/wp-json\/wp\/v2\/product_cat?post=75259"},{"taxonomy":"product_tag","embeddable":true,"href":"https:\/\/brandss.com.py\/index\/wp-json\/wp\/v2\/product_tag?post=75259"}],"curies":[{"name":"wp","href":"https:\/\/api.w.org\/{rel}","templated":true}]}}