{"id":75272,"date":"2025-03-08T14:15:30","date_gmt":"2025-03-08T14:15:30","guid":{"rendered":"https:\/\/brandss.com.py\/index\/?post_type=product&#038;p=75272"},"modified":"2025-09-25T12:14:51","modified_gmt":"2025-09-25T12:14:51","slug":"acondicionador-kerasys-dong-ui-hong-sam-purifying-ginger-essence-500ml","status":"publish","type":"product","link":"https:\/\/brandss.com.py\/index\/producto\/acondicionador-kerasys-dong-ui-hong-sam-purifying-ginger-essence-500ml\/","title":{"rendered":"ACONDICIONADOR CAPILAR KERASYS DONG UI HONG SAM PURIFYING GINGER ESSENCE 500ML"},"content":{"rendered":"<p><img loading=\"lazy\" decoding=\"async\" class=\"\" src=\"https:\/\/static.wixstatic.com\/media\/2d4278_a729ce2cee1341ccbb84966bc300d2e4~mv2.png\/v1\/fit\/w_500,h_500,q_90\/file.png\" alt=\"KERASYS REPAIRING CONDITIONER - DAMAGE CARE 600ML (12 PCS\/CASE) | Nextrade  Philippines\" width=\"113\" height=\"113\" \/><\/p>\n<h1>PURIFYING GINGER ESSENCE<\/h1>\n<p>Disfruta de una saludable limpieza profunda para cueros cabelludos grasos con una rica espuma que contiene ginseng rojo oriental y jengibre. Prob\u00e1 la L\u00ednea Kerasys Dong Ui Hong Sam Ginseng Rojo y Jenjibre para cueros cabelludos grasos.<br class=\"html-br\" \/>\u2800<br class=\"html-br\" \/>Contiene una esencia roja oriental enriquecida y hecha con ginseng rojo oriental de cuatro a\u00f1os de antig\u00fcedad, saponina y otros ingredientes activos beneficiosos del ginseng. Sent\u00ed el refrescante y moderno aroma a jenjibre en la espuma.<br class=\"html-br\" \/>\u2800<br class=\"html-br\" \/>Deja el cabello m\u00e1s suave, limpio y fresco con los nutrientes del ginseng rojo oriental con una f\u00f3rmula sin silicona.<\/p>\n","protected":false},"excerpt":{"rendered":"<p>PURIFYING GINGER ESSENCE Disfruta de una saludable limpieza profunda para cueros cabelludos grasos con una rica espuma que contiene ginseng<\/p>\n","protected":false},"featured_media":75273,"comment_status":"open","ping_status":"closed","template":"","meta":{"nf_dc_page":""},"product_brand":[204],"product_cat":[85],"product_tag":[420],"class_list":{"0":"post-75272","1":"product","2":"type-product","3":"status-publish","4":"has-post-thumbnail","6":"product_brand-kerasys","7":"product_cat-cosmeticos","8":"product_tag-420","10":"first","11":"instock","12":"shipping-taxable","13":"purchasable","14":"product-type-simple"},"_links":{"self":[{"href":"https:\/\/brandss.com.py\/index\/wp-json\/wp\/v2\/product\/75272","targetHints":{"allow":["GET"]}}],"collection":[{"href":"https:\/\/brandss.com.py\/index\/wp-json\/wp\/v2\/product"}],"about":[{"href":"https:\/\/brandss.com.py\/index\/wp-json\/wp\/v2\/types\/product"}],"replies":[{"embeddable":true,"href":"https:\/\/brandss.com.py\/index\/wp-json\/wp\/v2\/comments?post=75272"}],"version-history":[{"count":2,"href":"https:\/\/brandss.com.py\/index\/wp-json\/wp\/v2\/product\/75272\/revisions"}],"predecessor-version":[{"id":91145,"href":"https:\/\/brandss.com.py\/index\/wp-json\/wp\/v2\/product\/75272\/revisions\/91145"}],"wp:featuredmedia":[{"embeddable":true,"href":"https:\/\/brandss.com.py\/index\/wp-json\/wp\/v2\/media\/75273"}],"wp:attachment":[{"href":"https:\/\/brandss.com.py\/index\/wp-json\/wp\/v2\/media?parent=75272"}],"wp:term":[{"taxonomy":"product_brand","embeddable":true,"href":"https:\/\/brandss.com.py\/index\/wp-json\/wp\/v2\/product_brand?post=75272"},{"taxonomy":"product_cat","embeddable":true,"href":"https:\/\/brandss.com.py\/index\/wp-json\/wp\/v2\/product_cat?post=75272"},{"taxonomy":"product_tag","embeddable":true,"href":"https:\/\/brandss.com.py\/index\/wp-json\/wp\/v2\/product_tag?post=75272"}],"curies":[{"name":"wp","href":"https:\/\/api.w.org\/{rel}","templated":true}]}}