{"id":75312,"date":"2025-03-08T16:24:14","date_gmt":"2025-03-08T16:24:14","guid":{"rendered":"https:\/\/brandss.com.py\/index\/?post_type=product&#038;p=75312"},"modified":"2026-04-11T13:23:35","modified_gmt":"2026-04-11T13:23:35","slug":"sujetador-deportivo-femenino-reebok-lux-racer-black","status":"publish","type":"product","link":"https:\/\/brandss.com.py\/index\/producto\/sujetador-deportivo-femenino-reebok-lux-racer-black\/","title":{"rendered":"SUJETADOR DEPORTIVO FEMENINO REEBOK LUX RACER BLACK"},"content":{"rendered":"<h1 data-start=\"0\" data-end=\"91\"><img decoding=\"async\" src=\"https:\/\/i0.wp.com\/1000marcas.net\/wp-content\/uploads\/2019\/12\/logo-Reebok.png?resize=338%2C190&amp;ssl=1\" \/><\/h1>\n<h1 data-start=\"0\" data-end=\"101\">Reebok Sujetador Deportivo Femenino Lux Racer Black<\/h1>\n<p data-start=\"103\" data-end=\"395\">El Reebok Lux Racer Black (HS4764) es el sujetador deportivo ideal para brindar soporte y confort en cada movimiento. Dise\u00f1ado con materiales transpirables y de ajuste firme, es perfecto para entrenamientos de impacto medio, asegurando libertad de movimiento sin sacrificar estabilidad.<\/p>\n<h3 data-start=\"397\" data-end=\"423\"><strong data-start=\"401\" data-end=\"421\">Caracter\u00edsticas:<\/strong><\/h3>\n<ul data-start=\"424\" data-end=\"1020\">\n<li data-start=\"424\" data-end=\"445\"><strong data-start=\"426\" data-end=\"436\">Marca:<\/strong> Reebok<\/li>\n<li data-start=\"446\" data-end=\"486\"><strong data-start=\"448\" data-end=\"459\">Modelo:<\/strong> Lux Racer Black (HS4764)<\/li>\n<li data-start=\"487\" data-end=\"529\"><strong data-start=\"489\" data-end=\"498\">Tipo:<\/strong> Sujetador deportivo femenino<\/li>\n<li data-start=\"530\" data-end=\"617\"><strong data-start=\"532\" data-end=\"545\">Material:<\/strong> Poli\u00e9ster reciclado y elastano con tecnolog\u00eda de absorci\u00f3n de humedad<\/li>\n<li data-start=\"618\" data-end=\"691\"><strong data-start=\"620\" data-end=\"631\">Dise\u00f1o:<\/strong> Espalda racerback para mayor movilidad y transpirabilidad<\/li>\n<li data-start=\"692\" data-end=\"766\"><strong data-start=\"694\" data-end=\"706\">Soporte:<\/strong> Medio, ideal para entrenamientos como yoga, running y gym<\/li>\n<li data-start=\"767\" data-end=\"839\"><strong data-start=\"769\" data-end=\"780\">Ajuste:<\/strong> Compresivo con banda el\u00e1stica ancha para un calce seguro<\/li>\n<li data-start=\"840\" data-end=\"868\"><strong data-start=\"842\" data-end=\"852\">Color:<\/strong> Negro (Black)<\/li>\n<li data-start=\"869\" data-end=\"951\"><strong data-start=\"871\" data-end=\"891\">Uso recomendado:<\/strong> Entrenamiento, running, gimnasio y actividades deportivas<\/li>\n<li data-start=\"952\" data-end=\"989\"><strong data-start=\"954\" data-end=\"965\">Estilo:<\/strong> Deportivo y funcional<\/li>\n<li data-start=\"990\" data-end=\"1020\"><strong data-start=\"992\" data-end=\"1006\">Temporada:<\/strong> Todo el a\u00f1o<\/li>\n<\/ul>\n<h3 data-start=\"1022\" data-end=\"1051\"><strong data-start=\"1026\" data-end=\"1049\">El paquete incluye:<\/strong><\/h3>\n<ul>\n<li data-start=\"1052\" data-end=\"1130\">1 x Sujetador Reebok Lux Racer Black<\/li>\n<li data-start=\"1052\" data-end=\"1130\">1 x Etiqueta original de la marca<\/li>\n<\/ul>\n<p data-start=\"1132\" data-end=\"1299\" data-is-last-node=\"\" data-is-only-node=\"\"><strong data-start=\"1132\" data-end=\"1153\">Tipo de producto:<\/strong> Sujetador deportivo femenino con dise\u00f1o ergon\u00f3mico, ideal para entrenamientos de impacto medio, brindando soporte y comodidad en cada movimiento.<\/p>\n","protected":false},"excerpt":{"rendered":"<p>Reebok Sujetador Deportivo Femenino Lux Racer Black El Reebok Lux Racer Black (HS4764) es el sujetador deportivo ideal para brindar<\/p>\n","protected":false},"featured_media":75313,"comment_status":"open","ping_status":"closed","template":"","meta":{"nf_dc_page":""},"product_brand":[],"product_cat":[73],"product_tag":[],"class_list":{"0":"post-75312","1":"product","2":"type-product","3":"status-publish","4":"has-post-thumbnail","6":"product_cat-femenino","8":"first","9":"outofstock","10":"shipping-taxable","11":"purchasable","12":"product-type-simple"},"_links":{"self":[{"href":"https:\/\/brandss.com.py\/index\/wp-json\/wp\/v2\/product\/75312","targetHints":{"allow":["GET"]}}],"collection":[{"href":"https:\/\/brandss.com.py\/index\/wp-json\/wp\/v2\/product"}],"about":[{"href":"https:\/\/brandss.com.py\/index\/wp-json\/wp\/v2\/types\/product"}],"replies":[{"embeddable":true,"href":"https:\/\/brandss.com.py\/index\/wp-json\/wp\/v2\/comments?post=75312"}],"version-history":[{"count":2,"href":"https:\/\/brandss.com.py\/index\/wp-json\/wp\/v2\/product\/75312\/revisions"}],"predecessor-version":[{"id":75366,"href":"https:\/\/brandss.com.py\/index\/wp-json\/wp\/v2\/product\/75312\/revisions\/75366"}],"wp:featuredmedia":[{"embeddable":true,"href":"https:\/\/brandss.com.py\/index\/wp-json\/wp\/v2\/media\/75313"}],"wp:attachment":[{"href":"https:\/\/brandss.com.py\/index\/wp-json\/wp\/v2\/media?parent=75312"}],"wp:term":[{"taxonomy":"product_brand","embeddable":true,"href":"https:\/\/brandss.com.py\/index\/wp-json\/wp\/v2\/product_brand?post=75312"},{"taxonomy":"product_cat","embeddable":true,"href":"https:\/\/brandss.com.py\/index\/wp-json\/wp\/v2\/product_cat?post=75312"},{"taxonomy":"product_tag","embeddable":true,"href":"https:\/\/brandss.com.py\/index\/wp-json\/wp\/v2\/product_tag?post=75312"}],"curies":[{"name":"wp","href":"https:\/\/api.w.org\/{rel}","templated":true}]}}