{"id":75352,"date":"2025-03-08T17:49:26","date_gmt":"2025-03-08T17:49:26","guid":{"rendered":"https:\/\/brandss.com.py\/index\/?post_type=product&#038;p=75352"},"modified":"2026-04-11T13:23:35","modified_gmt":"2026-04-11T13:23:35","slug":"short-casual-masculino-reebok-ts-speed-3-0-aop","status":"publish","type":"product","link":"https:\/\/brandss.com.py\/index\/producto\/short-casual-masculino-reebok-ts-speed-3-0-aop\/","title":{"rendered":"SHORT CASUAL MASCULINO REEBOK TS SPEED 3.0 Aop"},"content":{"rendered":"<h1 data-start=\"0\" data-end=\"91\"><img decoding=\"async\" src=\"https:\/\/i0.wp.com\/1000marcas.net\/wp-content\/uploads\/2019\/12\/logo-Reebok.png?resize=338%2C190&amp;ssl=1\" \/><\/h1>\n<h1 data-start=\"0\" data-end=\"91\">Reebok Short Casual Masculino TS Speed 3.0 AOP<\/h1>\n<p data-start=\"93\" data-end=\"343\">El Reebok TS Speed 3.0 AOP (HS5939) es un short dise\u00f1ado para quienes buscan comodidad y versatilidad en su vestimenta. Con un dise\u00f1o moderno y estampado llamativo, es ideal tanto para entrenamientos ligeros como para un estilo urbano relajado.<\/p>\n<h3 data-start=\"345\" data-end=\"371\"><strong data-start=\"349\" data-end=\"369\">Caracter\u00edsticas:<\/strong><\/h3>\n<ul data-start=\"372\" data-end=\"915\">\n<li data-start=\"372\" data-end=\"393\"><strong data-start=\"374\" data-end=\"384\">Marca:<\/strong> Reebok<\/li>\n<li data-start=\"394\" data-end=\"435\"><strong data-start=\"396\" data-end=\"407\">Modelo:<\/strong> TS Speed 3.0 AOP (HS5939)<\/li>\n<li data-start=\"436\" data-end=\"472\"><strong data-start=\"438\" data-end=\"447\">Tipo:<\/strong> Short casual masculino<\/li>\n<li data-start=\"473\" data-end=\"522\"><strong data-start=\"475\" data-end=\"488\">Material:<\/strong> Poli\u00e9ster ligero y transpirable<\/li>\n<li data-start=\"523\" data-end=\"590\"><strong data-start=\"525\" data-end=\"536\">Dise\u00f1o:<\/strong> Estampado All Over Print (AOP) para un look moderno<\/li>\n<li data-start=\"591\" data-end=\"635\"><strong data-start=\"593\" data-end=\"603\">Corte:<\/strong> Regular fit con ajuste c\u00f3modo<\/li>\n<li data-start=\"636\" data-end=\"702\"><strong data-start=\"638\" data-end=\"650\">Cintura:<\/strong> El\u00e1stica con cord\u00f3n ajustable para un mejor calce<\/li>\n<li data-start=\"703\" data-end=\"756\"><strong data-start=\"705\" data-end=\"719\">Bolsillos:<\/strong> Laterales para mayor funcionalidad<\/li>\n<li data-start=\"757\" data-end=\"783\"><strong data-start=\"759\" data-end=\"769\">Color:<\/strong> Negro con detalles grises<\/li>\n<li data-start=\"784\" data-end=\"848\"><strong data-start=\"786\" data-end=\"806\">Uso recomendado:<\/strong> Casual, urbano y entrenamientos ligeros<\/li>\n<li data-start=\"849\" data-end=\"884\"><strong data-start=\"851\" data-end=\"862\">Estilo:<\/strong> Deportivo y moderno<\/li>\n<li data-start=\"885\" data-end=\"915\"><strong data-start=\"887\" data-end=\"901\">Temporada:<\/strong> Todo el a\u00f1o<\/li>\n<\/ul>\n<h3 data-start=\"917\" data-end=\"946\"><strong data-start=\"921\" data-end=\"944\">El paquete incluye:<\/strong><\/h3>\n<p data-start=\"947\" data-end=\"1022\">\u2714 1 x Short Reebok TS Speed 3.0 AOP<br data-start=\"982\" data-end=\"985\" \/>\u2714 1 x Etiqueta original de la marca<\/p>\n<p data-start=\"1024\" data-end=\"1161\" data-is-last-node=\"\" data-is-only-node=\"\"><strong data-start=\"1024\" data-end=\"1045\">Tipo de producto:<\/strong> Short casual masculino con dise\u00f1o vers\u00e1til y funcional, ideal para un look deportivo y c\u00f3modo en cualquier ocasi\u00f3n.<\/p>\n","protected":false},"excerpt":{"rendered":"<p>Reebok Short Casual Masculino TS Speed 3.0 AOP El Reebok TS Speed 3.0 AOP (HS5939) es un short dise\u00f1ado para<\/p>\n","protected":false},"featured_media":75353,"comment_status":"open","ping_status":"closed","template":"","meta":{"nf_dc_page":""},"product_brand":[],"product_cat":[76],"product_tag":[],"class_list":{"0":"post-75352","1":"product","2":"type-product","3":"status-publish","4":"has-post-thumbnail","6":"product_cat-masculino","8":"first","9":"outofstock","10":"shipping-taxable","11":"purchasable","12":"product-type-simple"},"_links":{"self":[{"href":"https:\/\/brandss.com.py\/index\/wp-json\/wp\/v2\/product\/75352","targetHints":{"allow":["GET"]}}],"collection":[{"href":"https:\/\/brandss.com.py\/index\/wp-json\/wp\/v2\/product"}],"about":[{"href":"https:\/\/brandss.com.py\/index\/wp-json\/wp\/v2\/types\/product"}],"replies":[{"embeddable":true,"href":"https:\/\/brandss.com.py\/index\/wp-json\/wp\/v2\/comments?post=75352"}],"version-history":[{"count":1,"href":"https:\/\/brandss.com.py\/index\/wp-json\/wp\/v2\/product\/75352\/revisions"}],"predecessor-version":[{"id":75363,"href":"https:\/\/brandss.com.py\/index\/wp-json\/wp\/v2\/product\/75352\/revisions\/75363"}],"wp:featuredmedia":[{"embeddable":true,"href":"https:\/\/brandss.com.py\/index\/wp-json\/wp\/v2\/media\/75353"}],"wp:attachment":[{"href":"https:\/\/brandss.com.py\/index\/wp-json\/wp\/v2\/media?parent=75352"}],"wp:term":[{"taxonomy":"product_brand","embeddable":true,"href":"https:\/\/brandss.com.py\/index\/wp-json\/wp\/v2\/product_brand?post=75352"},{"taxonomy":"product_cat","embeddable":true,"href":"https:\/\/brandss.com.py\/index\/wp-json\/wp\/v2\/product_cat?post=75352"},{"taxonomy":"product_tag","embeddable":true,"href":"https:\/\/brandss.com.py\/index\/wp-json\/wp\/v2\/product_tag?post=75352"}],"curies":[{"name":"wp","href":"https:\/\/api.w.org\/{rel}","templated":true}]}}