{"id":75393,"date":"2025-03-08T19:10:37","date_gmt":"2025-03-08T19:10:37","guid":{"rendered":"https:\/\/brandss.com.py\/index\/?post_type=product&#038;p=75393"},"modified":"2025-09-25T12:15:47","modified_gmt":"2025-09-25T12:15:47","slug":"gel-de-ducha-corporal-lg-on-the-body-sweet-love-500g","status":"publish","type":"product","link":"https:\/\/brandss.com.py\/index\/producto\/gel-de-ducha-corporal-lg-on-the-body-sweet-love-500g\/","title":{"rendered":"GEL DE DUCHA CORPORAL LG ON THE BODY SWEET LOVE 500G"},"content":{"rendered":"<p><img loading=\"lazy\" decoding=\"async\" class=\"\" src=\"https:\/\/encrypted-tbn0.gstatic.com\/images?q=tbn:ANd9GcTPfQguVYnZO-VeyitFa5yiTd4_ueyK_FlRka_nHflML-E3CwNTuxI0Q40CfGV36db7Ta4&amp;usqp=CAU\" alt=\"Archivo:LG symbol.svg - Wikipedia, la enciclopedia libre\" width=\"115\" height=\"116\" \/><\/p>\n<h1>ON THE BODY SWEET LOVE<\/h1>\n<div class=\"des-para\"><span>El gel de ba\u00f1o corporal Sweet Love es un gel de ba\u00f1o suave y refrescante que mantiene la piel sana y suave. Hace que la ducha sea m\u00e1s agradable, dejando la piel fresca, suave como la seda, hidratada y con una fragancia ex\u00f3tica. Ideal para pieles sensibles.<\/span><\/div>\n<div class=\"des-para\"><\/div>\n<ul>\n<li><span>Enriquecido con humectante y una mezcla de aromas que se derriten en la piel y la dejan suave y tersa.<\/span><\/li>\n<li><span>Notas dulces de magnolia de melocot\u00f3n, aroma de perfume encantador y rom\u00e1ntico.<\/span><\/li>\n<li><span>F\u00f3rmula realmente suave con ingredientes limpiadores naturales de ma\u00edz.<\/span><\/li>\n<li><span>SIN parabenos.<\/span><\/li>\n<li><span>SIN colorantes artificiales.<\/span><\/li>\n<li><span>SIN ingredientes de origen animal.<\/span><\/li>\n<li>Crea una espuma espesa y cremosa.<\/li>\n<li>Desprende una dulce fragancia de magnolia y frutos secos.<\/li>\n<li>Infundido con un aroma dulce de almendras y magnolia con sabor a melocot\u00f3n.<\/li>\n<li>Sensaci\u00f3n nutritiva al cabello cuando se utiliza este producto.<\/li>\n<li>Aroma floral: aroma de campo floreciente de flores que florecen en la brisa.<\/li>\n<li>Fragancia afrutada refrescante.<\/li>\n<li>Energetic &amp; brillante imagen fragancia duradera<\/li>\n<\/ul>\n<p>&nbsp;<\/p>\n<h3>Notas Olfativas<\/h3>\n<p><strong>Notas de salida:<\/strong> Naranja, T\u00e9 de jazm\u00edn.<br \/>\n<strong>Notas de coraz\u00f3n:<\/strong> Rosa, Jasm\u00edn, Magnolia blanca, Melocot\u00f3n.<br \/>\n<strong>Notas de fondo:<\/strong> Musk blanco, Ambar, Madera de cedro.<\/p>\n<h3 class=\"des-title\">Instrucciones<\/h3>\n<div class=\"des-para\">Aplique la cantidad adecuada en la palma de la mano o en una esponja vegetal. Mezcle el producto con un poco de agua para crear espuma y apl\u00edquelo en todo el cuerpo. Enjuague bien.<\/div>\n","protected":false},"excerpt":{"rendered":"<p>ON THE BODY SWEET LOVE El gel de ba\u00f1o corporal Sweet Love es un gel de ba\u00f1o suave y refrescante<\/p>\n","protected":false},"featured_media":75401,"comment_status":"open","ping_status":"closed","template":"","meta":{"nf_dc_page":""},"product_brand":[],"product_cat":[94],"product_tag":[426],"class_list":{"0":"post-75393","1":"product","2":"type-product","3":"status-publish","4":"has-post-thumbnail","6":"product_cat-higiene-personal","7":"product_tag-426","9":"first","10":"instock","11":"shipping-taxable","12":"purchasable","13":"product-type-simple"},"_links":{"self":[{"href":"https:\/\/brandss.com.py\/index\/wp-json\/wp\/v2\/product\/75393","targetHints":{"allow":["GET"]}}],"collection":[{"href":"https:\/\/brandss.com.py\/index\/wp-json\/wp\/v2\/product"}],"about":[{"href":"https:\/\/brandss.com.py\/index\/wp-json\/wp\/v2\/types\/product"}],"replies":[{"embeddable":true,"href":"https:\/\/brandss.com.py\/index\/wp-json\/wp\/v2\/comments?post=75393"}],"version-history":[{"count":1,"href":"https:\/\/brandss.com.py\/index\/wp-json\/wp\/v2\/product\/75393\/revisions"}],"predecessor-version":[{"id":75410,"href":"https:\/\/brandss.com.py\/index\/wp-json\/wp\/v2\/product\/75393\/revisions\/75410"}],"wp:featuredmedia":[{"embeddable":true,"href":"https:\/\/brandss.com.py\/index\/wp-json\/wp\/v2\/media\/75401"}],"wp:attachment":[{"href":"https:\/\/brandss.com.py\/index\/wp-json\/wp\/v2\/media?parent=75393"}],"wp:term":[{"taxonomy":"product_brand","embeddable":true,"href":"https:\/\/brandss.com.py\/index\/wp-json\/wp\/v2\/product_brand?post=75393"},{"taxonomy":"product_cat","embeddable":true,"href":"https:\/\/brandss.com.py\/index\/wp-json\/wp\/v2\/product_cat?post=75393"},{"taxonomy":"product_tag","embeddable":true,"href":"https:\/\/brandss.com.py\/index\/wp-json\/wp\/v2\/product_tag?post=75393"}],"curies":[{"name":"wp","href":"https:\/\/api.w.org\/{rel}","templated":true}]}}