{"id":75411,"date":"2025-03-10T11:06:37","date_gmt":"2025-03-10T11:06:37","guid":{"rendered":"https:\/\/brandss.com.py\/index\/?post_type=product&#038;p=75411"},"modified":"2025-09-25T12:16:51","modified_gmt":"2025-09-25T12:16:51","slug":"gel-de-ducha-corporal-lg-on-the-body-happy-breeze-500g","status":"publish","type":"product","link":"https:\/\/brandss.com.py\/index\/producto\/gel-de-ducha-corporal-lg-on-the-body-happy-breeze-500g\/","title":{"rendered":"GEL DE DUCHA CORPORAL LG ON THE BODY HAPPY BREEZE 500G"},"content":{"rendered":"<p><img loading=\"lazy\" decoding=\"async\" class=\"\" src=\"https:\/\/1000marcas.net\/wp-content\/uploads\/2020\/01\/LG-simbolo.jpg\" alt=\"LG Logo - s\u00edmbolo, significado logotipo, historia, PNG\" width=\"137\" height=\"77\" \/><\/p>\n<h1>ON THE BODY HAPPY BREEZE<\/h1>\n<p>El gel de ba\u00f1o Happy Breeze es un gel de ba\u00f1o suave y refrescante que mantiene la piel sana y suave. Hace que la ducha sea m\u00e1s agradable, dejando la piel fresca, suave como la seda, hidratada y con una fragancia ex\u00f3tica. Ideal para pieles sensibles.<\/p>\n<ul>\n<li>Se incluyen extractos de rosa y violeta para efectos calmantes y relajantes.<\/li>\n<li>Desprendiendo una fragancia femenina y elegante de rosa fresca y violeta.<\/li>\n<li>Infundido con un ligero aroma floral que aviva los sentidos.<\/li>\n<li>Infundido con poderosos agentes humectantes y componentes de fragancia \u00fanicos, nutre profundamente la piel con un aroma duradero, \u00a1llenando tu cama de fragancia!<\/li>\n<li>Una sutil apertura de rosa e iris que da paso a una suave y elegante mezcla de violeta y s\u00e1ndalo que exuda la feminidad m\u00e1s refinada.<\/li>\n<li>F\u00f3rmula verdaderamente suave, que utiliza ingredientes limpiadores naturales a base de ma\u00edz, \u00a1no irrita la piel sensible!<\/li>\n<li>\u00a1Libre de parabenos, colorantes artificiales e ingredientes de origen animal!<\/li>\n<\/ul>\n<div class=\"des-title\"><strong>Instrucciones<\/strong><\/div>\n<div><\/div>\n<div class=\"des-para\">Aplique la cantidad adecuada en la palma de la mano o en una esponja vegetal. Mezcle el producto con un poco de agua para crear espuma y apl\u00edquelo en todo el cuerpo. Enjuague bien.<\/div>\n","protected":false},"excerpt":{"rendered":"<p>ON THE BODY HAPPY BREEZE El gel de ba\u00f1o Happy Breeze es un gel de ba\u00f1o suave y refrescante que<\/p>\n","protected":false},"featured_media":75412,"comment_status":"open","ping_status":"closed","template":"","meta":{"nf_dc_page":""},"product_brand":[427],"product_cat":[94],"product_tag":[],"class_list":{"0":"post-75411","1":"product","2":"type-product","3":"status-publish","4":"has-post-thumbnail","6":"product_brand-lg","7":"product_cat-higiene-personal","9":"first","10":"instock","11":"shipping-taxable","12":"purchasable","13":"product-type-simple"},"_links":{"self":[{"href":"https:\/\/brandss.com.py\/index\/wp-json\/wp\/v2\/product\/75411","targetHints":{"allow":["GET"]}}],"collection":[{"href":"https:\/\/brandss.com.py\/index\/wp-json\/wp\/v2\/product"}],"about":[{"href":"https:\/\/brandss.com.py\/index\/wp-json\/wp\/v2\/types\/product"}],"replies":[{"embeddable":true,"href":"https:\/\/brandss.com.py\/index\/wp-json\/wp\/v2\/comments?post=75411"}],"version-history":[{"count":2,"href":"https:\/\/brandss.com.py\/index\/wp-json\/wp\/v2\/product\/75411\/revisions"}],"predecessor-version":[{"id":91147,"href":"https:\/\/brandss.com.py\/index\/wp-json\/wp\/v2\/product\/75411\/revisions\/91147"}],"wp:featuredmedia":[{"embeddable":true,"href":"https:\/\/brandss.com.py\/index\/wp-json\/wp\/v2\/media\/75412"}],"wp:attachment":[{"href":"https:\/\/brandss.com.py\/index\/wp-json\/wp\/v2\/media?parent=75411"}],"wp:term":[{"taxonomy":"product_brand","embeddable":true,"href":"https:\/\/brandss.com.py\/index\/wp-json\/wp\/v2\/product_brand?post=75411"},{"taxonomy":"product_cat","embeddable":true,"href":"https:\/\/brandss.com.py\/index\/wp-json\/wp\/v2\/product_cat?post=75411"},{"taxonomy":"product_tag","embeddable":true,"href":"https:\/\/brandss.com.py\/index\/wp-json\/wp\/v2\/product_tag?post=75411"}],"curies":[{"name":"wp","href":"https:\/\/api.w.org\/{rel}","templated":true}]}}