{"id":75421,"date":"2025-03-10T11:49:16","date_gmt":"2025-03-10T11:49:16","guid":{"rendered":"https:\/\/brandss.com.py\/index\/?post_type=product&#038;p=75421"},"modified":"2025-09-25T12:17:34","modified_gmt":"2025-09-25T12:17:34","slug":"gel-de-ducha-corporal-lg-on-the-body-nature-garden-perfume-500g","status":"publish","type":"product","link":"https:\/\/brandss.com.py\/index\/producto\/gel-de-ducha-corporal-lg-on-the-body-nature-garden-perfume-500g\/","title":{"rendered":"GEL DE DUCHA CORPORAL LG ON THE BODY NATURE GARDEN PERFUME 500G"},"content":{"rendered":"<p><img loading=\"lazy\" decoding=\"async\" class=\"\" src=\"https:\/\/1000marcas.net\/wp-content\/uploads\/2020\/01\/LG-simbolo.jpg\" alt=\"LG Logo - s\u00edmbolo, significado logotipo, historia, PNG\" width=\"100\" height=\"56\" \/><\/p>\n<h1>ON THE BODY NATURE GARDEN<\/h1>\n<p>Este gel de ba\u00f1o contiene frutas tropicales como lim\u00f3n, lila, flor de durazno y peon\u00eda roja, lo que ayuda a proporcionar una hidrataci\u00f3n duradera y relajar la piel cansada con una f\u00f3rmula realmente suave y un ingrediente limpiador natural de ma\u00edz. Viene con una fragancia de perfume de jard\u00edn natural de flor de iris y rosa silvestre, se excluyen 3 ingredientes da\u00f1inos: parabenos, colorantes artificiales e ingredientes de origen animal. \u00daselo con tranquilidad, ya que se realiz\u00f3 una prueba de irritaci\u00f3n de la piel.<\/p>\n<ul>\n<li>Se incluye el extracto de frutas tropicales para ofrecer vitalidad y nutrici\u00f3n.<\/li>\n<li>Desprendiendo fragancia de perfume de jard\u00edn natural de flor de iris y rosa silvestre.<\/li>\n<li>En la formulaci\u00f3n se utiliz\u00f3 extracto de flor de iris de Bulgaria.<\/li>\n<li>Infundido con el ligero aroma floral que despierta los sentidos.<\/li>\n<\/ul>\n","protected":false},"excerpt":{"rendered":"<p>ON THE BODY NATURE GARDEN Este gel de ba\u00f1o contiene frutas tropicales como lim\u00f3n, lila, flor de durazno y peon\u00eda<\/p>\n","protected":false},"featured_media":75422,"comment_status":"open","ping_status":"closed","template":"","meta":{"nf_dc_page":""},"product_brand":[427],"product_cat":[94],"product_tag":[428],"class_list":{"0":"post-75421","1":"product","2":"type-product","3":"status-publish","4":"has-post-thumbnail","6":"product_brand-lg","7":"product_cat-higiene-personal","8":"product_tag-428","10":"first","11":"instock","12":"shipping-taxable","13":"purchasable","14":"product-type-simple"},"_links":{"self":[{"href":"https:\/\/brandss.com.py\/index\/wp-json\/wp\/v2\/product\/75421","targetHints":{"allow":["GET"]}}],"collection":[{"href":"https:\/\/brandss.com.py\/index\/wp-json\/wp\/v2\/product"}],"about":[{"href":"https:\/\/brandss.com.py\/index\/wp-json\/wp\/v2\/types\/product"}],"replies":[{"embeddable":true,"href":"https:\/\/brandss.com.py\/index\/wp-json\/wp\/v2\/comments?post=75421"}],"version-history":[{"count":1,"href":"https:\/\/brandss.com.py\/index\/wp-json\/wp\/v2\/product\/75421\/revisions"}],"predecessor-version":[{"id":75428,"href":"https:\/\/brandss.com.py\/index\/wp-json\/wp\/v2\/product\/75421\/revisions\/75428"}],"wp:featuredmedia":[{"embeddable":true,"href":"https:\/\/brandss.com.py\/index\/wp-json\/wp\/v2\/media\/75422"}],"wp:attachment":[{"href":"https:\/\/brandss.com.py\/index\/wp-json\/wp\/v2\/media?parent=75421"}],"wp:term":[{"taxonomy":"product_brand","embeddable":true,"href":"https:\/\/brandss.com.py\/index\/wp-json\/wp\/v2\/product_brand?post=75421"},{"taxonomy":"product_cat","embeddable":true,"href":"https:\/\/brandss.com.py\/index\/wp-json\/wp\/v2\/product_cat?post=75421"},{"taxonomy":"product_tag","embeddable":true,"href":"https:\/\/brandss.com.py\/index\/wp-json\/wp\/v2\/product_tag?post=75421"}],"curies":[{"name":"wp","href":"https:\/\/api.w.org\/{rel}","templated":true}]}}