{"id":75431,"date":"2025-03-10T12:54:44","date_gmt":"2025-03-10T12:54:44","guid":{"rendered":"https:\/\/brandss.com.py\/index\/?post_type=product&#038;p=75431"},"modified":"2025-12-22T18:12:37","modified_gmt":"2025-12-22T18:12:37","slug":"locion-corporal-lg-on-the-body-cashmere-perfume-happy-breeze-400ml","status":"publish","type":"product","link":"https:\/\/brandss.com.py\/index\/producto\/locion-corporal-lg-on-the-body-cashmere-perfume-happy-breeze-400ml\/","title":{"rendered":"LOCI\u00d3N CORPORAL LG ON: THE BODY CASHMERE PERFUME HAPPY BREEZE 400ML"},"content":{"rendered":"<p><img loading=\"lazy\" decoding=\"async\" class=\"\" src=\"https:\/\/1000marcas.net\/wp-content\/uploads\/2020\/01\/LG-simbolo.jpg\" alt=\"LG Logo - s\u00edmbolo, significado logotipo, historia, PNG\" width=\"181\" height=\"102\" \/><\/p>\n<h1>THE BODY CASHMERE PERFUME HAPPY BREEZE<\/h1>\n<p>La loci\u00f3n perfumada de cachemira Happy Breeze es una loci\u00f3n corporal con un aroma fresco elaborada en Corea. Es muy hidratante, pero no grasosa. Puede mantener la piel hidratada y su aroma es duradero. Est\u00e1 elaborada con ingredientes naturales y es adecuada tanto para ni\u00f1os como para adultos.<\/p>\n<p>La loci\u00f3n corporal con aroma a cachemira hidrata la piel seca y \u00e1spera como la cachemira. Una loci\u00f3n corporal perfumada que se siente bien. Esta es una loci\u00f3n corporal con aroma a cachemira que luce suave y se siente como cachemira. La esencia sedosa y la manteca de karit\u00e9 dan a la piel una textura suave de cachemira. \u00a1La esencia de la planta de seda de ma\u00edz suaviza suavemente la piel! La f\u00f3rmula de larga duraci\u00f3n perdura durante mucho tiempo con un aroma elegante y delicado.<\/p>\n<p>\u2013 Terapia de perfume arom\u00e1tico combinado con aroma y almizcle Cuidado hidratante natural proporcionado por el aceite de arg\u00e1n<\/p>\n<p>\u2013 Efecto hidratante hidratante del aceite de arg\u00e1n Safe Relief Formula<\/p>\n<p>-5 Sin aditivos (parabenos, colorantes artificiales, trietanolamina, aceite mineral, propilenglicol)<\/p>\n<p>&nbsp;<\/p>\n<div class=\"des-title\"><strong>C\u00f3mo Usar?<\/strong><\/div>\n<div><\/div>\n<div class=\"des-para\"><span>Despu\u00e9s de la ducha, seque el agua y aplique uniformemente en todo el cuerpo. Aplicar el producto por todo el cuerpo. Masajear a gusto y enjuagar bien.<\/span><\/div>\n","protected":false},"excerpt":{"rendered":"<p>THE BODY CASHMERE PERFUME HAPPY BREEZE La loci\u00f3n perfumada de cachemira Happy Breeze es una loci\u00f3n corporal con un aroma<\/p>\n","protected":false},"featured_media":75432,"comment_status":"open","ping_status":"closed","template":"","meta":{"nf_dc_page":""},"product_brand":[427],"product_cat":[85],"product_tag":[430],"class_list":{"0":"post-75431","1":"product","2":"type-product","3":"status-publish","4":"has-post-thumbnail","6":"product_brand-lg","7":"product_cat-cosmeticos","8":"product_tag-430","10":"first","11":"instock","12":"shipping-taxable","13":"purchasable","14":"product-type-simple"},"_links":{"self":[{"href":"https:\/\/brandss.com.py\/index\/wp-json\/wp\/v2\/product\/75431","targetHints":{"allow":["GET"]}}],"collection":[{"href":"https:\/\/brandss.com.py\/index\/wp-json\/wp\/v2\/product"}],"about":[{"href":"https:\/\/brandss.com.py\/index\/wp-json\/wp\/v2\/types\/product"}],"replies":[{"embeddable":true,"href":"https:\/\/brandss.com.py\/index\/wp-json\/wp\/v2\/comments?post=75431"}],"version-history":[{"count":1,"href":"https:\/\/brandss.com.py\/index\/wp-json\/wp\/v2\/product\/75431\/revisions"}],"predecessor-version":[{"id":75438,"href":"https:\/\/brandss.com.py\/index\/wp-json\/wp\/v2\/product\/75431\/revisions\/75438"}],"wp:featuredmedia":[{"embeddable":true,"href":"https:\/\/brandss.com.py\/index\/wp-json\/wp\/v2\/media\/75432"}],"wp:attachment":[{"href":"https:\/\/brandss.com.py\/index\/wp-json\/wp\/v2\/media?parent=75431"}],"wp:term":[{"taxonomy":"product_brand","embeddable":true,"href":"https:\/\/brandss.com.py\/index\/wp-json\/wp\/v2\/product_brand?post=75431"},{"taxonomy":"product_cat","embeddable":true,"href":"https:\/\/brandss.com.py\/index\/wp-json\/wp\/v2\/product_cat?post=75431"},{"taxonomy":"product_tag","embeddable":true,"href":"https:\/\/brandss.com.py\/index\/wp-json\/wp\/v2\/product_tag?post=75431"}],"curies":[{"name":"wp","href":"https:\/\/api.w.org\/{rel}","templated":true}]}}