{"id":75442,"date":"2025-03-10T13:17:18","date_gmt":"2025-03-10T13:17:18","guid":{"rendered":"https:\/\/brandss.com.py\/index\/?post_type=product&#038;p=75442"},"modified":"2026-04-11T13:23:35","modified_gmt":"2026-04-11T13:23:35","slug":"sujetador-deportivo-femenino-reebok-ri-bl-cotton-bralette","status":"publish","type":"product","link":"https:\/\/brandss.com.py\/index\/producto\/sujetador-deportivo-femenino-reebok-ri-bl-cotton-bralette\/","title":{"rendered":"SUJETADOR DEPORTIVO FEMENINO REEBOK RI-BL-COTTON-BRALETTE"},"content":{"rendered":"<div class=\"b-image\">\n<section class=\"content-productDescription\">\n<div class=\"container-fluid section-productDescription\">\n<div class=\"r-info\">\n<div><img loading=\"lazy\" decoding=\"async\" class=\"\" src=\"https:\/\/upload.wikimedia.org\/wikipedia\/commons\/thumb\/5\/53\/Reebok_2019_logo.svg\/2560px-Reebok_2019_logo.svg.png\" alt=\"Archivo:Reebok 2019 logo.svg - Wikipedia, la enciclopedia libre\" width=\"342\" height=\"174\" \/><\/div>\n<h1>GL2544<\/h1>\n<div id=\"b-descripcion\" class=\"b-info\">Siente la comodidad que Reebok te ofrece con el Top Reebok Identity para mujeres. Estupendo para cualquier ejercicio que hagas. Una vez puesto, ser\u00e1 tu preferido. Tiene el logotipo estampado de la marca de REEBOK. Este top en color negro para entrenamiento, hecho por REEBOK, tiene una construcci\u00f3n de materiales sint\u00e9ticos. Esto les brindan una mayor durabilidad y resistencia. Es de corte de compresi\u00f3n para mayor soporte. Tiene una tecnolog\u00eda que absorbe el sudor. As\u00ed te mantendr\u00e1s siempre c\u00f3moda, fresca y seca en todo momento. Su dise\u00f1o no rozar\u00e1 ninguna parte de tu cuerpo y podr\u00e1s sentirte siempre c\u00f3moda.<\/div>\n<\/div>\n<\/div>\n<\/section>\n<\/div>\n<div class=\"b-info\">\n<div class=\"b-name b-desktop\"><\/div>\n<\/div>\n","protected":false},"excerpt":{"rendered":"<p>GL2544 Siente la comodidad que Reebok te ofrece con el Top Reebok Identity para mujeres. Estupendo para cualquier ejercicio que<\/p>\n","protected":false},"featured_media":75443,"comment_status":"open","ping_status":"closed","template":"","meta":{"nf_dc_page":""},"product_brand":[],"product_cat":[73],"product_tag":[],"class_list":{"0":"post-75442","1":"product","2":"type-product","3":"status-publish","4":"has-post-thumbnail","6":"product_cat-femenino","8":"first","9":"outofstock","10":"shipping-taxable","11":"purchasable","12":"product-type-simple"},"_links":{"self":[{"href":"https:\/\/brandss.com.py\/index\/wp-json\/wp\/v2\/product\/75442","targetHints":{"allow":["GET"]}}],"collection":[{"href":"https:\/\/brandss.com.py\/index\/wp-json\/wp\/v2\/product"}],"about":[{"href":"https:\/\/brandss.com.py\/index\/wp-json\/wp\/v2\/types\/product"}],"replies":[{"embeddable":true,"href":"https:\/\/brandss.com.py\/index\/wp-json\/wp\/v2\/comments?post=75442"}],"version-history":[{"count":1,"href":"https:\/\/brandss.com.py\/index\/wp-json\/wp\/v2\/product\/75442\/revisions"}],"predecessor-version":[{"id":75452,"href":"https:\/\/brandss.com.py\/index\/wp-json\/wp\/v2\/product\/75442\/revisions\/75452"}],"wp:featuredmedia":[{"embeddable":true,"href":"https:\/\/brandss.com.py\/index\/wp-json\/wp\/v2\/media\/75443"}],"wp:attachment":[{"href":"https:\/\/brandss.com.py\/index\/wp-json\/wp\/v2\/media?parent=75442"}],"wp:term":[{"taxonomy":"product_brand","embeddable":true,"href":"https:\/\/brandss.com.py\/index\/wp-json\/wp\/v2\/product_brand?post=75442"},{"taxonomy":"product_cat","embeddable":true,"href":"https:\/\/brandss.com.py\/index\/wp-json\/wp\/v2\/product_cat?post=75442"},{"taxonomy":"product_tag","embeddable":true,"href":"https:\/\/brandss.com.py\/index\/wp-json\/wp\/v2\/product_tag?post=75442"}],"curies":[{"name":"wp","href":"https:\/\/api.w.org\/{rel}","templated":true}]}}