{"id":75463,"date":"2025-03-10T13:59:14","date_gmt":"2025-03-10T13:59:14","guid":{"rendered":"https:\/\/brandss.com.py\/index\/?post_type=product&#038;p=75463"},"modified":"2025-12-22T18:13:19","modified_gmt":"2025-12-22T18:13:19","slug":"locion-corporal-lg-on-the-body-cashmere-perfume-sweet-love-400ml","status":"publish","type":"product","link":"https:\/\/brandss.com.py\/index\/producto\/locion-corporal-lg-on-the-body-cashmere-perfume-sweet-love-400ml\/","title":{"rendered":"LOCI\u00d3N CORPORAL LG ON: THE BODY CASHMERE PERFUME SWEET LOVE 400ML"},"content":{"rendered":"<p><img loading=\"lazy\" decoding=\"async\" class=\"\" src=\"https:\/\/1000marcas.net\/wp-content\/uploads\/2020\/01\/LG-simbolo.jpg\" alt=\"LG Logo - s\u00edmbolo, significado logotipo, historia, PNG\" width=\"114\" height=\"64\" \/><\/p>\n<h1>SWEET LOVE<\/h1>\n<p>Esta rica loci\u00f3n humectante envuelve suavemente todo el cuerpo con suavidad y aromas florales duraderos. Reg\u00e1late unas vacaciones despu\u00e9s de salir de la ducha. Empieza tu d\u00eda con un agradable aroma. Una loci\u00f3n corporal perfumada tan suave como la cachemira, una dulce invitaci\u00f3n al placer sensual. Aporta a la piel tersura y suavidad, gracias a valiosos aceites (manteca de karit\u00e9, aceite de arg\u00e1n) y extractos de plantas en su composici\u00f3n. Proporciona una nutrici\u00f3n intensiva y duradera a la piel del cuerpo y un efecto hidratante duradero. La manteca de karit\u00e9, que forma parte de la loci\u00f3n, tiene un poderoso efecto suavizante, despierta los procesos de regeneraci\u00f3n profunda de la piel, estimula la s\u00edntesis de col\u00e1geno natural, restaura el color de la piel y sirve como un escudo confiable contra los efectos negativos de los rayos UV. El aceite de arg\u00e1n en la composici\u00f3n proporciona un cuidado integral de la piel, la revitaliza, la hidrata, la restaura y la protege, y tambi\u00e9n previene la aparici\u00f3n de signos del envejecimiento cut\u00e1neo.<\/p>\n<p>No contiene parabenos, sulfatos ni productos de origen animal.<\/p>\n<p>Un aroma delicado y duradero de fresia y almizcle.<\/p>\n<p><strong>Instrucciones: <\/strong><\/p>\n<p>Despu\u00e9s de la ducha, seque el agua y aplique uniformemente en todo el cuerpo.<\/p>\n","protected":false},"excerpt":{"rendered":"<p>SWEET LOVE Esta rica loci\u00f3n humectante envuelve suavemente todo el cuerpo con suavidad y aromas florales duraderos. Reg\u00e1late unas vacaciones<\/p>\n","protected":false},"featured_media":75466,"comment_status":"open","ping_status":"closed","template":"","meta":{"nf_dc_page":""},"product_brand":[427],"product_cat":[85],"product_tag":[431],"class_list":{"0":"post-75463","1":"product","2":"type-product","3":"status-publish","4":"has-post-thumbnail","6":"product_brand-lg","7":"product_cat-cosmeticos","8":"product_tag-431","10":"first","11":"instock","12":"shipping-taxable","13":"purchasable","14":"product-type-simple"},"_links":{"self":[{"href":"https:\/\/brandss.com.py\/index\/wp-json\/wp\/v2\/product\/75463","targetHints":{"allow":["GET"]}}],"collection":[{"href":"https:\/\/brandss.com.py\/index\/wp-json\/wp\/v2\/product"}],"about":[{"href":"https:\/\/brandss.com.py\/index\/wp-json\/wp\/v2\/types\/product"}],"replies":[{"embeddable":true,"href":"https:\/\/brandss.com.py\/index\/wp-json\/wp\/v2\/comments?post=75463"}],"version-history":[{"count":1,"href":"https:\/\/brandss.com.py\/index\/wp-json\/wp\/v2\/product\/75463\/revisions"}],"predecessor-version":[{"id":75479,"href":"https:\/\/brandss.com.py\/index\/wp-json\/wp\/v2\/product\/75463\/revisions\/75479"}],"wp:featuredmedia":[{"embeddable":true,"href":"https:\/\/brandss.com.py\/index\/wp-json\/wp\/v2\/media\/75466"}],"wp:attachment":[{"href":"https:\/\/brandss.com.py\/index\/wp-json\/wp\/v2\/media?parent=75463"}],"wp:term":[{"taxonomy":"product_brand","embeddable":true,"href":"https:\/\/brandss.com.py\/index\/wp-json\/wp\/v2\/product_brand?post=75463"},{"taxonomy":"product_cat","embeddable":true,"href":"https:\/\/brandss.com.py\/index\/wp-json\/wp\/v2\/product_cat?post=75463"},{"taxonomy":"product_tag","embeddable":true,"href":"https:\/\/brandss.com.py\/index\/wp-json\/wp\/v2\/product_tag?post=75463"}],"curies":[{"name":"wp","href":"https:\/\/api.w.org\/{rel}","templated":true}]}}